{"id":2379,"date":"2018-09-25T07:26:32","date_gmt":"2018-09-25T07:26:32","guid":{"rendered":"http:\/\/www.creative.travel\/?page_id=2379"},"modified":"2018-09-25T07:41:49","modified_gmt":"2018-09-25T07:41:49","slug":"creative-press","status":"publish","type":"page","link":"https:\/\/www.creative.travel\/pt-pt\/creative-press\/","title":{"rendered":"CREATIVE NA IMPRENSA"},"content":{"rendered":"<h3 style=\"text-align: center;\">\u201cUm exemplo brilhante de sucesso internacional e uma rara combina\u00e7\u00e3o de escala e propriedade familiar, aqui est\u00e1 tudo o que voc\u00ea precisa saber sobre o legado da Creative.\u201d &#8211; Rajeev Kohli, diretor executivo conjunto da Creative Travel.<\/h3>\n<p style=\"text-align: center;\"><strong>Leia a mat\u00e9ria na edi\u00e7\u00e3o de junho da M&amp;IT India na p\u00e1gina 18 &amp; 19<\/strong><\/p>\n<a href=\"http:\/\/bit.ly\/2KHpnSX\" target=\"_blank\" rel=\"noopener\"><img loading=\"lazy\" decoding=\"async\" class=\"aligncenter size-full wp-image-1671\" src=\"http:\/\/www.creative.travel\/wp-content\/uploads\/2018\/06\/Untitled-1.jpg\" alt=\"\" width=\"500\" height=\"547\" \/><\/a>\n<h3 style=\"text-align: center;\">\u201cNossos destinos precisam pensar como profissionais de marketing. Prosseguir com uma abordagem liderada pelo consumidor. Estou confiante de que isso far\u00e1 a diferen\u00e7a.\u201d &#8211; Rajeev Kohli, diretor executivo conjunto da Creative Travel.<\/h3>\n<p style=\"text-align: center;\"><strong>Ou\u00e7a do especialista &#8211; P\u00e1g. 12 e 13<\/strong><\/p>\n<a href=\"http:\/\/bit.ly\/2KHpnSX\" target=\"_blank\" rel=\"noopener\"><img loading=\"lazy\" decoding=\"async\" class=\"aligncenter size-full wp-image-1671\" src=\"http:\/\/www.creative.travel\/wp-content\/uploads\/2018\/05\/mice-march-2018-13.jpg\" alt=\"\" width=\"500\" height=\"547\" \/><\/a>\n<h3 style=\"text-align: center;\">O nosso diretor executivo conjunto, Rajeev Kohli, fala sobre como o MICE n\u00e3o s\u00e3o eventos de turismo, mas de neg\u00f3cios, e os quatro componentes que fazem este segmento.<\/h3>\n<p style=\"text-align: center;\"><strong>Leia a coluna de convidados na edi\u00e7\u00e3o de mar\u00e7o do #MICEINSIDERS<\/strong><\/p>\n<img loading=\"lazy\" decoding=\"async\" class=\"aligncenter size-full wp-image-1671\" src=\"http:\/\/www.creative.travel\/wp-content\/uploads\/2018\/04\/018.jpg\" alt=\"\" width=\"500\" height=\"547\" \/>\n<h3 style=\"text-align: center;\">\u201c\u00c9 hora de fazer uma pausa, respirar fundo e avaliar o que n\u00f3s, na ind\u00fastria de turismo indiano podemos estar fazendo de errado.&#8221; &#8211; D\u00ea uma olhada na coluna do nosso convidado, Rajeev Kohli, diretor executivo conjunto, na edi\u00e7\u00e3o de janeiro do Travel Trade Journal.<\/h3>\n<a href=\"http:\/\/www.traveltradejournal.com\/the-light-at-the-end-of-the-tunnel\/\" target=\"_blank\" rel=\"noopener\"><img loading=\"lazy\" decoding=\"async\" class=\"aligncenter size-full wp-image-1671\" src=\"http:\/\/www.creative.travel\/wp-content\/uploads\/2018\/04\/Page20.jpg\" alt=\"\" width=\"500\" height=\"547\" \/><\/a>\n<h3 style=\"text-align: center;\">Nosso diretor executivo conjunto, Rajeev Kohli, foi destaque na lista das 25 pessoas mais influentes do setor de incentivo de 2017.<\/h3>\n<a href=\"http:\/\/www.incentivemag.com\/news\/industry\/incentive-industry-25-most-influential-people-2017\/\" target=\"_blank\" rel=\"noopener\"><img loading=\"lazy\" decoding=\"async\" class=\"aligncenter size-full wp-image-1671\" src=\"http:\/\/www.creative.travel\/wp-content\/uploads\/2018\/04\/23659533_1941611472523641_5544712923254222837_n.jpg\" alt=\"\" width=\"500\" height=\"547\" \/><\/a>\n<p><!-- Old section--><\/p>\n<h3 style=\"text-align: center;\">Entrevista exclusiva com Rajeev Kohli, diretor executivo conjunto da Creative Travel<\/h3>\n<p style=\"text-align: center;\"><strong>24 de abril de 2016<\/strong><\/p>\n<a href=\"http:\/\/kongres-magazine.eu\/2016\/04\/exclusive-interview-rajeev-kohli-joint-managing-director-creative-travel\/\" target=\"_blank\" rel=\"noopener\"><img loading=\"lazy\" decoding=\"async\" class=\"aligncenter size-full wp-image-1671\" src=\"http:\/\/www.creative.travel\/wp-content\/uploads\/2018\/03\/kongress_exclusive-interview-rajeev.jpg\" alt=\"\" width=\"500\" height=\"547\" srcset=\"https:\/\/www.creative.travel\/wp-content\/uploads\/2018\/03\/kongress_exclusive-interview-rajeev.jpg 500w, https:\/\/www.creative.travel\/wp-content\/uploads\/2018\/03\/kongress_exclusive-interview-rajeev-274x300.jpg 274w\" sizes=\"auto, (max-width: 500px) 100vw, 500px\" \/><\/a>\n<h3 style=\"text-align: center;\">Destinos emergentes olham para o futuro<\/h3>\n<a href=\"https:\/\/www.facebook.com\/intoursmice\/photos\/pcb.966419066740886\/966417406741052\/?type=3&amp;theater\" target=\"_blank\" rel=\"noopener\"><img loading=\"lazy\" decoding=\"async\" class=\"aligncenter size-full wp-image-1677\" src=\"http:\/\/www.creative.travel\/wp-content\/uploads\/2018\/03\/emerging_destinations_rajeev.png\" alt=\"\" width=\"388\" height=\"786\" srcset=\"https:\/\/www.creative.travel\/wp-content\/uploads\/2018\/03\/emerging_destinations_rajeev.png 388w, https:\/\/www.creative.travel\/wp-content\/uploads\/2018\/03\/emerging_destinations_rajeev-148x300.png 148w\" sizes=\"auto, (max-width: 388px) 100vw, 388px\" \/><\/a>\n<h3 style=\"text-align: center;\">Rajeev Kohli, Presidente Eleito de 2015 para o SITE<\/h3>\n<a href=\"http:\/\/www.meetbizindia.com\/rajeev-kohli-elected-sites-2015-president-elect\/\" target=\"_blank\" rel=\"noopener\"><img loading=\"lazy\" decoding=\"async\" class=\"aligncenter size-full wp-image-1678\" src=\"http:\/\/www.creative.travel\/wp-content\/uploads\/2018\/03\/mt-rajeev-president-site.jpg\" alt=\"\" width=\"500\" height=\"547\" srcset=\"https:\/\/www.creative.travel\/wp-content\/uploads\/2018\/03\/mt-rajeev-president-site.jpg 500w, https:\/\/www.creative.travel\/wp-content\/uploads\/2018\/03\/mt-rajeev-president-site-274x300.jpg 274w\" sizes=\"auto, (max-width: 500px) 100vw, 500px\" \/><\/a>\n<h3 style=\"text-align: center;\">Um dia na vida de Rajeev Kohli, diretor executivo conjunto da Creative Travel<\/h3>\n<a href=\"http:\/\/www.travelbizmonitor.com\/A-Day-in-the-Life-of\/rajeev-kohli-joint-managing-director-creative-travel-24520\" target=\"_blank\" rel=\"noopener\"><img loading=\"lazy\" decoding=\"async\" class=\"aligncenter size-full wp-image-1679\" src=\"http:\/\/www.creative.travel\/wp-content\/uploads\/2018\/03\/travelbiz-dayinlife-rajeev.jpg\" alt=\"\" width=\"500\" height=\"1165\" srcset=\"https:\/\/www.creative.travel\/wp-content\/uploads\/2018\/03\/travelbiz-dayinlife-rajeev.jpg 500w, https:\/\/www.creative.travel\/wp-content\/uploads\/2018\/03\/travelbiz-dayinlife-rajeev-129x300.jpg 129w, https:\/\/www.creative.travel\/wp-content\/uploads\/2018\/03\/travelbiz-dayinlife-rajeev-439x1024.jpg 439w\" sizes=\"auto, (max-width: 500px) 100vw, 500px\" \/><\/a>\n<h3 style=\"text-align: center;\">A Creative vence 5 prestigiosos pr\u00eamios globais em outubro de 2015!<\/h3>\n<img loading=\"lazy\" decoding=\"async\" class=\"aligncenter size-full wp-image-1680\" src=\"http:\/\/www.creative.travel\/wp-content\/uploads\/2018\/03\/oct15C6.jpg\" alt=\"\" width=\"580\" height=\"177\" srcset=\"https:\/\/www.creative.travel\/wp-content\/uploads\/2018\/03\/oct15C6.jpg 580w, https:\/\/www.creative.travel\/wp-content\/uploads\/2018\/03\/oct15C6-300x92.jpg 300w\" sizes=\"auto, (max-width: 580px) 100vw, 580px\" \/>\n<ul>\n<li>Empresa L\u00edder em Gerenciamento de Destinos da \u00c1sia de 2015<\/li>\n<li>Empresa L\u00edder em Gerenciamento de Destinos da \u00cdndia de 2015<\/li>\n<li>Ag\u00eancia L\u00edder de Viagens de Luxo da \u00cdndia de 2015<\/li>\n<li>Melhor Ag\u00eancia de Viagens da \u00cdndia pelo TTG Asia de 2015<\/li>\n<li>Crystal Award do SITE de 2015<\/li>\n<\/ul>\n<h3 style=\"text-align: center;\">World Travel Awards de 2015<\/h3>\n<p>No dia\u00a0<b>30 de outubro<\/b>, em uma apresenta\u00e7\u00e3o brilhante na\u00a0<b>Cerim\u00f4nia de Gala de 2015 da World Travel Awards \u00c1sia &amp; Austral\u00e1sia em Hong Kong<\/b>, a Creative Travel se orgulha de ter sido premiada como \u00a0<b>&#8220;AsiEmpresa L\u00edder em Gerenciamento de Destinos da \u00c1sia&#8221;<\/b>(nossa 4\u00aa vit\u00f3ria),\u00a0<b>&#8220;Empresa L\u00edder em Gerenciamento de Destinos da \u00cdndia&#8221;<\/b>\u00a0(nossa 5\u00aa vit\u00f3ria) e <b>&#8220;Ag\u00eancia L\u00edder de Viagens de Luxo da \u00cdndia&#8221;<\/b>\u00a0(nossa 2\u00aa vit\u00f3ria) na Cerim\u00f4nia de Premia\u00e7\u00e3o do World Travel Awards de 2014. Aclamado como \u201cO Oscar da Ind\u00fastria de Viagens\u201d, o World Travel Awards comemora seu anivers\u00e1rio de 22 anos este ano e \u00e9 reconhecido no mundo todo como o maior prest\u00edgio de viagens e busca celebrar as marcas que est\u00e3o ultrapassando os limites da excel\u00eancia da ind\u00fastria. A cerim\u00f4nia de premia\u00e7\u00e3o contou com mais de 300 l\u00edderes da ind\u00fastria e dignit\u00e1rios por toda a \u00c1sia e o Pac\u00edfico.<\/p>\n<p><img loading=\"lazy\" decoding=\"async\" class=\"size-full wp-image-1684 aligncenter\" src=\"http:\/\/www.creative.travel\/wp-content\/uploads\/2018\/03\/oct15C1_1.jpg\" alt=\"\" width=\"700\" height=\"526\" srcset=\"https:\/\/www.creative.travel\/wp-content\/uploads\/2018\/03\/oct15C1_1.jpg 700w, https:\/\/www.creative.travel\/wp-content\/uploads\/2018\/03\/oct15C1_1-300x225.jpg 300w\" sizes=\"auto, (max-width: 700px) 100vw, 700px\" \/><br \/>\n<img loading=\"lazy\" decoding=\"async\" class=\"size-full wp-image-1685 aligncenter\" src=\"http:\/\/www.creative.travel\/wp-content\/uploads\/2018\/03\/oct15C5_1.jpg\" alt=\"\" width=\"526\" height=\"700\" srcset=\"https:\/\/www.creative.travel\/wp-content\/uploads\/2018\/03\/oct15C5_1.jpg 526w, https:\/\/www.creative.travel\/wp-content\/uploads\/2018\/03\/oct15C5_1-225x300.jpg 225w\" sizes=\"auto, (max-width: 526px) 100vw, 526px\" \/><br \/>\nO pr\u00eamio foi aceito pelo diretor de opera\u00e7\u00f5es da Creative, Sandeep Kapur.<\/p>\n<p><u><b><big><span style=\"font-size: small;\">A Creative Travel India ganha o seu 6\u00ba prestigiado Crystal Award do SITE por Excel\u00eancia na Ind\u00fastria de Incentivo<\/span><\/big><\/b><\/u><\/p>\n<p>Quer\u00edamos compartilhar \u00f3timas not\u00edcias. No dia <b>24 de outubro<\/b>, em Nova Deli, recebemos o <b>6\u00ba Crystal Award do SITE<\/b> para a Creative na Conferencia Global de 2015 do SITE (Sociedade para Excel\u00eancia em Viagens de Incentivo). Isso \u00e9 realmente uma grande honra para n\u00f3s, pois este \u00e9 o maior pr\u00eamio global na ind\u00fastria de incentivo e estamos orgulhosos de ter trazido a honra novamente para a \u00cdndia.<\/p>\n<img loading=\"lazy\" decoding=\"async\" class=\"size-full wp-image-1686 aligncenter\" src=\"http:\/\/www.creative.travel\/wp-content\/uploads\/2018\/03\/oct15C7_1.jpg\" alt=\"\" width=\"530\" height=\"353\" srcset=\"https:\/\/www.creative.travel\/wp-content\/uploads\/2018\/03\/oct15C7_1.jpg 530w, https:\/\/www.creative.travel\/wp-content\/uploads\/2018\/03\/oct15C7_1-300x200.jpg 300w\" sizes=\"auto, (max-width: 530px) 100vw, 530px\" \/>\n<p>Em 1980, o Site criou o Programa de Reconhecimento Crystal Awards como uma maneira de homenagear os principais profissionais que oferecem programas que conectam experi\u00eancias motivacionais a resultados de neg\u00f3cios s\u00f3lidos. Hoje, o Crystal Award serve como refer\u00eancia para programas do setor e \u00e9 considerado a maior honra do setor. O Site incentiva inscri\u00e7\u00f5es de todos os l\u00edderes e \u00e1reas do setor envolvidos no desenvolvimento e fornecimento de programas de melhoria de desempenho.<\/p>\n<img loading=\"lazy\" decoding=\"async\" class=\"size-full wp-image-1687 aligncenter\" src=\"http:\/\/www.creative.travel\/wp-content\/uploads\/2018\/03\/oct15C8_1.jpg\" alt=\"\" width=\"530\" height=\"353\" srcset=\"https:\/\/www.creative.travel\/wp-content\/uploads\/2018\/03\/oct15C8_1.jpg 530w, https:\/\/www.creative.travel\/wp-content\/uploads\/2018\/03\/oct15C8_1-300x200.jpg 300w\" sizes=\"auto, (max-width: 530px) 100vw, 530px\" \/>\n<p>Para ler mais sobre este premiado programa,\u00a0<a href=\"http:\/\/www.siteglobal.com\/p\/cm\/ld\/fid=478\" target=\"_blank\" rel=\"noopener\">visite este link<\/a><\/p>\n<p>O pr\u00eamio foi aceito por Afzal Saghir e Swapnil Jha de nossa equipe de incentivos junto com nosso parceiro do M\u00e9xico.<\/p>\n<p><big><u><b><span style=\"font-size: small;\">TTG Asia Travel Award de 2015<\/span><\/b><\/u><\/big><\/p>\n<p>No 26\u00ba Annual TTG Asia Travel Award, a Creative Travel recebeu o <b>5\u00ba pr\u00eamio de \u201cmelhor ag\u00eancia de viagem\u201d da \u00cdndia.<\/b><\/p>\n<img loading=\"lazy\" decoding=\"async\" class=\"size-full wp-image-1688 aligncenter\" src=\"http:\/\/www.creative.travel\/wp-content\/uploads\/2018\/03\/oct15C9_1.jpg\" alt=\"\" width=\"700\" height=\"394\" srcset=\"https:\/\/www.creative.travel\/wp-content\/uploads\/2018\/03\/oct15C9_1.jpg 700w, https:\/\/www.creative.travel\/wp-content\/uploads\/2018\/03\/oct15C9_1-300x169.jpg 300w\" sizes=\"auto, (max-width: 700px) 100vw, 700px\" \/>\n<p>No dia<b>1\u00ba de outubro<\/b>, em Bangkok, diante de uma ilustre audi\u00eancia de l\u00edderes tur\u00edsticos da \u00c1sia-Pac\u00edfico, pela 5\u00aa vez fomos votados pelos leitores das publica\u00e7\u00f5es TTG como a\u00a0<b>&#8220;Melhor Ag\u00eancia de Viagens da \u00cdndia&#8221;<\/b>\u00a0no 26\u00ba Annual TTG Travel Awards de 2015. O TTG Travel Awards reconhece o melhor da ind\u00fastria de viagens da \u00c1sia-Pac\u00edfico desde 1989. O TTG Travel Awards n\u00e3o apenas serve como refer\u00eancia para altos padr\u00f5es em toda a ind\u00fastria, mas tamb\u00e9m como uma trajet\u00f3ria para os avan\u00e7os do setor de viagens. O TTG Travel Agent Awards reconhece o melhor agente de viagens em sua respectiva categoria em termos de profissionalismo, excel\u00eancia em equipe e servi\u00e7os de melhor valor agregado ao cliente. Este prestigiado evento anual homenageia organiza\u00e7\u00f5es estelares e indiv\u00edduos em 4 categorias: Fornecedor de Viagens, Ag\u00eancia de Viagens, Conquistas Extraordin\u00e1rias e o Hall da Fama de Viagens. Este evento da TTG Travel Trade Publishing \u00e9 orgulhosamente organizado pela TTG Asia, com o apoio da TTG India, da TTG China, da TTGmice, da TTG-BTmiceChina e da TTG Asia Luxury.<\/p>\n<img loading=\"lazy\" decoding=\"async\" class=\"size-full wp-image-1689 aligncenter\" src=\"http:\/\/www.creative.travel\/wp-content\/uploads\/2018\/03\/oct15C10_1.jpg\" alt=\"\" width=\"700\" height=\"525\" srcset=\"https:\/\/www.creative.travel\/wp-content\/uploads\/2018\/03\/oct15C10_1.jpg 700w, https:\/\/www.creative.travel\/wp-content\/uploads\/2018\/03\/oct15C10_1-300x225.jpg 300w\" sizes=\"auto, (max-width: 700px) 100vw, 700px\" \/>\n<p>O pr\u00eamio foi aceito pelo diretor de opera\u00e7\u00f5es da Creative, Sandeep Kapur.<\/p>\n<h3 style=\"text-align: center;\">Creative Travel premiada como DMC l\u00edder da \u00cdndia no World Travel Awards<\/h3>\n<a href=\"https:\/\/www.youtube.com\/watch?v=3ZSSq1OXfTo\" target=\"_blank\" rel=\"noopener\"><img loading=\"lazy\" decoding=\"async\" class=\"aligncenter size-full wp-image-1682\" src=\"http:\/\/www.creative.travel\/wp-content\/uploads\/2018\/03\/wta_rohit.jpg\" alt=\"\" width=\"500\" height=\"440\" srcset=\"https:\/\/www.creative.travel\/wp-content\/uploads\/2018\/03\/wta_rohit.jpg 500w, https:\/\/www.creative.travel\/wp-content\/uploads\/2018\/03\/wta_rohit-300x264.jpg 300w\" sizes=\"auto, (max-width: 500px) 100vw, 500px\" \/><\/a>\n<h3 style=\"text-align: center;\">Creative Travel, primeira empresa do Sul da \u00c1sia a ganhar o Prestigioso CRYSTAL AWARD do Site por excel\u00eancia em Incentivos<\/h3>\n<img loading=\"lazy\" decoding=\"async\" class=\"size-full wp-image-1696 aligncenter\" src=\"http:\/\/www.creative.travel\/wp-content\/uploads\/2018\/03\/press_travelworld.jpg\" alt=\"\" width=\"500\" height=\"547\" srcset=\"https:\/\/www.creative.travel\/wp-content\/uploads\/2018\/03\/press_travelworld.jpg 500w, https:\/\/www.creative.travel\/wp-content\/uploads\/2018\/03\/press_travelworld-274x300.jpg 274w\" sizes=\"auto, (max-width: 500px) 100vw, 500px\" \/>\n<img loading=\"lazy\" decoding=\"async\" class=\"size-full wp-image-1697 aligncenter\" src=\"http:\/\/www.creative.travel\/wp-content\/uploads\/2018\/03\/press_travelbiz.jpg\" alt=\"\" width=\"500\" height=\"804\" srcset=\"https:\/\/www.creative.travel\/wp-content\/uploads\/2018\/03\/press_travelbiz.jpg 500w, https:\/\/www.creative.travel\/wp-content\/uploads\/2018\/03\/press_travelbiz-187x300.jpg 187w\" sizes=\"auto, (max-width: 500px) 100vw, 500px\" \/>\n<h3 style=\"text-align: center;\">A TIME Magazine mencionou a Creative Travel como \u201ca l\u00edder do setor de MICE na \u00cdndia\u201d<\/h3>\n<a href=\"http:\/\/www.creative.travel\/monthly_newsletters\/july08_time_article.pdf\" target=\"_blank\" rel=\"noopener\"><img loading=\"lazy\" decoding=\"async\" class=\"size-full wp-image-1700 aligncenter\" src=\"http:\/\/www.creative.travel\/wp-content\/uploads\/2018\/03\/july08_time_article_icon.jpg\" alt=\"\" width=\"150\" height=\"118\" \/><\/a>\n","protected":false},"excerpt":{"rendered":"<p>\u201cUm exemplo brilhante de sucesso internacional e uma rara combina\u00e7\u00e3o de escala e propriedade familiar, aqui est\u00e1 tudo o que voc\u00ea precisa saber sobre o legado da Creative.\u201d &#8211; Rajeev Kohli, diretor executivo conjunto da Creative Travel. Leia a mat\u00e9ria na edi\u00e7\u00e3o de junho da M&amp;IT India na p\u00e1gina 18 &amp; 19 \u201cNossos destinos precisam &hellip; <a href=\"https:\/\/www.creative.travel\/pt-pt\/creative-press\/\" class=\"more-link\">Continuar a ler<span class=\"screen-reader-text\">CREATIVE NA IMPRENSA<\/span> <span class=\"meta-nav\">&rarr;<\/span><\/a><\/p>\n","protected":false},"author":3,"featured_media":0,"parent":0,"menu_order":0,"comment_status":"closed","ping_status":"closed","template":"","meta":{"_acf_changed":false,"footnotes":""},"class_list":["post-2379","page","type-page","status-publish","hentry"],"acf":[],"yoast_head":"<!-- This site is optimized with the Yoast SEO plugin v25.5 - https:\/\/yoast.com\/wordpress\/plugins\/seo\/ -->\n<title>CREATIVE NA IMPRENSA - Creative Travel I A family story since 1977<\/title>\n<meta name=\"robots\" content=\"index, follow, max-snippet:-1, max-image-preview:large, max-video-preview:-1\" \/>\n<link rel=\"canonical\" href=\"https:\/\/www.creative.travel\/pt-pt\/creative-press\/\" \/>\n<meta property=\"og:locale\" content=\"pt_PT\" \/>\n<meta property=\"og:type\" content=\"article\" \/>\n<meta property=\"og:title\" content=\"CREATIVE NA IMPRENSA - Creative Travel I A family story since 1977\" \/>\n<meta property=\"og:description\" content=\"\u201cUm exemplo brilhante de sucesso internacional e uma rara combina\u00e7\u00e3o de escala e propriedade familiar, aqui est\u00e1 tudo o que voc\u00ea precisa saber sobre o legado da Creative.\u201d &#8211; Rajeev Kohli, diretor executivo conjunto da Creative Travel. Leia a mat\u00e9ria na edi\u00e7\u00e3o de junho da M&amp;IT India na p\u00e1gina 18 &amp; 19 \u201cNossos destinos precisam &hellip; Continuar a lerCREATIVE NA IMPRENSA &rarr;\" \/>\n<meta property=\"og:url\" content=\"https:\/\/www.creative.travel\/pt-pt\/creative-press\/\" \/>\n<meta property=\"og:site_name\" content=\"Creative Travel I A family story since 1977\" \/>\n<meta property=\"article:modified_time\" content=\"2018-09-25T07:41:49+00:00\" \/>\n<meta property=\"og:image\" content=\"http:\/\/www.creative.travel\/wp-content\/uploads\/2018\/06\/Untitled-1.jpg\" \/>\n<meta name=\"twitter:card\" content=\"summary_large_image\" \/>\n<meta name=\"twitter:label1\" content=\"Tempo estimado de leitura\" \/>\n\t<meta name=\"twitter:data1\" content=\"5 minutos\" \/>\n<script type=\"application\/ld+json\" class=\"yoast-schema-graph\">{\"@context\":\"https:\/\/schema.org\",\"@graph\":[{\"@type\":\"WebPage\",\"@id\":\"https:\/\/www.creative.travel\/pt-pt\/creative-press\/\",\"url\":\"https:\/\/www.creative.travel\/pt-pt\/creative-press\/\",\"name\":\"CREATIVE NA IMPRENSA - Creative Travel I A family story since 1977\",\"isPartOf\":{\"@id\":\"https:\/\/www.creative.travel\/es\/#website\"},\"primaryImageOfPage\":{\"@id\":\"https:\/\/www.creative.travel\/pt-pt\/creative-press\/#primaryimage\"},\"image\":{\"@id\":\"https:\/\/www.creative.travel\/pt-pt\/creative-press\/#primaryimage\"},\"thumbnailUrl\":\"http:\/\/www.creative.travel\/wp-content\/uploads\/2018\/06\/Untitled-1.jpg\",\"datePublished\":\"2018-09-25T07:26:32+00:00\",\"dateModified\":\"2018-09-25T07:41:49+00:00\",\"breadcrumb\":{\"@id\":\"https:\/\/www.creative.travel\/pt-pt\/creative-press\/#breadcrumb\"},\"inLanguage\":\"pt-PT\",\"potentialAction\":[{\"@type\":\"ReadAction\",\"target\":[\"https:\/\/www.creative.travel\/pt-pt\/creative-press\/\"]}]},{\"@type\":\"ImageObject\",\"inLanguage\":\"pt-PT\",\"@id\":\"https:\/\/www.creative.travel\/pt-pt\/creative-press\/#primaryimage\",\"url\":\"http:\/\/www.creative.travel\/wp-content\/uploads\/2018\/06\/Untitled-1.jpg\",\"contentUrl\":\"http:\/\/www.creative.travel\/wp-content\/uploads\/2018\/06\/Untitled-1.jpg\"},{\"@type\":\"BreadcrumbList\",\"@id\":\"https:\/\/www.creative.travel\/pt-pt\/creative-press\/#breadcrumb\",\"itemListElement\":[{\"@type\":\"ListItem\",\"position\":1,\"name\":\"Home\",\"item\":\"https:\/\/www.creative.travel\/pt-pt\/\"},{\"@type\":\"ListItem\",\"position\":2,\"name\":\"CREATIVE NA IMPRENSA\"}]},{\"@type\":\"WebSite\",\"@id\":\"https:\/\/www.creative.travel\/es\/#website\",\"url\":\"https:\/\/www.creative.travel\/es\/\",\"name\":\"Creative Travel I A family story since 1977\",\"description\":\"\",\"potentialAction\":[{\"@type\":\"SearchAction\",\"target\":{\"@type\":\"EntryPoint\",\"urlTemplate\":\"https:\/\/www.creative.travel\/es\/?s={search_term_string}\"},\"query-input\":{\"@type\":\"PropertyValueSpecification\",\"valueRequired\":true,\"valueName\":\"search_term_string\"}}],\"inLanguage\":\"pt-PT\"}]}<\/script>\n<!-- \/ Yoast SEO plugin. -->","yoast_head_json":{"title":"CREATIVE NA IMPRENSA - Creative Travel I A family story since 1977","robots":{"index":"index","follow":"follow","max-snippet":"max-snippet:-1","max-image-preview":"max-image-preview:large","max-video-preview":"max-video-preview:-1"},"canonical":"https:\/\/www.creative.travel\/pt-pt\/creative-press\/","og_locale":"pt_PT","og_type":"article","og_title":"CREATIVE NA IMPRENSA - Creative Travel I A family story since 1977","og_description":"\u201cUm exemplo brilhante de sucesso internacional e uma rara combina\u00e7\u00e3o de escala e propriedade familiar, aqui est\u00e1 tudo o que voc\u00ea precisa saber sobre o legado da Creative.\u201d &#8211; Rajeev Kohli, diretor executivo conjunto da Creative Travel. Leia a mat\u00e9ria na edi\u00e7\u00e3o de junho da M&amp;IT India na p\u00e1gina 18 &amp; 19 \u201cNossos destinos precisam &hellip; Continuar a lerCREATIVE NA IMPRENSA &rarr;","og_url":"https:\/\/www.creative.travel\/pt-pt\/creative-press\/","og_site_name":"Creative Travel I A family story since 1977","article_modified_time":"2018-09-25T07:41:49+00:00","og_image":[{"url":"http:\/\/www.creative.travel\/wp-content\/uploads\/2018\/06\/Untitled-1.jpg","type":"","width":"","height":""}],"twitter_card":"summary_large_image","twitter_misc":{"Tempo estimado de leitura":"5 minutos"},"schema":{"@context":"https:\/\/schema.org","@graph":[{"@type":"WebPage","@id":"https:\/\/www.creative.travel\/pt-pt\/creative-press\/","url":"https:\/\/www.creative.travel\/pt-pt\/creative-press\/","name":"CREATIVE NA IMPRENSA - Creative Travel I A family story since 1977","isPartOf":{"@id":"https:\/\/www.creative.travel\/es\/#website"},"primaryImageOfPage":{"@id":"https:\/\/www.creative.travel\/pt-pt\/creative-press\/#primaryimage"},"image":{"@id":"https:\/\/www.creative.travel\/pt-pt\/creative-press\/#primaryimage"},"thumbnailUrl":"http:\/\/www.creative.travel\/wp-content\/uploads\/2018\/06\/Untitled-1.jpg","datePublished":"2018-09-25T07:26:32+00:00","dateModified":"2018-09-25T07:41:49+00:00","breadcrumb":{"@id":"https:\/\/www.creative.travel\/pt-pt\/creative-press\/#breadcrumb"},"inLanguage":"pt-PT","potentialAction":[{"@type":"ReadAction","target":["https:\/\/www.creative.travel\/pt-pt\/creative-press\/"]}]},{"@type":"ImageObject","inLanguage":"pt-PT","@id":"https:\/\/www.creative.travel\/pt-pt\/creative-press\/#primaryimage","url":"http:\/\/www.creative.travel\/wp-content\/uploads\/2018\/06\/Untitled-1.jpg","contentUrl":"http:\/\/www.creative.travel\/wp-content\/uploads\/2018\/06\/Untitled-1.jpg"},{"@type":"BreadcrumbList","@id":"https:\/\/www.creative.travel\/pt-pt\/creative-press\/#breadcrumb","itemListElement":[{"@type":"ListItem","position":1,"name":"Home","item":"https:\/\/www.creative.travel\/pt-pt\/"},{"@type":"ListItem","position":2,"name":"CREATIVE NA IMPRENSA"}]},{"@type":"WebSite","@id":"https:\/\/www.creative.travel\/es\/#website","url":"https:\/\/www.creative.travel\/es\/","name":"Creative Travel I A family story since 1977","description":"","potentialAction":[{"@type":"SearchAction","target":{"@type":"EntryPoint","urlTemplate":"https:\/\/www.creative.travel\/es\/?s={search_term_string}"},"query-input":{"@type":"PropertyValueSpecification","valueRequired":true,"valueName":"search_term_string"}}],"inLanguage":"pt-PT"}]}},"_links":{"self":[{"href":"https:\/\/www.creative.travel\/pt-pt\/wp-json\/wp\/v2\/pages\/2379","targetHints":{"allow":["GET"]}}],"collection":[{"href":"https:\/\/www.creative.travel\/pt-pt\/wp-json\/wp\/v2\/pages"}],"about":[{"href":"https:\/\/www.creative.travel\/pt-pt\/wp-json\/wp\/v2\/types\/page"}],"author":[{"embeddable":true,"href":"https:\/\/www.creative.travel\/pt-pt\/wp-json\/wp\/v2\/users\/3"}],"replies":[{"embeddable":true,"href":"https:\/\/www.creative.travel\/pt-pt\/wp-json\/wp\/v2\/comments?post=2379"}],"version-history":[{"count":4,"href":"https:\/\/www.creative.travel\/pt-pt\/wp-json\/wp\/v2\/pages\/2379\/revisions"}],"predecessor-version":[{"id":2384,"href":"https:\/\/www.creative.travel\/pt-pt\/wp-json\/wp\/v2\/pages\/2379\/revisions\/2384"}],"wp:attachment":[{"href":"https:\/\/www.creative.travel\/pt-pt\/wp-json\/wp\/v2\/media?parent=2379"}],"curies":[{"name":"wp","href":"https:\/\/api.w.org\/{rel}","templated":true}]}}