{"id":1503,"date":"2017-05-30T12:57:35","date_gmt":"2017-05-30T12:57:35","guid":{"rendered":"http:\/\/www.creative.travel\/who-we-are\/on-being-creative\/"},"modified":"2018-02-08T09:47:53","modified_gmt":"2018-02-08T09:47:53","slug":"on-being-creative","status":"publish","type":"page","link":"https:\/\/www.creative.travel\/pt-pt\/on-being-creative\/","title":{"rendered":"Ao ser criativo"},"content":{"rendered":"<p>O que diferencia o criativo? O que nos torna um parceiro preferencial para algumas das melhores marcas de viagens no mundo?<\/p>\n<p>Temos em primeira m\u00e3o profundas experi\u00eancias da \u00cdndia, Nepal, But\u00e3o, Sri Lanka, Tibet e as Maldivas. N\u00f3s temos habilidades multifacetadas igualadas por poucos e preferimos trabalhar com empresas de viagens e profissionais. N\u00e3o perseguimos viajantes diretamente.<\/p>\n<p>Posicionamo-nos como consultores e assessores de viagem. Nosso papel \u00e9 coincidir o nosso conhecimento com as suas necessidades e criar os produtos certos para vender. Nossos especialistas dedicados projetam jornadas personalizadas com suas especifica\u00e7\u00f5es em mente para garantir as experi\u00eancias de sua vida. Somos flex\u00edveis para as necessidades de nossos parceiros.<\/p>\n<p>Nossa declara\u00e7\u00e3o de miss\u00e3o foi escrita coletivamente por membros da equipe da Creative Travel e nos apoiamos em cada palavra com orgulho: \u201cOs fundamentos das nossas empresas baseiam-se em sermos criativos, inovadores e confi\u00e1veis em tudo o que pudermos fazer por nossos parceiros em todo o mundo. Estamos orgulhosos do nosso patrim\u00f4nio hist\u00f3rico, cultural e social e trabalhamos para mostrar isso da forma mais envolvente e honesta poss\u00edvel. Nosso objetivo \u00e9 exceder as expectativas dos nossos clientes e garantir que voltem para casa continuamente como embaixadores da nossa regi\u00e3o.\u201d<\/p>\n<p>Nossa maior habilidade situa-se no nosso desejo de apresentar o sul da \u00c1sia atrav\u00e9s de experi\u00eancias que mostram o batimento card\u00edaco de uma cultura viva e vibrante. Nossas viagens caracter\u00edsticas e de experi\u00eancias \u00fanicas n\u00e3o s\u00e3o oferecidas por outros.. &#8211; quer seja para umas f\u00e9rias de bem-estar, uma jornada espiritual, uma explora\u00e7\u00e3o de culin\u00e1ria ou uma aventura de vida selvagem. Isto \u00e9 fundamental para todos os programas que n\u00f3s projetamos.<\/p>\n<p>Estamos empenhados em garantir que tudo o que entregamos seja preenchido com nosso amor e o orgulho que sentimos pelos pa\u00edses que cobrimos. Temos orgulho de nossa equipe diversificada de mais de 150, a espinha dorsal de nosso sistema. De nossos membros da equipe de opera\u00e7\u00f5es aos nossos motoristas e guias, todos e cada um \u00e9 motivado por um desejo de fazer o seu melhor. Nosso trabalho \u00e9 fazer o seu trabalho como um viajante profissional t\u00e3o f\u00e1cil quanto seja poss\u00edvel. N\u00f3s primamos em tempos de respostas r\u00e1pidas em propostas, detalhando conte\u00fados, a precis\u00e3o em termos e a competitividade nos pre\u00e7os.<\/p>\n<p>Todos os nossos guias passam por um rigoroso processo de habilita\u00e7\u00e3o. Cada motorista que usamos \u00e9 especializado na manipula\u00e7\u00e3o de viajantes internacionais. Todos os nossos representantes da linha da frente t\u00eam experi\u00eancia de manipula\u00e7\u00e3o de extensos coment\u00e1rios. Afinal de contas, percebemos que o elemento mais importante em qualquer tour s\u00e3o as pessoas que recepcionam o convidado ao pisar no ch\u00e3o.<\/p>\n<p>Reconhecemos que temos de ser flex\u00edveis quanto \u00e0 pre\u00e7os, pois todos os viajantes tem um or\u00e7amento diferente. Estamos comprometidos com nossos parceiros para nunca cair em um pre\u00e7o apenas para come\u00e7ar o neg\u00f3cio, mas para assegurar que ofereceremos um equil\u00edbrio entre qualidade e valor. Ajudar a garantir que voc\u00ea retenha seu cliente para a sua pr\u00f3xima viagem \u00e9 a nossa contribui\u00e7\u00e3o para a nossa rela\u00e7\u00e3o.<\/p>\n<p>Acreditamos que o neg\u00f3cio seja sobre a constru\u00e7\u00e3o de relacionamentos. Somos conhecidos pela nossa integridade e lealdade. N\u00f3s prometemos ficar por voc\u00ea, nosso parceiro e acreditamos que o apoio de nossos parceiros deve vir a qualquer custo. Isto \u00e9 um pouco do que nos faz diferentes.<\/p>\n","protected":false},"excerpt":{"rendered":"<p>O que diferencia o criativo? O que nos torna um parceiro preferencial para algumas das melhores marcas de viagens no mundo? Temos em primeira m\u00e3o profundas experi\u00eancias da \u00cdndia, Nepal, But\u00e3o, Sri Lanka, Tibet e as Maldivas. N\u00f3s temos habilidades multifacetadas igualadas por poucos e preferimos trabalhar com empresas de viagens e profissionais. N\u00e3o perseguimos &hellip; <a href=\"https:\/\/www.creative.travel\/pt-pt\/on-being-creative\/\" class=\"more-link\">Continuar a ler<span class=\"screen-reader-text\">Ao ser criativo<\/span> <span class=\"meta-nav\">&rarr;<\/span><\/a><\/p>\n","protected":false},"author":3,"featured_media":217,"parent":0,"menu_order":98,"comment_status":"closed","ping_status":"closed","template":"on-being-creative-tem.php","meta":{"_acf_changed":false,"footnotes":""},"class_list":["post-1503","page","type-page","status-publish","has-post-thumbnail","hentry"],"acf":[],"yoast_head":"<!-- This site is optimized with the Yoast SEO plugin v25.5 - https:\/\/yoast.com\/wordpress\/plugins\/seo\/ -->\n<title>Ao ser criativo - Creative Travel I A family story since 1977<\/title>\n<meta name=\"robots\" content=\"index, follow, max-snippet:-1, max-image-preview:large, max-video-preview:-1\" \/>\n<link rel=\"canonical\" href=\"https:\/\/www.creative.travel\/pt-pt\/on-being-creative\/\" \/>\n<meta property=\"og:locale\" content=\"pt_PT\" \/>\n<meta property=\"og:type\" content=\"article\" \/>\n<meta property=\"og:title\" content=\"Ao ser criativo - Creative Travel I A family story since 1977\" \/>\n<meta property=\"og:description\" content=\"O que diferencia o criativo? O que nos torna um parceiro preferencial para algumas das melhores marcas de viagens no mundo? Temos em primeira m\u00e3o profundas experi\u00eancias da \u00cdndia, Nepal, But\u00e3o, Sri Lanka, Tibet e as Maldivas. N\u00f3s temos habilidades multifacetadas igualadas por poucos e preferimos trabalhar com empresas de viagens e profissionais. N\u00e3o perseguimos &hellip; Continuar a lerAo ser criativo &rarr;\" \/>\n<meta property=\"og:url\" content=\"https:\/\/www.creative.travel\/pt-pt\/on-being-creative\/\" \/>\n<meta property=\"og:site_name\" content=\"Creative Travel I A family story since 1977\" \/>\n<meta property=\"article:modified_time\" content=\"2018-02-08T09:47:53+00:00\" \/>\n<meta property=\"og:image\" content=\"https:\/\/www.creative.travel\/wp-content\/uploads\/2017\/05\/Creative-Travel_team.jpg\" \/>\n\t<meta property=\"og:image:width\" content=\"1366\" \/>\n\t<meta property=\"og:image:height\" content=\"768\" \/>\n\t<meta property=\"og:image:type\" content=\"image\/jpeg\" \/>\n<meta name=\"twitter:card\" content=\"summary_large_image\" \/>\n<meta name=\"twitter:label1\" content=\"Tempo estimado de leitura\" \/>\n\t<meta name=\"twitter:data1\" content=\"3 minutos\" \/>\n<script type=\"application\/ld+json\" class=\"yoast-schema-graph\">{\"@context\":\"https:\/\/schema.org\",\"@graph\":[{\"@type\":\"WebPage\",\"@id\":\"https:\/\/www.creative.travel\/pt-pt\/on-being-creative\/\",\"url\":\"https:\/\/www.creative.travel\/pt-pt\/on-being-creative\/\",\"name\":\"Ao ser criativo - Creative Travel I A family story since 1977\",\"isPartOf\":{\"@id\":\"https:\/\/www.creative.travel\/es\/#website\"},\"primaryImageOfPage\":{\"@id\":\"https:\/\/www.creative.travel\/pt-pt\/on-being-creative\/#primaryimage\"},\"image\":{\"@id\":\"https:\/\/www.creative.travel\/pt-pt\/on-being-creative\/#primaryimage\"},\"thumbnailUrl\":\"https:\/\/www.creative.travel\/wp-content\/uploads\/2017\/05\/Creative-Travel_team.jpg\",\"datePublished\":\"2017-05-30T12:57:35+00:00\",\"dateModified\":\"2018-02-08T09:47:53+00:00\",\"breadcrumb\":{\"@id\":\"https:\/\/www.creative.travel\/pt-pt\/on-being-creative\/#breadcrumb\"},\"inLanguage\":\"pt-PT\",\"potentialAction\":[{\"@type\":\"ReadAction\",\"target\":[\"https:\/\/www.creative.travel\/pt-pt\/on-being-creative\/\"]}]},{\"@type\":\"ImageObject\",\"inLanguage\":\"pt-PT\",\"@id\":\"https:\/\/www.creative.travel\/pt-pt\/on-being-creative\/#primaryimage\",\"url\":\"https:\/\/www.creative.travel\/wp-content\/uploads\/2017\/05\/Creative-Travel_team.jpg\",\"contentUrl\":\"https:\/\/www.creative.travel\/wp-content\/uploads\/2017\/05\/Creative-Travel_team.jpg\",\"width\":1366,\"height\":768,\"caption\":\"Creatively Yours, the team at Creative Travel\"},{\"@type\":\"BreadcrumbList\",\"@id\":\"https:\/\/www.creative.travel\/pt-pt\/on-being-creative\/#breadcrumb\",\"itemListElement\":[{\"@type\":\"ListItem\",\"position\":1,\"name\":\"Home\",\"item\":\"https:\/\/www.creative.travel\/pt-pt\/\"},{\"@type\":\"ListItem\",\"position\":2,\"name\":\"Ao ser criativo\"}]},{\"@type\":\"WebSite\",\"@id\":\"https:\/\/www.creative.travel\/es\/#website\",\"url\":\"https:\/\/www.creative.travel\/es\/\",\"name\":\"Creative Travel I A family story since 1977\",\"description\":\"\",\"potentialAction\":[{\"@type\":\"SearchAction\",\"target\":{\"@type\":\"EntryPoint\",\"urlTemplate\":\"https:\/\/www.creative.travel\/es\/?s={search_term_string}\"},\"query-input\":{\"@type\":\"PropertyValueSpecification\",\"valueRequired\":true,\"valueName\":\"search_term_string\"}}],\"inLanguage\":\"pt-PT\"}]}<\/script>\n<!-- \/ Yoast SEO plugin. -->","yoast_head_json":{"title":"Ao ser criativo - Creative Travel I A family story since 1977","robots":{"index":"index","follow":"follow","max-snippet":"max-snippet:-1","max-image-preview":"max-image-preview:large","max-video-preview":"max-video-preview:-1"},"canonical":"https:\/\/www.creative.travel\/pt-pt\/on-being-creative\/","og_locale":"pt_PT","og_type":"article","og_title":"Ao ser criativo - Creative Travel I A family story since 1977","og_description":"O que diferencia o criativo? O que nos torna um parceiro preferencial para algumas das melhores marcas de viagens no mundo? Temos em primeira m\u00e3o profundas experi\u00eancias da \u00cdndia, Nepal, But\u00e3o, Sri Lanka, Tibet e as Maldivas. N\u00f3s temos habilidades multifacetadas igualadas por poucos e preferimos trabalhar com empresas de viagens e profissionais. N\u00e3o perseguimos &hellip; Continuar a lerAo ser criativo &rarr;","og_url":"https:\/\/www.creative.travel\/pt-pt\/on-being-creative\/","og_site_name":"Creative Travel I A family story since 1977","article_modified_time":"2018-02-08T09:47:53+00:00","og_image":[{"width":1366,"height":768,"url":"https:\/\/www.creative.travel\/wp-content\/uploads\/2017\/05\/Creative-Travel_team.jpg","type":"image\/jpeg"}],"twitter_card":"summary_large_image","twitter_misc":{"Tempo estimado de leitura":"3 minutos"},"schema":{"@context":"https:\/\/schema.org","@graph":[{"@type":"WebPage","@id":"https:\/\/www.creative.travel\/pt-pt\/on-being-creative\/","url":"https:\/\/www.creative.travel\/pt-pt\/on-being-creative\/","name":"Ao ser criativo - Creative Travel I A family story since 1977","isPartOf":{"@id":"https:\/\/www.creative.travel\/es\/#website"},"primaryImageOfPage":{"@id":"https:\/\/www.creative.travel\/pt-pt\/on-being-creative\/#primaryimage"},"image":{"@id":"https:\/\/www.creative.travel\/pt-pt\/on-being-creative\/#primaryimage"},"thumbnailUrl":"https:\/\/www.creative.travel\/wp-content\/uploads\/2017\/05\/Creative-Travel_team.jpg","datePublished":"2017-05-30T12:57:35+00:00","dateModified":"2018-02-08T09:47:53+00:00","breadcrumb":{"@id":"https:\/\/www.creative.travel\/pt-pt\/on-being-creative\/#breadcrumb"},"inLanguage":"pt-PT","potentialAction":[{"@type":"ReadAction","target":["https:\/\/www.creative.travel\/pt-pt\/on-being-creative\/"]}]},{"@type":"ImageObject","inLanguage":"pt-PT","@id":"https:\/\/www.creative.travel\/pt-pt\/on-being-creative\/#primaryimage","url":"https:\/\/www.creative.travel\/wp-content\/uploads\/2017\/05\/Creative-Travel_team.jpg","contentUrl":"https:\/\/www.creative.travel\/wp-content\/uploads\/2017\/05\/Creative-Travel_team.jpg","width":1366,"height":768,"caption":"Creatively Yours, the team at Creative Travel"},{"@type":"BreadcrumbList","@id":"https:\/\/www.creative.travel\/pt-pt\/on-being-creative\/#breadcrumb","itemListElement":[{"@type":"ListItem","position":1,"name":"Home","item":"https:\/\/www.creative.travel\/pt-pt\/"},{"@type":"ListItem","position":2,"name":"Ao ser criativo"}]},{"@type":"WebSite","@id":"https:\/\/www.creative.travel\/es\/#website","url":"https:\/\/www.creative.travel\/es\/","name":"Creative Travel I A family story since 1977","description":"","potentialAction":[{"@type":"SearchAction","target":{"@type":"EntryPoint","urlTemplate":"https:\/\/www.creative.travel\/es\/?s={search_term_string}"},"query-input":{"@type":"PropertyValueSpecification","valueRequired":true,"valueName":"search_term_string"}}],"inLanguage":"pt-PT"}]}},"_links":{"self":[{"href":"https:\/\/www.creative.travel\/pt-pt\/wp-json\/wp\/v2\/pages\/1503","targetHints":{"allow":["GET"]}}],"collection":[{"href":"https:\/\/www.creative.travel\/pt-pt\/wp-json\/wp\/v2\/pages"}],"about":[{"href":"https:\/\/www.creative.travel\/pt-pt\/wp-json\/wp\/v2\/types\/page"}],"author":[{"embeddable":true,"href":"https:\/\/www.creative.travel\/pt-pt\/wp-json\/wp\/v2\/users\/3"}],"replies":[{"embeddable":true,"href":"https:\/\/www.creative.travel\/pt-pt\/wp-json\/wp\/v2\/comments?post=1503"}],"version-history":[{"count":3,"href":"https:\/\/www.creative.travel\/pt-pt\/wp-json\/wp\/v2\/pages\/1503\/revisions"}],"predecessor-version":[{"id":1506,"href":"https:\/\/www.creative.travel\/pt-pt\/wp-json\/wp\/v2\/pages\/1503\/revisions\/1506"}],"wp:featuredmedia":[{"embeddable":true,"href":"https:\/\/www.creative.travel\/pt-pt\/wp-json\/wp\/v2\/media\/217"}],"wp:attachment":[{"href":"https:\/\/www.creative.travel\/pt-pt\/wp-json\/wp\/v2\/media?parent=1503"}],"curies":[{"name":"wp","href":"https:\/\/api.w.org\/{rel}","templated":true}]}}