{"id":1211,"date":"2017-05-30T12:58:42","date_gmt":"2017-05-30T12:58:42","guid":{"rendered":"http:\/\/www.creative.travel\/who-we-are\/things-that-make-us-proud\/"},"modified":"2018-02-08T08:20:50","modified_gmt":"2018-02-08T08:20:50","slug":"things-that-make-us-proud","status":"publish","type":"page","link":"https:\/\/www.creative.travel\/pt-pt\/who-we-are\/things-that-make-us-proud\/","title":{"rendered":"Coisas que nos deixam orgulhosas"},"content":{"rendered":"<p>Nossa equipe tem trabalhado duro para crescer de for\u00e7a \u00e0 for\u00e7a. Ganhamos nosso primeiro pr\u00eamio nacional em 1979 e hoje surgiu para sermos reconhecido pelos gostos de World Travel Awards 17 Vezes, como Empresa de Gerenciamento de Destinos L\u00edder da \u00c1sia, Empresa de Gerenciamento de Destinos L\u00edder da \u00cdndia, bem como a Ag\u00eancia de Luxo L\u00edder da \u00cdndia. A nossa equipe de especialistas de incentivos em manipula\u00e7\u00e3o de incentivos ganhou a maioria dos SITE Crystal Awards na \u00c1sia. Os pr\u00eamios nacionais de turismo s\u00e3o algo que nos foi agraciados em mais de 15 vezes. Todos estes s\u00e3o uma indica\u00e7\u00e3o da paix\u00e3o que cada um dos membros de nossa equipe tem em tudo que fazemos.<\/p>\n<p>Creative Travel \u00e9 hoje o time do Sul da \u00c1sia mais premiado e reconhecido em Equipe de Incentivos &amp; Reuni\u00f5es. Temos mais de 60 pr\u00eamios e reconhecimentos que foram um resultado da paix\u00e3o das pessoas que trabalham para n\u00f3s. Algumas de nossas outras honrarias &amp; felicita\u00e7\u00f5es incluem:<\/p>\n","protected":false},"excerpt":{"rendered":"<p>Nossa equipe tem trabalhado duro para crescer de for\u00e7a \u00e0 for\u00e7a. Ganhamos nosso primeiro pr\u00eamio nacional em 1979 e hoje surgiu para sermos reconhecido pelos gostos de World Travel Awards 17 Vezes, como Empresa de Gerenciamento de Destinos L\u00edder da \u00c1sia, Empresa de Gerenciamento de Destinos L\u00edder da \u00cdndia, bem como a Ag\u00eancia de Luxo &hellip; <a href=\"https:\/\/www.creative.travel\/pt-pt\/who-we-are\/things-that-make-us-proud\/\" class=\"more-link\">Continuar a ler<span class=\"screen-reader-text\">Coisas que nos deixam orgulhosas<\/span> <span class=\"meta-nav\">&rarr;<\/span><\/a><\/p>\n","protected":false},"author":3,"featured_media":0,"parent":1191,"menu_order":108,"comment_status":"closed","ping_status":"closed","template":"make-us-proud-template.php","meta":{"_acf_changed":false,"footnotes":""},"class_list":["post-1211","page","type-page","status-publish","hentry"],"acf":[],"yoast_head":"<!-- This site is optimized with the Yoast SEO plugin v25.5 - https:\/\/yoast.com\/wordpress\/plugins\/seo\/ -->\n<title>Coisas que nos deixam orgulhosas - Creative Travel I A family story since 1977<\/title>\n<meta name=\"robots\" content=\"index, follow, max-snippet:-1, max-image-preview:large, max-video-preview:-1\" \/>\n<link rel=\"canonical\" href=\"https:\/\/www.creative.travel\/pt-pt\/who-we-are\/things-that-make-us-proud\/\" \/>\n<meta property=\"og:locale\" content=\"pt_PT\" \/>\n<meta property=\"og:type\" content=\"article\" \/>\n<meta property=\"og:title\" content=\"Coisas que nos deixam orgulhosas - Creative Travel I A family story since 1977\" \/>\n<meta property=\"og:description\" content=\"Nossa equipe tem trabalhado duro para crescer de for\u00e7a \u00e0 for\u00e7a. Ganhamos nosso primeiro pr\u00eamio nacional em 1979 e hoje surgiu para sermos reconhecido pelos gostos de World Travel Awards 17 Vezes, como Empresa de Gerenciamento de Destinos L\u00edder da \u00c1sia, Empresa de Gerenciamento de Destinos L\u00edder da \u00cdndia, bem como a Ag\u00eancia de Luxo &hellip; Continuar a lerCoisas que nos deixam orgulhosas &rarr;\" \/>\n<meta property=\"og:url\" content=\"https:\/\/www.creative.travel\/pt-pt\/who-we-are\/things-that-make-us-proud\/\" \/>\n<meta property=\"og:site_name\" content=\"Creative Travel I A family story since 1977\" \/>\n<meta property=\"article:modified_time\" content=\"2018-02-08T08:20:50+00:00\" \/>\n<meta name=\"twitter:card\" content=\"summary_large_image\" \/>\n<meta name=\"twitter:label1\" content=\"Tempo estimado de leitura\" \/>\n\t<meta name=\"twitter:data1\" content=\"1 minuto\" \/>\n<script type=\"application\/ld+json\" class=\"yoast-schema-graph\">{\"@context\":\"https:\/\/schema.org\",\"@graph\":[{\"@type\":\"WebPage\",\"@id\":\"https:\/\/www.creative.travel\/pt-pt\/who-we-are\/things-that-make-us-proud\/\",\"url\":\"https:\/\/www.creative.travel\/pt-pt\/who-we-are\/things-that-make-us-proud\/\",\"name\":\"Coisas que nos deixam orgulhosas - Creative Travel I A family story since 1977\",\"isPartOf\":{\"@id\":\"https:\/\/www.creative.travel\/es\/#website\"},\"datePublished\":\"2017-05-30T12:58:42+00:00\",\"dateModified\":\"2018-02-08T08:20:50+00:00\",\"breadcrumb\":{\"@id\":\"https:\/\/www.creative.travel\/pt-pt\/who-we-are\/things-that-make-us-proud\/#breadcrumb\"},\"inLanguage\":\"pt-PT\",\"potentialAction\":[{\"@type\":\"ReadAction\",\"target\":[\"https:\/\/www.creative.travel\/pt-pt\/who-we-are\/things-that-make-us-proud\/\"]}]},{\"@type\":\"BreadcrumbList\",\"@id\":\"https:\/\/www.creative.travel\/pt-pt\/who-we-are\/things-that-make-us-proud\/#breadcrumb\",\"itemListElement\":[{\"@type\":\"ListItem\",\"position\":1,\"name\":\"Home\",\"item\":\"https:\/\/www.creative.travel\/pt-pt\/\"},{\"@type\":\"ListItem\",\"position\":2,\"name\":\"QUEM N\u00d3S SOMOS\",\"item\":\"https:\/\/www.creative.travel\/pt-pt\/who-we-are\/\"},{\"@type\":\"ListItem\",\"position\":3,\"name\":\"Coisas que nos deixam orgulhosas\"}]},{\"@type\":\"WebSite\",\"@id\":\"https:\/\/www.creative.travel\/es\/#website\",\"url\":\"https:\/\/www.creative.travel\/es\/\",\"name\":\"Creative Travel I A family story since 1977\",\"description\":\"\",\"potentialAction\":[{\"@type\":\"SearchAction\",\"target\":{\"@type\":\"EntryPoint\",\"urlTemplate\":\"https:\/\/www.creative.travel\/es\/?s={search_term_string}\"},\"query-input\":{\"@type\":\"PropertyValueSpecification\",\"valueRequired\":true,\"valueName\":\"search_term_string\"}}],\"inLanguage\":\"pt-PT\"}]}<\/script>\n<!-- \/ Yoast SEO plugin. -->","yoast_head_json":{"title":"Coisas que nos deixam orgulhosas - Creative Travel I A family story since 1977","robots":{"index":"index","follow":"follow","max-snippet":"max-snippet:-1","max-image-preview":"max-image-preview:large","max-video-preview":"max-video-preview:-1"},"canonical":"https:\/\/www.creative.travel\/pt-pt\/who-we-are\/things-that-make-us-proud\/","og_locale":"pt_PT","og_type":"article","og_title":"Coisas que nos deixam orgulhosas - Creative Travel I A family story since 1977","og_description":"Nossa equipe tem trabalhado duro para crescer de for\u00e7a \u00e0 for\u00e7a. Ganhamos nosso primeiro pr\u00eamio nacional em 1979 e hoje surgiu para sermos reconhecido pelos gostos de World Travel Awards 17 Vezes, como Empresa de Gerenciamento de Destinos L\u00edder da \u00c1sia, Empresa de Gerenciamento de Destinos L\u00edder da \u00cdndia, bem como a Ag\u00eancia de Luxo &hellip; Continuar a lerCoisas que nos deixam orgulhosas &rarr;","og_url":"https:\/\/www.creative.travel\/pt-pt\/who-we-are\/things-that-make-us-proud\/","og_site_name":"Creative Travel I A family story since 1977","article_modified_time":"2018-02-08T08:20:50+00:00","twitter_card":"summary_large_image","twitter_misc":{"Tempo estimado de leitura":"1 minuto"},"schema":{"@context":"https:\/\/schema.org","@graph":[{"@type":"WebPage","@id":"https:\/\/www.creative.travel\/pt-pt\/who-we-are\/things-that-make-us-proud\/","url":"https:\/\/www.creative.travel\/pt-pt\/who-we-are\/things-that-make-us-proud\/","name":"Coisas que nos deixam orgulhosas - Creative Travel I A family story since 1977","isPartOf":{"@id":"https:\/\/www.creative.travel\/es\/#website"},"datePublished":"2017-05-30T12:58:42+00:00","dateModified":"2018-02-08T08:20:50+00:00","breadcrumb":{"@id":"https:\/\/www.creative.travel\/pt-pt\/who-we-are\/things-that-make-us-proud\/#breadcrumb"},"inLanguage":"pt-PT","potentialAction":[{"@type":"ReadAction","target":["https:\/\/www.creative.travel\/pt-pt\/who-we-are\/things-that-make-us-proud\/"]}]},{"@type":"BreadcrumbList","@id":"https:\/\/www.creative.travel\/pt-pt\/who-we-are\/things-that-make-us-proud\/#breadcrumb","itemListElement":[{"@type":"ListItem","position":1,"name":"Home","item":"https:\/\/www.creative.travel\/pt-pt\/"},{"@type":"ListItem","position":2,"name":"QUEM N\u00d3S SOMOS","item":"https:\/\/www.creative.travel\/pt-pt\/who-we-are\/"},{"@type":"ListItem","position":3,"name":"Coisas que nos deixam orgulhosas"}]},{"@type":"WebSite","@id":"https:\/\/www.creative.travel\/es\/#website","url":"https:\/\/www.creative.travel\/es\/","name":"Creative Travel I A family story since 1977","description":"","potentialAction":[{"@type":"SearchAction","target":{"@type":"EntryPoint","urlTemplate":"https:\/\/www.creative.travel\/es\/?s={search_term_string}"},"query-input":{"@type":"PropertyValueSpecification","valueRequired":true,"valueName":"search_term_string"}}],"inLanguage":"pt-PT"}]}},"_links":{"self":[{"href":"https:\/\/www.creative.travel\/pt-pt\/wp-json\/wp\/v2\/pages\/1211","targetHints":{"allow":["GET"]}}],"collection":[{"href":"https:\/\/www.creative.travel\/pt-pt\/wp-json\/wp\/v2\/pages"}],"about":[{"href":"https:\/\/www.creative.travel\/pt-pt\/wp-json\/wp\/v2\/types\/page"}],"author":[{"embeddable":true,"href":"https:\/\/www.creative.travel\/pt-pt\/wp-json\/wp\/v2\/users\/3"}],"replies":[{"embeddable":true,"href":"https:\/\/www.creative.travel\/pt-pt\/wp-json\/wp\/v2\/comments?post=1211"}],"version-history":[{"count":4,"href":"https:\/\/www.creative.travel\/pt-pt\/wp-json\/wp\/v2\/pages\/1211\/revisions"}],"predecessor-version":[{"id":1421,"href":"https:\/\/www.creative.travel\/pt-pt\/wp-json\/wp\/v2\/pages\/1211\/revisions\/1421"}],"up":[{"embeddable":true,"href":"https:\/\/www.creative.travel\/pt-pt\/wp-json\/wp\/v2\/pages\/1191"}],"wp:attachment":[{"href":"https:\/\/www.creative.travel\/pt-pt\/wp-json\/wp\/v2\/media?parent=1211"}],"curies":[{"name":"wp","href":"https:\/\/api.w.org\/{rel}","templated":true}]}}