{"id":1191,"date":"2017-05-30T12:56:36","date_gmt":"2017-05-30T12:56:36","guid":{"rendered":"http:\/\/www.creative.travel\/who-we-are\/"},"modified":"2018-02-08T09:41:42","modified_gmt":"2018-02-08T09:41:42","slug":"who-we-are","status":"publish","type":"page","link":"https:\/\/www.creative.travel\/pt-pt\/who-we-are\/","title":{"rendered":"QUEM N\u00d3S SOMOS"},"content":{"rendered":"<img loading=\"lazy\" decoding=\"async\" class=\"alignnone size-full wp-image-354\" src=\"http:\/\/www.creative.travel\/wp-content\/uploads\/2017\/06\/CT-40-year-logo.png\" alt=\"\" width=\"110\" height=\"107\" \/>\n<h3>BEM-VINDO A UM<\/h3>\n<h2>MUNDO CRIATIVO<\/h2>\n<p>H\u00e1 muitos anos atr\u00e1s, enquanto n\u00f3s cresc\u00edamos como empresa, n\u00f3s chegamos \u00e0 descoberta de que nosso amor n\u00e3o estava em reservas de hot\u00e9is ou passeios, mas ao apresentar experi\u00eancias \u00fanicas e envolventes atrav\u00e9s dos pa\u00edses que cobrimos. Percebemos que nossas terras t\u00eam muitos recantos escondidos, muitos momentos um-de-cadatipo, muitos mist\u00e9rios e muitas hist\u00f3rias.<\/p>\n<p>N\u00f3s somos uma fam\u00edlia que possu\u00eda neg\u00f3cios, mas que eram profissionalmente gerenciados. Temos sistemas corporativos que s\u00e3o guiados por nossos valores familiares. Viemos a perceber que n\u00e3o desejamos ser a maior empresa na \u00cdndia. Nunca tivemos como objetivo sermos os mais ricos, nem os mais poderosos. S\u00f3 queremos ser os melhores no que fazemos.<\/p>\n","protected":false},"excerpt":{"rendered":"<p>BEM-VINDO A UM MUNDO CRIATIVO H\u00e1 muitos anos atr\u00e1s, enquanto n\u00f3s cresc\u00edamos como empresa, n\u00f3s chegamos \u00e0 descoberta de que nosso amor n\u00e3o estava em reservas de hot\u00e9is ou passeios, mas ao apresentar experi\u00eancias \u00fanicas e envolventes atrav\u00e9s dos pa\u00edses que cobrimos. Percebemos que nossas terras t\u00eam muitos recantos escondidos, muitos momentos um-de-cadatipo, muitos mist\u00e9rios &hellip; <a href=\"https:\/\/www.creative.travel\/pt-pt\/who-we-are\/\" class=\"more-link\">Continuar a ler<span class=\"screen-reader-text\">QUEM N\u00d3S SOMOS<\/span> <span class=\"meta-nav\">&rarr;<\/span><\/a><\/p>\n","protected":false},"author":3,"featured_media":589,"parent":0,"menu_order":81,"comment_status":"closed","ping_status":"closed","template":"who-we-are-template.php","meta":{"_acf_changed":false,"footnotes":""},"class_list":["post-1191","page","type-page","status-publish","has-post-thumbnail","hentry"],"acf":[],"yoast_head":"<!-- This site is optimized with the Yoast SEO plugin v25.5 - https:\/\/yoast.com\/wordpress\/plugins\/seo\/ -->\n<title>QUEM N\u00d3S SOMOS - Creative Travel I A family story since 1977<\/title>\n<meta name=\"robots\" content=\"index, follow, max-snippet:-1, max-image-preview:large, max-video-preview:-1\" \/>\n<link rel=\"canonical\" href=\"https:\/\/www.creative.travel\/pt-pt\/who-we-are\/\" \/>\n<meta property=\"og:locale\" content=\"pt_PT\" \/>\n<meta property=\"og:type\" content=\"article\" \/>\n<meta property=\"og:title\" content=\"QUEM N\u00d3S SOMOS - Creative Travel I A family story since 1977\" \/>\n<meta property=\"og:description\" content=\"BEM-VINDO A UM MUNDO CRIATIVO H\u00e1 muitos anos atr\u00e1s, enquanto n\u00f3s cresc\u00edamos como empresa, n\u00f3s chegamos \u00e0 descoberta de que nosso amor n\u00e3o estava em reservas de hot\u00e9is ou passeios, mas ao apresentar experi\u00eancias \u00fanicas e envolventes atrav\u00e9s dos pa\u00edses que cobrimos. Percebemos que nossas terras t\u00eam muitos recantos escondidos, muitos momentos um-de-cadatipo, muitos mist\u00e9rios &hellip; Continuar a lerQUEM N\u00d3S SOMOS &rarr;\" \/>\n<meta property=\"og:url\" content=\"https:\/\/www.creative.travel\/pt-pt\/who-we-are\/\" \/>\n<meta property=\"og:site_name\" content=\"Creative Travel I A family story since 1977\" \/>\n<meta property=\"article:modified_time\" content=\"2018-02-08T09:41:42+00:00\" \/>\n<meta property=\"og:image\" content=\"https:\/\/www.creative.travel\/wp-content\/uploads\/2017\/05\/Creative-travel-family.png\" \/>\n\t<meta property=\"og:image:width\" content=\"400\" \/>\n\t<meta property=\"og:image:height\" content=\"500\" \/>\n\t<meta property=\"og:image:type\" content=\"image\/png\" \/>\n<meta name=\"twitter:card\" content=\"summary_large_image\" \/>\n<meta name=\"twitter:label1\" content=\"Tempo estimado de leitura\" \/>\n\t<meta name=\"twitter:data1\" content=\"1 minuto\" \/>\n<script type=\"application\/ld+json\" class=\"yoast-schema-graph\">{\"@context\":\"https:\/\/schema.org\",\"@graph\":[{\"@type\":\"WebPage\",\"@id\":\"https:\/\/www.creative.travel\/pt-pt\/who-we-are\/\",\"url\":\"https:\/\/www.creative.travel\/pt-pt\/who-we-are\/\",\"name\":\"QUEM N\u00d3S SOMOS - Creative Travel I A family story since 1977\",\"isPartOf\":{\"@id\":\"https:\/\/www.creative.travel\/es\/#website\"},\"primaryImageOfPage\":{\"@id\":\"https:\/\/www.creative.travel\/pt-pt\/who-we-are\/#primaryimage\"},\"image\":{\"@id\":\"https:\/\/www.creative.travel\/pt-pt\/who-we-are\/#primaryimage\"},\"thumbnailUrl\":\"https:\/\/www.creative.travel\/wp-content\/uploads\/2017\/05\/Creative-travel-family.png\",\"datePublished\":\"2017-05-30T12:56:36+00:00\",\"dateModified\":\"2018-02-08T09:41:42+00:00\",\"breadcrumb\":{\"@id\":\"https:\/\/www.creative.travel\/pt-pt\/who-we-are\/#breadcrumb\"},\"inLanguage\":\"pt-PT\",\"potentialAction\":[{\"@type\":\"ReadAction\",\"target\":[\"https:\/\/www.creative.travel\/pt-pt\/who-we-are\/\"]}]},{\"@type\":\"ImageObject\",\"inLanguage\":\"pt-PT\",\"@id\":\"https:\/\/www.creative.travel\/pt-pt\/who-we-are\/#primaryimage\",\"url\":\"https:\/\/www.creative.travel\/wp-content\/uploads\/2017\/05\/Creative-travel-family.png\",\"contentUrl\":\"https:\/\/www.creative.travel\/wp-content\/uploads\/2017\/05\/Creative-travel-family.png\",\"width\":400,\"height\":500},{\"@type\":\"BreadcrumbList\",\"@id\":\"https:\/\/www.creative.travel\/pt-pt\/who-we-are\/#breadcrumb\",\"itemListElement\":[{\"@type\":\"ListItem\",\"position\":1,\"name\":\"Home\",\"item\":\"https:\/\/www.creative.travel\/pt-pt\/\"},{\"@type\":\"ListItem\",\"position\":2,\"name\":\"QUEM N\u00d3S SOMOS\"}]},{\"@type\":\"WebSite\",\"@id\":\"https:\/\/www.creative.travel\/es\/#website\",\"url\":\"https:\/\/www.creative.travel\/es\/\",\"name\":\"Creative Travel I A family story since 1977\",\"description\":\"\",\"potentialAction\":[{\"@type\":\"SearchAction\",\"target\":{\"@type\":\"EntryPoint\",\"urlTemplate\":\"https:\/\/www.creative.travel\/es\/?s={search_term_string}\"},\"query-input\":{\"@type\":\"PropertyValueSpecification\",\"valueRequired\":true,\"valueName\":\"search_term_string\"}}],\"inLanguage\":\"pt-PT\"}]}<\/script>\n<!-- \/ Yoast SEO plugin. -->","yoast_head_json":{"title":"QUEM N\u00d3S SOMOS - Creative Travel I A family story since 1977","robots":{"index":"index","follow":"follow","max-snippet":"max-snippet:-1","max-image-preview":"max-image-preview:large","max-video-preview":"max-video-preview:-1"},"canonical":"https:\/\/www.creative.travel\/pt-pt\/who-we-are\/","og_locale":"pt_PT","og_type":"article","og_title":"QUEM N\u00d3S SOMOS - Creative Travel I A family story since 1977","og_description":"BEM-VINDO A UM MUNDO CRIATIVO H\u00e1 muitos anos atr\u00e1s, enquanto n\u00f3s cresc\u00edamos como empresa, n\u00f3s chegamos \u00e0 descoberta de que nosso amor n\u00e3o estava em reservas de hot\u00e9is ou passeios, mas ao apresentar experi\u00eancias \u00fanicas e envolventes atrav\u00e9s dos pa\u00edses que cobrimos. Percebemos que nossas terras t\u00eam muitos recantos escondidos, muitos momentos um-de-cadatipo, muitos mist\u00e9rios &hellip; Continuar a lerQUEM N\u00d3S SOMOS &rarr;","og_url":"https:\/\/www.creative.travel\/pt-pt\/who-we-are\/","og_site_name":"Creative Travel I A family story since 1977","article_modified_time":"2018-02-08T09:41:42+00:00","og_image":[{"width":400,"height":500,"url":"https:\/\/www.creative.travel\/wp-content\/uploads\/2017\/05\/Creative-travel-family.png","type":"image\/png"}],"twitter_card":"summary_large_image","twitter_misc":{"Tempo estimado de leitura":"1 minuto"},"schema":{"@context":"https:\/\/schema.org","@graph":[{"@type":"WebPage","@id":"https:\/\/www.creative.travel\/pt-pt\/who-we-are\/","url":"https:\/\/www.creative.travel\/pt-pt\/who-we-are\/","name":"QUEM N\u00d3S SOMOS - Creative Travel I A family story since 1977","isPartOf":{"@id":"https:\/\/www.creative.travel\/es\/#website"},"primaryImageOfPage":{"@id":"https:\/\/www.creative.travel\/pt-pt\/who-we-are\/#primaryimage"},"image":{"@id":"https:\/\/www.creative.travel\/pt-pt\/who-we-are\/#primaryimage"},"thumbnailUrl":"https:\/\/www.creative.travel\/wp-content\/uploads\/2017\/05\/Creative-travel-family.png","datePublished":"2017-05-30T12:56:36+00:00","dateModified":"2018-02-08T09:41:42+00:00","breadcrumb":{"@id":"https:\/\/www.creative.travel\/pt-pt\/who-we-are\/#breadcrumb"},"inLanguage":"pt-PT","potentialAction":[{"@type":"ReadAction","target":["https:\/\/www.creative.travel\/pt-pt\/who-we-are\/"]}]},{"@type":"ImageObject","inLanguage":"pt-PT","@id":"https:\/\/www.creative.travel\/pt-pt\/who-we-are\/#primaryimage","url":"https:\/\/www.creative.travel\/wp-content\/uploads\/2017\/05\/Creative-travel-family.png","contentUrl":"https:\/\/www.creative.travel\/wp-content\/uploads\/2017\/05\/Creative-travel-family.png","width":400,"height":500},{"@type":"BreadcrumbList","@id":"https:\/\/www.creative.travel\/pt-pt\/who-we-are\/#breadcrumb","itemListElement":[{"@type":"ListItem","position":1,"name":"Home","item":"https:\/\/www.creative.travel\/pt-pt\/"},{"@type":"ListItem","position":2,"name":"QUEM N\u00d3S SOMOS"}]},{"@type":"WebSite","@id":"https:\/\/www.creative.travel\/es\/#website","url":"https:\/\/www.creative.travel\/es\/","name":"Creative Travel I A family story since 1977","description":"","potentialAction":[{"@type":"SearchAction","target":{"@type":"EntryPoint","urlTemplate":"https:\/\/www.creative.travel\/es\/?s={search_term_string}"},"query-input":{"@type":"PropertyValueSpecification","valueRequired":true,"valueName":"search_term_string"}}],"inLanguage":"pt-PT"}]}},"_links":{"self":[{"href":"https:\/\/www.creative.travel\/pt-pt\/wp-json\/wp\/v2\/pages\/1191","targetHints":{"allow":["GET"]}}],"collection":[{"href":"https:\/\/www.creative.travel\/pt-pt\/wp-json\/wp\/v2\/pages"}],"about":[{"href":"https:\/\/www.creative.travel\/pt-pt\/wp-json\/wp\/v2\/types\/page"}],"author":[{"embeddable":true,"href":"https:\/\/www.creative.travel\/pt-pt\/wp-json\/wp\/v2\/users\/3"}],"replies":[{"embeddable":true,"href":"https:\/\/www.creative.travel\/pt-pt\/wp-json\/wp\/v2\/comments?post=1191"}],"version-history":[{"count":2,"href":"https:\/\/www.creative.travel\/pt-pt\/wp-json\/wp\/v2\/pages\/1191\/revisions"}],"predecessor-version":[{"id":1417,"href":"https:\/\/www.creative.travel\/pt-pt\/wp-json\/wp\/v2\/pages\/1191\/revisions\/1417"}],"wp:featuredmedia":[{"embeddable":true,"href":"https:\/\/www.creative.travel\/pt-pt\/wp-json\/wp\/v2\/media\/589"}],"wp:attachment":[{"href":"https:\/\/www.creative.travel\/pt-pt\/wp-json\/wp\/v2\/media?parent=1191"}],"curies":[{"name":"wp","href":"https:\/\/api.w.org\/{rel}","templated":true}]}}