{"id":1181,"date":"2017-05-30T12:57:03","date_gmt":"2017-05-30T12:57:03","guid":{"rendered":"http:\/\/www.creative.travel\/our-story\/"},"modified":"2018-02-07T09:09:22","modified_gmt":"2018-02-07T09:09:22","slug":"our-story","status":"publish","type":"page","link":"https:\/\/www.creative.travel\/pt-pt\/who-we-are\/our-story\/","title":{"rendered":"Nossa hist\u00f3r"},"content":{"rendered":"<p>Quando come\u00e7amos a escrever este cap\u00edtulo, acabamos por ter muitos da fam\u00edlia de volta para a \u00cdndia naquele ano. Para um pa\u00eds que foi profundamente atolado em socialismo, foi mais dif\u00edcil do que esper\u00e1vamos. Nosso pai n\u00e3o foi impulsionado pelo desejo de administrar um neg\u00f3cio, mas preferiu uma paix\u00e3o para mostrar ao mundo o que de melhor a \u00cdndia tinha para oferecer. A nossa \u00e9 uma hist\u00f3ria de uma vis\u00e3o, de uma paix\u00e3o que foi de encontro \u00e0 todas as normas convencionais. A nossa \u00e9 uma hist\u00f3ria muito pessoal.<\/p>\n","protected":false},"excerpt":{"rendered":"<p>Quando come\u00e7amos a escrever este cap\u00edtulo, acabamos por ter muitos da fam\u00edlia de volta para a \u00cdndia naquele ano. Para um pa\u00eds que foi profundamente atolado em socialismo, foi mais dif\u00edcil do que esper\u00e1vamos. Nosso pai n\u00e3o foi impulsionado pelo desejo de administrar um neg\u00f3cio, mas preferiu uma paix\u00e3o para mostrar ao mundo o que &hellip; <a href=\"https:\/\/www.creative.travel\/pt-pt\/who-we-are\/our-story\/\" class=\"more-link\">Continuar a ler<span class=\"screen-reader-text\">Nossa hist\u00f3r<\/span> <span class=\"meta-nav\">&rarr;<\/span><\/a><\/p>\n","protected":false},"author":3,"featured_media":0,"parent":1191,"menu_order":91,"comment_status":"closed","ping_status":"closed","template":"our-story-template.php","meta":{"_acf_changed":false,"footnotes":""},"class_list":["post-1181","page","type-page","status-publish","hentry"],"acf":[],"yoast_head":"<!-- This site is optimized with the Yoast SEO plugin v25.5 - https:\/\/yoast.com\/wordpress\/plugins\/seo\/ -->\n<title>Nossa hist\u00f3r - Creative Travel I A family story since 1977<\/title>\n<meta name=\"robots\" content=\"index, follow, max-snippet:-1, max-image-preview:large, max-video-preview:-1\" \/>\n<link rel=\"canonical\" href=\"https:\/\/www.creative.travel\/who-we-are\/our-story\/\" \/>\n<meta property=\"og:locale\" content=\"pt_PT\" \/>\n<meta property=\"og:type\" content=\"article\" \/>\n<meta property=\"og:title\" content=\"Nossa hist\u00f3r - Creative Travel I A family story since 1977\" \/>\n<meta property=\"og:description\" content=\"Quando come\u00e7amos a escrever este cap\u00edtulo, acabamos por ter muitos da fam\u00edlia de volta para a \u00cdndia naquele ano. Para um pa\u00eds que foi profundamente atolado em socialismo, foi mais dif\u00edcil do que esper\u00e1vamos. Nosso pai n\u00e3o foi impulsionado pelo desejo de administrar um neg\u00f3cio, mas preferiu uma paix\u00e3o para mostrar ao mundo o que &hellip; Continuar a lerNossa hist\u00f3r &rarr;\" \/>\n<meta property=\"og:url\" content=\"https:\/\/www.creative.travel\/who-we-are\/our-story\/\" \/>\n<meta property=\"og:site_name\" content=\"Creative Travel I A family story since 1977\" \/>\n<meta property=\"article:modified_time\" content=\"2018-02-07T09:09:22+00:00\" \/>\n<meta name=\"twitter:card\" content=\"summary_large_image\" \/>\n<script type=\"application\/ld+json\" class=\"yoast-schema-graph\">{\"@context\":\"https:\/\/schema.org\",\"@graph\":[{\"@type\":\"WebPage\",\"@id\":\"https:\/\/www.creative.travel\/who-we-are\/our-story\/\",\"url\":\"https:\/\/www.creative.travel\/who-we-are\/our-story\/\",\"name\":\"Nossa hist\u00f3r - Creative Travel I A family story since 1977\",\"isPartOf\":{\"@id\":\"https:\/\/www.creative.travel\/es\/#website\"},\"datePublished\":\"2017-05-30T12:57:03+00:00\",\"dateModified\":\"2018-02-07T09:09:22+00:00\",\"breadcrumb\":{\"@id\":\"https:\/\/www.creative.travel\/who-we-are\/our-story\/#breadcrumb\"},\"inLanguage\":\"pt-PT\",\"potentialAction\":[{\"@type\":\"ReadAction\",\"target\":[\"https:\/\/www.creative.travel\/who-we-are\/our-story\/\"]}]},{\"@type\":\"BreadcrumbList\",\"@id\":\"https:\/\/www.creative.travel\/who-we-are\/our-story\/#breadcrumb\",\"itemListElement\":[{\"@type\":\"ListItem\",\"position\":1,\"name\":\"Home\",\"item\":\"https:\/\/www.creative.travel\/pt-pt\/\"},{\"@type\":\"ListItem\",\"position\":2,\"name\":\"QUEM N\u00d3S SOMOS\",\"item\":\"https:\/\/www.creative.travel\/pt-pt\/who-we-are\/\"},{\"@type\":\"ListItem\",\"position\":3,\"name\":\"Nossa hist\u00f3r\"}]},{\"@type\":\"WebSite\",\"@id\":\"https:\/\/www.creative.travel\/es\/#website\",\"url\":\"https:\/\/www.creative.travel\/es\/\",\"name\":\"Creative Travel I A family story since 1977\",\"description\":\"\",\"potentialAction\":[{\"@type\":\"SearchAction\",\"target\":{\"@type\":\"EntryPoint\",\"urlTemplate\":\"https:\/\/www.creative.travel\/es\/?s={search_term_string}\"},\"query-input\":{\"@type\":\"PropertyValueSpecification\",\"valueRequired\":true,\"valueName\":\"search_term_string\"}}],\"inLanguage\":\"pt-PT\"}]}<\/script>\n<!-- \/ Yoast SEO plugin. -->","yoast_head_json":{"title":"Nossa hist\u00f3r - Creative Travel I A family story since 1977","robots":{"index":"index","follow":"follow","max-snippet":"max-snippet:-1","max-image-preview":"max-image-preview:large","max-video-preview":"max-video-preview:-1"},"canonical":"https:\/\/www.creative.travel\/who-we-are\/our-story\/","og_locale":"pt_PT","og_type":"article","og_title":"Nossa hist\u00f3r - Creative Travel I A family story since 1977","og_description":"Quando come\u00e7amos a escrever este cap\u00edtulo, acabamos por ter muitos da fam\u00edlia de volta para a \u00cdndia naquele ano. Para um pa\u00eds que foi profundamente atolado em socialismo, foi mais dif\u00edcil do que esper\u00e1vamos. Nosso pai n\u00e3o foi impulsionado pelo desejo de administrar um neg\u00f3cio, mas preferiu uma paix\u00e3o para mostrar ao mundo o que &hellip; Continuar a lerNossa hist\u00f3r &rarr;","og_url":"https:\/\/www.creative.travel\/who-we-are\/our-story\/","og_site_name":"Creative Travel I A family story since 1977","article_modified_time":"2018-02-07T09:09:22+00:00","twitter_card":"summary_large_image","schema":{"@context":"https:\/\/schema.org","@graph":[{"@type":"WebPage","@id":"https:\/\/www.creative.travel\/who-we-are\/our-story\/","url":"https:\/\/www.creative.travel\/who-we-are\/our-story\/","name":"Nossa hist\u00f3r - Creative Travel I A family story since 1977","isPartOf":{"@id":"https:\/\/www.creative.travel\/es\/#website"},"datePublished":"2017-05-30T12:57:03+00:00","dateModified":"2018-02-07T09:09:22+00:00","breadcrumb":{"@id":"https:\/\/www.creative.travel\/who-we-are\/our-story\/#breadcrumb"},"inLanguage":"pt-PT","potentialAction":[{"@type":"ReadAction","target":["https:\/\/www.creative.travel\/who-we-are\/our-story\/"]}]},{"@type":"BreadcrumbList","@id":"https:\/\/www.creative.travel\/who-we-are\/our-story\/#breadcrumb","itemListElement":[{"@type":"ListItem","position":1,"name":"Home","item":"https:\/\/www.creative.travel\/pt-pt\/"},{"@type":"ListItem","position":2,"name":"QUEM N\u00d3S SOMOS","item":"https:\/\/www.creative.travel\/pt-pt\/who-we-are\/"},{"@type":"ListItem","position":3,"name":"Nossa hist\u00f3r"}]},{"@type":"WebSite","@id":"https:\/\/www.creative.travel\/es\/#website","url":"https:\/\/www.creative.travel\/es\/","name":"Creative Travel I A family story since 1977","description":"","potentialAction":[{"@type":"SearchAction","target":{"@type":"EntryPoint","urlTemplate":"https:\/\/www.creative.travel\/es\/?s={search_term_string}"},"query-input":{"@type":"PropertyValueSpecification","valueRequired":true,"valueName":"search_term_string"}}],"inLanguage":"pt-PT"}]}},"_links":{"self":[{"href":"https:\/\/www.creative.travel\/pt-pt\/wp-json\/wp\/v2\/pages\/1181","targetHints":{"allow":["GET"]}}],"collection":[{"href":"https:\/\/www.creative.travel\/pt-pt\/wp-json\/wp\/v2\/pages"}],"about":[{"href":"https:\/\/www.creative.travel\/pt-pt\/wp-json\/wp\/v2\/types\/page"}],"author":[{"embeddable":true,"href":"https:\/\/www.creative.travel\/pt-pt\/wp-json\/wp\/v2\/users\/3"}],"replies":[{"embeddable":true,"href":"https:\/\/www.creative.travel\/pt-pt\/wp-json\/wp\/v2\/comments?post=1181"}],"version-history":[{"count":3,"href":"https:\/\/www.creative.travel\/pt-pt\/wp-json\/wp\/v2\/pages\/1181\/revisions"}],"predecessor-version":[{"id":1188,"href":"https:\/\/www.creative.travel\/pt-pt\/wp-json\/wp\/v2\/pages\/1181\/revisions\/1188"}],"up":[{"embeddable":true,"href":"https:\/\/www.creative.travel\/pt-pt\/wp-json\/wp\/v2\/pages\/1191"}],"wp:attachment":[{"href":"https:\/\/www.creative.travel\/pt-pt\/wp-json\/wp\/v2\/media?parent=1181"}],"curies":[{"name":"wp","href":"https:\/\/api.w.org\/{rel}","templated":true}]}}