{"id":1175,"date":"2017-06-07T10:20:30","date_gmt":"2017-06-07T10:20:30","guid":{"rendered":"http:\/\/www.creative.travel\/tibet\/"},"modified":"2018-02-15T07:02:26","modified_gmt":"2018-02-15T07:02:26","slug":"tibet","status":"publish","type":"page","link":"https:\/\/www.creative.travel\/pt-pt\/our-world\/tibet\/","title":{"rendered":"TIBET"},"content":{"rendered":"<p>Me senti como um dos \u00faltimos exploradores, um aventureiro por acidente perdido no tempo. Eu estava no Tibete, uma terra envolta em mitos e lendas. Desde tempos imemoriais, o Tibete tem intrigado os exploradores, viajantes e sonhadores. Chamado como o teto do mundo, o Tibete foi fechado uma vez a todos os visitantes estrangeiros e ainda carrega esse sentimento de ser remoto e desconhecido. Fiquei impressionado com a beleza austera das montanhas est\u00e9reis, varridas pelos ventos e planaltos. E ver a vener\u00e1vel cidade de Lhasa, antiga resid\u00eancia do Dalai Lama, era como estar num sonho. Eu queria seguir caminho fora da rota muito viajada e encontrar aventura entre o Himalaia. Para o viajante aventureiro, n\u00e3o h\u00e1 nada igual ao Tibete. \u00c9 tamb\u00e9m uma base para trekking no acampamento Base do Everest e o circuito reverenciado do Monte Kailash e do Lago Manasarova.<\/p>\n","protected":false},"excerpt":{"rendered":"<p>Me senti como um dos \u00faltimos exploradores, um aventureiro por acidente perdido no tempo. Eu estava no Tibete, uma terra envolta em mitos e lendas. Desde tempos imemoriais, o Tibete tem intrigado os exploradores, viajantes e sonhadores. Chamado como o teto do mundo, o Tibete foi fechado uma vez a todos os visitantes estrangeiros e &hellip; <a href=\"https:\/\/www.creative.travel\/pt-pt\/our-world\/tibet\/\" class=\"more-link\">Continuar a ler<span class=\"screen-reader-text\">TIBET<\/span> <span class=\"meta-nav\">&rarr;<\/span><\/a><\/p>\n","protected":false},"author":3,"featured_media":0,"parent":1253,"menu_order":61,"comment_status":"closed","ping_status":"closed","template":"our-world-page-tem.php","meta":{"_acf_changed":false,"footnotes":""},"class_list":["post-1175","page","type-page","status-publish","hentry"],"acf":[],"yoast_head":"<!-- This site is optimized with the Yoast SEO plugin v25.5 - https:\/\/yoast.com\/wordpress\/plugins\/seo\/ -->\n<title>TIBET - Creative Travel I A family story since 1977<\/title>\n<meta name=\"robots\" content=\"index, follow, max-snippet:-1, max-image-preview:large, max-video-preview:-1\" \/>\n<link rel=\"canonical\" href=\"https:\/\/www.creative.travel\/our-world\/tibet\/\" \/>\n<meta property=\"og:locale\" content=\"pt_PT\" \/>\n<meta property=\"og:type\" content=\"article\" \/>\n<meta property=\"og:title\" content=\"TIBET - Creative Travel I A family story since 1977\" \/>\n<meta property=\"og:description\" content=\"Me senti como um dos \u00faltimos exploradores, um aventureiro por acidente perdido no tempo. Eu estava no Tibete, uma terra envolta em mitos e lendas. Desde tempos imemoriais, o Tibete tem intrigado os exploradores, viajantes e sonhadores. Chamado como o teto do mundo, o Tibete foi fechado uma vez a todos os visitantes estrangeiros e &hellip; Continuar a lerTIBET &rarr;\" \/>\n<meta property=\"og:url\" content=\"https:\/\/www.creative.travel\/our-world\/tibet\/\" \/>\n<meta property=\"og:site_name\" content=\"Creative Travel I A family story since 1977\" \/>\n<meta property=\"article:modified_time\" content=\"2018-02-15T07:02:26+00:00\" \/>\n<meta name=\"twitter:card\" content=\"summary_large_image\" \/>\n<meta name=\"twitter:label1\" content=\"Tempo estimado de leitura\" \/>\n\t<meta name=\"twitter:data1\" content=\"1 minuto\" \/>\n<script type=\"application\/ld+json\" class=\"yoast-schema-graph\">{\"@context\":\"https:\/\/schema.org\",\"@graph\":[{\"@type\":\"WebPage\",\"@id\":\"https:\/\/www.creative.travel\/our-world\/tibet\/\",\"url\":\"https:\/\/www.creative.travel\/our-world\/tibet\/\",\"name\":\"TIBET - Creative Travel I A family story since 1977\",\"isPartOf\":{\"@id\":\"https:\/\/www.creative.travel\/es\/#website\"},\"datePublished\":\"2017-06-07T10:20:30+00:00\",\"dateModified\":\"2018-02-15T07:02:26+00:00\",\"breadcrumb\":{\"@id\":\"https:\/\/www.creative.travel\/our-world\/tibet\/#breadcrumb\"},\"inLanguage\":\"pt-PT\",\"potentialAction\":[{\"@type\":\"ReadAction\",\"target\":[\"https:\/\/www.creative.travel\/our-world\/tibet\/\"]}]},{\"@type\":\"BreadcrumbList\",\"@id\":\"https:\/\/www.creative.travel\/our-world\/tibet\/#breadcrumb\",\"itemListElement\":[{\"@type\":\"ListItem\",\"position\":1,\"name\":\"Home\",\"item\":\"https:\/\/www.creative.travel\/pt-pt\/\"},{\"@type\":\"ListItem\",\"position\":2,\"name\":\"NOSSO MUNDO\",\"item\":\"https:\/\/www.creative.travel\/pt-pt\/our-world\/\"},{\"@type\":\"ListItem\",\"position\":3,\"name\":\"TIBET\"}]},{\"@type\":\"WebSite\",\"@id\":\"https:\/\/www.creative.travel\/es\/#website\",\"url\":\"https:\/\/www.creative.travel\/es\/\",\"name\":\"Creative Travel I A family story since 1977\",\"description\":\"\",\"potentialAction\":[{\"@type\":\"SearchAction\",\"target\":{\"@type\":\"EntryPoint\",\"urlTemplate\":\"https:\/\/www.creative.travel\/es\/?s={search_term_string}\"},\"query-input\":{\"@type\":\"PropertyValueSpecification\",\"valueRequired\":true,\"valueName\":\"search_term_string\"}}],\"inLanguage\":\"pt-PT\"}]}<\/script>\n<!-- \/ Yoast SEO plugin. -->","yoast_head_json":{"title":"TIBET - Creative Travel I A family story since 1977","robots":{"index":"index","follow":"follow","max-snippet":"max-snippet:-1","max-image-preview":"max-image-preview:large","max-video-preview":"max-video-preview:-1"},"canonical":"https:\/\/www.creative.travel\/our-world\/tibet\/","og_locale":"pt_PT","og_type":"article","og_title":"TIBET - Creative Travel I A family story since 1977","og_description":"Me senti como um dos \u00faltimos exploradores, um aventureiro por acidente perdido no tempo. Eu estava no Tibete, uma terra envolta em mitos e lendas. Desde tempos imemoriais, o Tibete tem intrigado os exploradores, viajantes e sonhadores. Chamado como o teto do mundo, o Tibete foi fechado uma vez a todos os visitantes estrangeiros e &hellip; Continuar a lerTIBET &rarr;","og_url":"https:\/\/www.creative.travel\/our-world\/tibet\/","og_site_name":"Creative Travel I A family story since 1977","article_modified_time":"2018-02-15T07:02:26+00:00","twitter_card":"summary_large_image","twitter_misc":{"Tempo estimado de leitura":"1 minuto"},"schema":{"@context":"https:\/\/schema.org","@graph":[{"@type":"WebPage","@id":"https:\/\/www.creative.travel\/our-world\/tibet\/","url":"https:\/\/www.creative.travel\/our-world\/tibet\/","name":"TIBET - Creative Travel I A family story since 1977","isPartOf":{"@id":"https:\/\/www.creative.travel\/es\/#website"},"datePublished":"2017-06-07T10:20:30+00:00","dateModified":"2018-02-15T07:02:26+00:00","breadcrumb":{"@id":"https:\/\/www.creative.travel\/our-world\/tibet\/#breadcrumb"},"inLanguage":"pt-PT","potentialAction":[{"@type":"ReadAction","target":["https:\/\/www.creative.travel\/our-world\/tibet\/"]}]},{"@type":"BreadcrumbList","@id":"https:\/\/www.creative.travel\/our-world\/tibet\/#breadcrumb","itemListElement":[{"@type":"ListItem","position":1,"name":"Home","item":"https:\/\/www.creative.travel\/pt-pt\/"},{"@type":"ListItem","position":2,"name":"NOSSO MUNDO","item":"https:\/\/www.creative.travel\/pt-pt\/our-world\/"},{"@type":"ListItem","position":3,"name":"TIBET"}]},{"@type":"WebSite","@id":"https:\/\/www.creative.travel\/es\/#website","url":"https:\/\/www.creative.travel\/es\/","name":"Creative Travel I A family story since 1977","description":"","potentialAction":[{"@type":"SearchAction","target":{"@type":"EntryPoint","urlTemplate":"https:\/\/www.creative.travel\/es\/?s={search_term_string}"},"query-input":{"@type":"PropertyValueSpecification","valueRequired":true,"valueName":"search_term_string"}}],"inLanguage":"pt-PT"}]}},"_links":{"self":[{"href":"https:\/\/www.creative.travel\/pt-pt\/wp-json\/wp\/v2\/pages\/1175","targetHints":{"allow":["GET"]}}],"collection":[{"href":"https:\/\/www.creative.travel\/pt-pt\/wp-json\/wp\/v2\/pages"}],"about":[{"href":"https:\/\/www.creative.travel\/pt-pt\/wp-json\/wp\/v2\/types\/page"}],"author":[{"embeddable":true,"href":"https:\/\/www.creative.travel\/pt-pt\/wp-json\/wp\/v2\/users\/3"}],"replies":[{"embeddable":true,"href":"https:\/\/www.creative.travel\/pt-pt\/wp-json\/wp\/v2\/comments?post=1175"}],"version-history":[{"count":2,"href":"https:\/\/www.creative.travel\/pt-pt\/wp-json\/wp\/v2\/pages\/1175\/revisions"}],"predecessor-version":[{"id":1569,"href":"https:\/\/www.creative.travel\/pt-pt\/wp-json\/wp\/v2\/pages\/1175\/revisions\/1569"}],"up":[{"embeddable":true,"href":"https:\/\/www.creative.travel\/pt-pt\/wp-json\/wp\/v2\/pages\/1253"}],"wp:attachment":[{"href":"https:\/\/www.creative.travel\/pt-pt\/wp-json\/wp\/v2\/media?parent=1175"}],"curies":[{"name":"wp","href":"https:\/\/api.w.org\/{rel}","templated":true}]}}