{"id":1172,"date":"2017-06-07T10:19:59","date_gmt":"2017-06-07T10:19:59","guid":{"rendered":"http:\/\/www.creative.travel\/bhutan\/"},"modified":"2018-02-08T11:30:48","modified_gmt":"2018-02-08T11:30:48","slug":"bhutan","status":"publish","type":"page","link":"https:\/\/www.creative.travel\/pt-pt\/our-world\/bhutan\/","title":{"rendered":"Bhutano"},"content":{"rendered":"<p>No voo para o But\u00e3o de Kathmandu, n\u00f3s voamos sobre v\u00e1rias das montanhas mais altas do mundo, incluindo o Everest, que eu vi pela janela do avi\u00e3o. Foi um momento emocionante e fez eu sentir que estava viajando para a m\u00edtica utopia de Shangri-la no Himalaia. Eu nunca perdi esse sentimento. O Reino do But\u00e3o est\u00e1 escondido no cora\u00e7\u00e3o do Himalaia entre a \u00cdndia e o Tibete, cercado por picos gelados e atravessado por vales verdejantes. Enquanto estava l\u00e1, eu senti que eu estava em um mundo al\u00e9m da agita\u00e7\u00e3o da vida moderna. But\u00e3o oferece aos viajantes uma rara oportunidade para descobrir a riqueza da natureza e a simplicidade da vida, entre o povo caloroso e amig\u00e1vel. E n\u00e3o \u00e9 por acaso, mas pelo design. But\u00e3o trabalha duro para preservar a ecologia pura do pa\u00eds, a incr\u00edvel riqueza de vida selvagem e a cultura \u00fanica. \u00c9 o \u00faltimo sobrevivente do estado budista Mahayana, e um sentimento de rever\u00eancia enche o ar<\/p>\n","protected":false},"excerpt":{"rendered":"<p>No voo para o But\u00e3o de Kathmandu, n\u00f3s voamos sobre v\u00e1rias das montanhas mais altas do mundo, incluindo o Everest, que eu vi pela janela do avi\u00e3o. Foi um momento emocionante e fez eu sentir que estava viajando para a m\u00edtica utopia de Shangri-la no Himalaia. Eu nunca perdi esse sentimento. O Reino do But\u00e3o &hellip; <a href=\"https:\/\/www.creative.travel\/pt-pt\/our-world\/bhutan\/\" class=\"more-link\">Continuar a ler<span class=\"screen-reader-text\">Bhutano<\/span> <span class=\"meta-nav\">&rarr;<\/span><\/a><\/p>\n","protected":false},"author":3,"featured_media":0,"parent":1253,"menu_order":64,"comment_status":"closed","ping_status":"closed","template":"our-world-page-tem.php","meta":{"_acf_changed":false,"footnotes":""},"class_list":["post-1172","page","type-page","status-publish","hentry"],"acf":[],"yoast_head":"<!-- This site is optimized with the Yoast SEO plugin v25.5 - https:\/\/yoast.com\/wordpress\/plugins\/seo\/ -->\n<title>Bhutano - Creative Travel I A family story since 1977<\/title>\n<meta name=\"robots\" content=\"index, follow, max-snippet:-1, max-image-preview:large, max-video-preview:-1\" \/>\n<link rel=\"canonical\" href=\"https:\/\/www.creative.travel\/our-world\/bhutan\/\" \/>\n<meta property=\"og:locale\" content=\"pt_PT\" \/>\n<meta property=\"og:type\" content=\"article\" \/>\n<meta property=\"og:title\" content=\"Bhutano - Creative Travel I A family story since 1977\" \/>\n<meta property=\"og:description\" content=\"No voo para o But\u00e3o de Kathmandu, n\u00f3s voamos sobre v\u00e1rias das montanhas mais altas do mundo, incluindo o Everest, que eu vi pela janela do avi\u00e3o. Foi um momento emocionante e fez eu sentir que estava viajando para a m\u00edtica utopia de Shangri-la no Himalaia. Eu nunca perdi esse sentimento. O Reino do But\u00e3o &hellip; Continuar a lerBhutano &rarr;\" \/>\n<meta property=\"og:url\" content=\"https:\/\/www.creative.travel\/our-world\/bhutan\/\" \/>\n<meta property=\"og:site_name\" content=\"Creative Travel I A family story since 1977\" \/>\n<meta property=\"article:modified_time\" content=\"2018-02-08T11:30:48+00:00\" \/>\n<meta name=\"twitter:card\" content=\"summary_large_image\" \/>\n<meta name=\"twitter:label1\" content=\"Tempo estimado de leitura\" \/>\n\t<meta name=\"twitter:data1\" content=\"1 minuto\" \/>\n<script type=\"application\/ld+json\" class=\"yoast-schema-graph\">{\"@context\":\"https:\/\/schema.org\",\"@graph\":[{\"@type\":\"WebPage\",\"@id\":\"https:\/\/www.creative.travel\/our-world\/bhutan\/\",\"url\":\"https:\/\/www.creative.travel\/our-world\/bhutan\/\",\"name\":\"Bhutano - Creative Travel I A family story since 1977\",\"isPartOf\":{\"@id\":\"https:\/\/www.creative.travel\/es\/#website\"},\"datePublished\":\"2017-06-07T10:19:59+00:00\",\"dateModified\":\"2018-02-08T11:30:48+00:00\",\"breadcrumb\":{\"@id\":\"https:\/\/www.creative.travel\/our-world\/bhutan\/#breadcrumb\"},\"inLanguage\":\"pt-PT\",\"potentialAction\":[{\"@type\":\"ReadAction\",\"target\":[\"https:\/\/www.creative.travel\/our-world\/bhutan\/\"]}]},{\"@type\":\"BreadcrumbList\",\"@id\":\"https:\/\/www.creative.travel\/our-world\/bhutan\/#breadcrumb\",\"itemListElement\":[{\"@type\":\"ListItem\",\"position\":1,\"name\":\"Home\",\"item\":\"https:\/\/www.creative.travel\/pt-pt\/\"},{\"@type\":\"ListItem\",\"position\":2,\"name\":\"NOSSO MUNDO\",\"item\":\"https:\/\/www.creative.travel\/pt-pt\/our-world\/\"},{\"@type\":\"ListItem\",\"position\":3,\"name\":\"Bhutano\"}]},{\"@type\":\"WebSite\",\"@id\":\"https:\/\/www.creative.travel\/es\/#website\",\"url\":\"https:\/\/www.creative.travel\/es\/\",\"name\":\"Creative Travel I A family story since 1977\",\"description\":\"\",\"potentialAction\":[{\"@type\":\"SearchAction\",\"target\":{\"@type\":\"EntryPoint\",\"urlTemplate\":\"https:\/\/www.creative.travel\/es\/?s={search_term_string}\"},\"query-input\":{\"@type\":\"PropertyValueSpecification\",\"valueRequired\":true,\"valueName\":\"search_term_string\"}}],\"inLanguage\":\"pt-PT\"}]}<\/script>\n<!-- \/ Yoast SEO plugin. -->","yoast_head_json":{"title":"Bhutano - Creative Travel I A family story since 1977","robots":{"index":"index","follow":"follow","max-snippet":"max-snippet:-1","max-image-preview":"max-image-preview:large","max-video-preview":"max-video-preview:-1"},"canonical":"https:\/\/www.creative.travel\/our-world\/bhutan\/","og_locale":"pt_PT","og_type":"article","og_title":"Bhutano - Creative Travel I A family story since 1977","og_description":"No voo para o But\u00e3o de Kathmandu, n\u00f3s voamos sobre v\u00e1rias das montanhas mais altas do mundo, incluindo o Everest, que eu vi pela janela do avi\u00e3o. Foi um momento emocionante e fez eu sentir que estava viajando para a m\u00edtica utopia de Shangri-la no Himalaia. Eu nunca perdi esse sentimento. O Reino do But\u00e3o &hellip; Continuar a lerBhutano &rarr;","og_url":"https:\/\/www.creative.travel\/our-world\/bhutan\/","og_site_name":"Creative Travel I A family story since 1977","article_modified_time":"2018-02-08T11:30:48+00:00","twitter_card":"summary_large_image","twitter_misc":{"Tempo estimado de leitura":"1 minuto"},"schema":{"@context":"https:\/\/schema.org","@graph":[{"@type":"WebPage","@id":"https:\/\/www.creative.travel\/our-world\/bhutan\/","url":"https:\/\/www.creative.travel\/our-world\/bhutan\/","name":"Bhutano - Creative Travel I A family story since 1977","isPartOf":{"@id":"https:\/\/www.creative.travel\/es\/#website"},"datePublished":"2017-06-07T10:19:59+00:00","dateModified":"2018-02-08T11:30:48+00:00","breadcrumb":{"@id":"https:\/\/www.creative.travel\/our-world\/bhutan\/#breadcrumb"},"inLanguage":"pt-PT","potentialAction":[{"@type":"ReadAction","target":["https:\/\/www.creative.travel\/our-world\/bhutan\/"]}]},{"@type":"BreadcrumbList","@id":"https:\/\/www.creative.travel\/our-world\/bhutan\/#breadcrumb","itemListElement":[{"@type":"ListItem","position":1,"name":"Home","item":"https:\/\/www.creative.travel\/pt-pt\/"},{"@type":"ListItem","position":2,"name":"NOSSO MUNDO","item":"https:\/\/www.creative.travel\/pt-pt\/our-world\/"},{"@type":"ListItem","position":3,"name":"Bhutano"}]},{"@type":"WebSite","@id":"https:\/\/www.creative.travel\/es\/#website","url":"https:\/\/www.creative.travel\/es\/","name":"Creative Travel I A family story since 1977","description":"","potentialAction":[{"@type":"SearchAction","target":{"@type":"EntryPoint","urlTemplate":"https:\/\/www.creative.travel\/es\/?s={search_term_string}"},"query-input":{"@type":"PropertyValueSpecification","valueRequired":true,"valueName":"search_term_string"}}],"inLanguage":"pt-PT"}]}},"_links":{"self":[{"href":"https:\/\/www.creative.travel\/pt-pt\/wp-json\/wp\/v2\/pages\/1172","targetHints":{"allow":["GET"]}}],"collection":[{"href":"https:\/\/www.creative.travel\/pt-pt\/wp-json\/wp\/v2\/pages"}],"about":[{"href":"https:\/\/www.creative.travel\/pt-pt\/wp-json\/wp\/v2\/types\/page"}],"author":[{"embeddable":true,"href":"https:\/\/www.creative.travel\/pt-pt\/wp-json\/wp\/v2\/users\/3"}],"replies":[{"embeddable":true,"href":"https:\/\/www.creative.travel\/pt-pt\/wp-json\/wp\/v2\/comments?post=1172"}],"version-history":[{"count":5,"href":"https:\/\/www.creative.travel\/pt-pt\/wp-json\/wp\/v2\/pages\/1172\/revisions"}],"predecessor-version":[{"id":1507,"href":"https:\/\/www.creative.travel\/pt-pt\/wp-json\/wp\/v2\/pages\/1172\/revisions\/1507"}],"up":[{"embeddable":true,"href":"https:\/\/www.creative.travel\/pt-pt\/wp-json\/wp\/v2\/pages\/1253"}],"wp:attachment":[{"href":"https:\/\/www.creative.travel\/pt-pt\/wp-json\/wp\/v2\/media?parent=1172"}],"curies":[{"name":"wp","href":"https:\/\/api.w.org\/{rel}","templated":true}]}}