{"id":1169,"date":"2017-06-07T10:19:04","date_gmt":"2017-06-07T10:19:04","guid":{"rendered":"http:\/\/www.creative.travel\/sri-lanka\/"},"modified":"2018-02-15T06:47:57","modified_gmt":"2018-02-15T06:47:57","slug":"sri-lanka","status":"publish","type":"page","link":"https:\/\/www.creative.travel\/pt-pt\/our-world\/sri-lanka\/","title":{"rendered":"SRI LANKA"},"content":{"rendered":"<p>Viagens ao Sri Lanka \u00e9 uma onda suave, tropical. Desde o momento que cheguei, me senti abra\u00e7ado pela calorosa hospitalidade, pela sensual brisa do mar e pelos alimentos ricos em sabor.<\/p>\n<p>Embora o pa\u00eds tenha muitas conex\u00f5es hist\u00f3ricas e mitol\u00f3gicas compartilhadas com a \u00cdndia, \u00e9 menor, mais tranquilo e completamente original. Eu amei a exuber\u00e2ncia do pa\u00eds, as belas praias e a cultura vital. Apesar de pequeno, eu encontrei uma infind\u00e1vel variedade de coisas atraentes para fazer ao visitar locais sagrados e mosteiros antiqu\u00edssimos para apreciar refei\u00e7\u00f5es requintadas na chique Galle e para explorar a diversificada flora e fauna dos parques nacionais. Sri Lanka foi anteriormente chamado Ceil\u00e3o, mas antes disso, era Serendip. E eu realmente descobri momentos maravilhosos do acaso, como arriscar em cima de uma manada de elefantes selvagens, enquanto no jipe do safari e na reuni\u00e3o de um grupo de monges budistas no topo da Sigirya, a pedra do Le\u00e3o.<\/p>\n","protected":false},"excerpt":{"rendered":"<p>Viagens ao Sri Lanka \u00e9 uma onda suave, tropical. Desde o momento que cheguei, me senti abra\u00e7ado pela calorosa hospitalidade, pela sensual brisa do mar e pelos alimentos ricos em sabor. Embora o pa\u00eds tenha muitas conex\u00f5es hist\u00f3ricas e mitol\u00f3gicas compartilhadas com a \u00cdndia, \u00e9 menor, mais tranquilo e completamente original. Eu amei a exuber\u00e2ncia &hellip; <a href=\"https:\/\/www.creative.travel\/pt-pt\/our-world\/sri-lanka\/\" class=\"more-link\">Continuar a ler<span class=\"screen-reader-text\">SRI LANKA<\/span> <span class=\"meta-nav\">&rarr;<\/span><\/a><\/p>\n","protected":false},"author":3,"featured_media":0,"parent":1253,"menu_order":67,"comment_status":"closed","ping_status":"closed","template":"our-world-page-tem.php","meta":{"_acf_changed":false,"footnotes":""},"class_list":["post-1169","page","type-page","status-publish","hentry"],"acf":[],"yoast_head":"<!-- This site is optimized with the Yoast SEO plugin v25.5 - https:\/\/yoast.com\/wordpress\/plugins\/seo\/ -->\n<title>SRI LANKA - Creative Travel I A family story since 1977<\/title>\n<meta name=\"robots\" content=\"index, follow, max-snippet:-1, max-image-preview:large, max-video-preview:-1\" \/>\n<link rel=\"canonical\" href=\"https:\/\/www.creative.travel\/our-world\/sri-lanka\/\" \/>\n<meta property=\"og:locale\" content=\"pt_PT\" \/>\n<meta property=\"og:type\" content=\"article\" \/>\n<meta property=\"og:title\" content=\"SRI LANKA - Creative Travel I A family story since 1977\" \/>\n<meta property=\"og:description\" content=\"Viagens ao Sri Lanka \u00e9 uma onda suave, tropical. Desde o momento que cheguei, me senti abra\u00e7ado pela calorosa hospitalidade, pela sensual brisa do mar e pelos alimentos ricos em sabor. Embora o pa\u00eds tenha muitas conex\u00f5es hist\u00f3ricas e mitol\u00f3gicas compartilhadas com a \u00cdndia, \u00e9 menor, mais tranquilo e completamente original. Eu amei a exuber\u00e2ncia &hellip; Continuar a lerSRI LANKA &rarr;\" \/>\n<meta property=\"og:url\" content=\"https:\/\/www.creative.travel\/our-world\/sri-lanka\/\" \/>\n<meta property=\"og:site_name\" content=\"Creative Travel I A family story since 1977\" \/>\n<meta property=\"article:modified_time\" content=\"2018-02-15T06:47:57+00:00\" \/>\n<meta name=\"twitter:card\" content=\"summary_large_image\" \/>\n<meta name=\"twitter:label1\" content=\"Tempo estimado de leitura\" \/>\n\t<meta name=\"twitter:data1\" content=\"1 minuto\" \/>\n<script type=\"application\/ld+json\" class=\"yoast-schema-graph\">{\"@context\":\"https:\/\/schema.org\",\"@graph\":[{\"@type\":\"WebPage\",\"@id\":\"https:\/\/www.creative.travel\/our-world\/sri-lanka\/\",\"url\":\"https:\/\/www.creative.travel\/our-world\/sri-lanka\/\",\"name\":\"SRI LANKA - Creative Travel I A family story since 1977\",\"isPartOf\":{\"@id\":\"https:\/\/www.creative.travel\/es\/#website\"},\"datePublished\":\"2017-06-07T10:19:04+00:00\",\"dateModified\":\"2018-02-15T06:47:57+00:00\",\"breadcrumb\":{\"@id\":\"https:\/\/www.creative.travel\/our-world\/sri-lanka\/#breadcrumb\"},\"inLanguage\":\"pt-PT\",\"potentialAction\":[{\"@type\":\"ReadAction\",\"target\":[\"https:\/\/www.creative.travel\/our-world\/sri-lanka\/\"]}]},{\"@type\":\"BreadcrumbList\",\"@id\":\"https:\/\/www.creative.travel\/our-world\/sri-lanka\/#breadcrumb\",\"itemListElement\":[{\"@type\":\"ListItem\",\"position\":1,\"name\":\"Home\",\"item\":\"https:\/\/www.creative.travel\/pt-pt\/\"},{\"@type\":\"ListItem\",\"position\":2,\"name\":\"NOSSO MUNDO\",\"item\":\"https:\/\/www.creative.travel\/pt-pt\/our-world\/\"},{\"@type\":\"ListItem\",\"position\":3,\"name\":\"SRI LANKA\"}]},{\"@type\":\"WebSite\",\"@id\":\"https:\/\/www.creative.travel\/es\/#website\",\"url\":\"https:\/\/www.creative.travel\/es\/\",\"name\":\"Creative Travel I A family story since 1977\",\"description\":\"\",\"potentialAction\":[{\"@type\":\"SearchAction\",\"target\":{\"@type\":\"EntryPoint\",\"urlTemplate\":\"https:\/\/www.creative.travel\/es\/?s={search_term_string}\"},\"query-input\":{\"@type\":\"PropertyValueSpecification\",\"valueRequired\":true,\"valueName\":\"search_term_string\"}}],\"inLanguage\":\"pt-PT\"}]}<\/script>\n<!-- \/ Yoast SEO plugin. -->","yoast_head_json":{"title":"SRI LANKA - Creative Travel I A family story since 1977","robots":{"index":"index","follow":"follow","max-snippet":"max-snippet:-1","max-image-preview":"max-image-preview:large","max-video-preview":"max-video-preview:-1"},"canonical":"https:\/\/www.creative.travel\/our-world\/sri-lanka\/","og_locale":"pt_PT","og_type":"article","og_title":"SRI LANKA - Creative Travel I A family story since 1977","og_description":"Viagens ao Sri Lanka \u00e9 uma onda suave, tropical. Desde o momento que cheguei, me senti abra\u00e7ado pela calorosa hospitalidade, pela sensual brisa do mar e pelos alimentos ricos em sabor. Embora o pa\u00eds tenha muitas conex\u00f5es hist\u00f3ricas e mitol\u00f3gicas compartilhadas com a \u00cdndia, \u00e9 menor, mais tranquilo e completamente original. Eu amei a exuber\u00e2ncia &hellip; Continuar a lerSRI LANKA &rarr;","og_url":"https:\/\/www.creative.travel\/our-world\/sri-lanka\/","og_site_name":"Creative Travel I A family story since 1977","article_modified_time":"2018-02-15T06:47:57+00:00","twitter_card":"summary_large_image","twitter_misc":{"Tempo estimado de leitura":"1 minuto"},"schema":{"@context":"https:\/\/schema.org","@graph":[{"@type":"WebPage","@id":"https:\/\/www.creative.travel\/our-world\/sri-lanka\/","url":"https:\/\/www.creative.travel\/our-world\/sri-lanka\/","name":"SRI LANKA - Creative Travel I A family story since 1977","isPartOf":{"@id":"https:\/\/www.creative.travel\/es\/#website"},"datePublished":"2017-06-07T10:19:04+00:00","dateModified":"2018-02-15T06:47:57+00:00","breadcrumb":{"@id":"https:\/\/www.creative.travel\/our-world\/sri-lanka\/#breadcrumb"},"inLanguage":"pt-PT","potentialAction":[{"@type":"ReadAction","target":["https:\/\/www.creative.travel\/our-world\/sri-lanka\/"]}]},{"@type":"BreadcrumbList","@id":"https:\/\/www.creative.travel\/our-world\/sri-lanka\/#breadcrumb","itemListElement":[{"@type":"ListItem","position":1,"name":"Home","item":"https:\/\/www.creative.travel\/pt-pt\/"},{"@type":"ListItem","position":2,"name":"NOSSO MUNDO","item":"https:\/\/www.creative.travel\/pt-pt\/our-world\/"},{"@type":"ListItem","position":3,"name":"SRI LANKA"}]},{"@type":"WebSite","@id":"https:\/\/www.creative.travel\/es\/#website","url":"https:\/\/www.creative.travel\/es\/","name":"Creative Travel I A family story since 1977","description":"","potentialAction":[{"@type":"SearchAction","target":{"@type":"EntryPoint","urlTemplate":"https:\/\/www.creative.travel\/es\/?s={search_term_string}"},"query-input":{"@type":"PropertyValueSpecification","valueRequired":true,"valueName":"search_term_string"}}],"inLanguage":"pt-PT"}]}},"_links":{"self":[{"href":"https:\/\/www.creative.travel\/pt-pt\/wp-json\/wp\/v2\/pages\/1169","targetHints":{"allow":["GET"]}}],"collection":[{"href":"https:\/\/www.creative.travel\/pt-pt\/wp-json\/wp\/v2\/pages"}],"about":[{"href":"https:\/\/www.creative.travel\/pt-pt\/wp-json\/wp\/v2\/types\/page"}],"author":[{"embeddable":true,"href":"https:\/\/www.creative.travel\/pt-pt\/wp-json\/wp\/v2\/users\/3"}],"replies":[{"embeddable":true,"href":"https:\/\/www.creative.travel\/pt-pt\/wp-json\/wp\/v2\/comments?post=1169"}],"version-history":[{"count":1,"href":"https:\/\/www.creative.travel\/pt-pt\/wp-json\/wp\/v2\/pages\/1169\/revisions"}],"predecessor-version":[{"id":1171,"href":"https:\/\/www.creative.travel\/pt-pt\/wp-json\/wp\/v2\/pages\/1169\/revisions\/1171"}],"up":[{"embeddable":true,"href":"https:\/\/www.creative.travel\/pt-pt\/wp-json\/wp\/v2\/pages\/1253"}],"wp:attachment":[{"href":"https:\/\/www.creative.travel\/pt-pt\/wp-json\/wp\/v2\/media?parent=1169"}],"curies":[{"name":"wp","href":"https:\/\/api.w.org\/{rel}","templated":true}]}}