{"id":1162,"date":"2017-06-07T10:18:05","date_gmt":"2017-06-07T10:18:05","guid":{"rendered":"http:\/\/www.creative.travel\/india\/"},"modified":"2018-02-15T06:44:56","modified_gmt":"2018-02-15T06:44:56","slug":"india","status":"publish","type":"page","link":"https:\/\/www.creative.travel\/pt-pt\/our-world\/india\/","title":{"rendered":"\u00cdNDIA"},"content":{"rendered":"<p>Como muitos antes de mim, eu ca\u00ed no amor com as cores e o caos da \u00cdndia. Repleta de mist\u00e9rio e mitologia, varrida pelo tempo e conquistada e enfeitada com pompa e ritual, n\u00e3o h\u00e1 lugar como a \u00cdndia. Mas o que eu descobri, acima de tudo, \u00e9 que a \u00cdndia \u00e9 uma experi\u00eancia, mais do que um destino. E embora \u00e0s vezes possa ser esmagadora, n\u00e3o h\u00e1 nenhum ponto em tentar resolver, entender ou corrigir a \u00cdndia. \u00c9 um pa\u00eds de mais de 1 bilh\u00e3o de pessoas, e tem um impulso totalmente pr\u00f3prio. No momento em que voc\u00ea achar que entende de India \u00e9 precisamente no momento em que voc\u00ea perdeu o ponto.<\/p>\n<p>Eu me rendi \u00e0 magia da \u00cdndia e encontrei a verdade nestas palavras pelo autor Rumer Gon\u00e7alves, \u201cuma vez que voc\u00ea sinta o p\u00f3 indiano nunca ser\u00e1s livre disso.\u201d Nem palavras nem imagens podem evocar a complexidade da cultura, a diversidade do terreno, ou a intensidade das tradi\u00e7\u00f5es. Para sentir a magia dela, ser tocado por sua espiritualidade, ou participar nas suas celebra\u00e7\u00f5es, posso dizer por experi\u00eancia pr\u00f3pria.. &#8211; voc\u00ea simplesmente tem que estar na \u00cdndia.<\/p>\n","protected":false},"excerpt":{"rendered":"<p>Como muitos antes de mim, eu ca\u00ed no amor com as cores e o caos da \u00cdndia. Repleta de mist\u00e9rio e mitologia, varrida pelo tempo e conquistada e enfeitada com pompa e ritual, n\u00e3o h\u00e1 lugar como a \u00cdndia. Mas o que eu descobri, acima de tudo, \u00e9 que a \u00cdndia \u00e9 uma experi\u00eancia, mais &hellip; <a href=\"https:\/\/www.creative.travel\/pt-pt\/our-world\/india\/\" class=\"more-link\">Continuar a ler<span class=\"screen-reader-text\">\u00cdNDIA<\/span> <span class=\"meta-nav\">&rarr;<\/span><\/a><\/p>\n","protected":false},"author":3,"featured_media":0,"parent":1253,"menu_order":73,"comment_status":"closed","ping_status":"closed","template":"our-world-page-tem.php","meta":{"_acf_changed":false,"footnotes":""},"class_list":["post-1162","page","type-page","status-publish","hentry"],"acf":[],"yoast_head":"<!-- This site is optimized with the Yoast SEO plugin v25.5 - https:\/\/yoast.com\/wordpress\/plugins\/seo\/ -->\n<title>\u00cdNDIA - Creative Travel I A family story since 1977<\/title>\n<meta name=\"robots\" content=\"index, follow, max-snippet:-1, max-image-preview:large, max-video-preview:-1\" \/>\n<link rel=\"canonical\" href=\"https:\/\/www.creative.travel\/pt-pt\/our-world\/india\/\" \/>\n<meta property=\"og:locale\" content=\"pt_PT\" \/>\n<meta property=\"og:type\" content=\"article\" \/>\n<meta property=\"og:title\" content=\"\u00cdNDIA - Creative Travel I A family story since 1977\" \/>\n<meta property=\"og:description\" content=\"Como muitos antes de mim, eu ca\u00ed no amor com as cores e o caos da \u00cdndia. Repleta de mist\u00e9rio e mitologia, varrida pelo tempo e conquistada e enfeitada com pompa e ritual, n\u00e3o h\u00e1 lugar como a \u00cdndia. Mas o que eu descobri, acima de tudo, \u00e9 que a \u00cdndia \u00e9 uma experi\u00eancia, mais &hellip; Continuar a ler\u00cdNDIA &rarr;\" \/>\n<meta property=\"og:url\" content=\"https:\/\/www.creative.travel\/pt-pt\/our-world\/india\/\" \/>\n<meta property=\"og:site_name\" content=\"Creative Travel I A family story since 1977\" \/>\n<meta property=\"article:modified_time\" content=\"2018-02-15T06:44:56+00:00\" \/>\n<meta name=\"twitter:card\" content=\"summary_large_image\" \/>\n<meta name=\"twitter:label1\" content=\"Tempo estimado de leitura\" \/>\n\t<meta name=\"twitter:data1\" content=\"1 minuto\" \/>\n<script type=\"application\/ld+json\" class=\"yoast-schema-graph\">{\"@context\":\"https:\/\/schema.org\",\"@graph\":[{\"@type\":\"WebPage\",\"@id\":\"https:\/\/www.creative.travel\/pt-pt\/our-world\/india\/\",\"url\":\"https:\/\/www.creative.travel\/pt-pt\/our-world\/india\/\",\"name\":\"\u00cdNDIA - Creative Travel I A family story since 1977\",\"isPartOf\":{\"@id\":\"https:\/\/www.creative.travel\/es\/#website\"},\"datePublished\":\"2017-06-07T10:18:05+00:00\",\"dateModified\":\"2018-02-15T06:44:56+00:00\",\"breadcrumb\":{\"@id\":\"https:\/\/www.creative.travel\/pt-pt\/our-world\/india\/#breadcrumb\"},\"inLanguage\":\"pt-PT\",\"potentialAction\":[{\"@type\":\"ReadAction\",\"target\":[\"https:\/\/www.creative.travel\/pt-pt\/our-world\/india\/\"]}]},{\"@type\":\"BreadcrumbList\",\"@id\":\"https:\/\/www.creative.travel\/pt-pt\/our-world\/india\/#breadcrumb\",\"itemListElement\":[{\"@type\":\"ListItem\",\"position\":1,\"name\":\"Home\",\"item\":\"https:\/\/www.creative.travel\/pt-pt\/\"},{\"@type\":\"ListItem\",\"position\":2,\"name\":\"NOSSO MUNDO\",\"item\":\"https:\/\/www.creative.travel\/pt-pt\/our-world\/\"},{\"@type\":\"ListItem\",\"position\":3,\"name\":\"\u00cdNDIA\"}]},{\"@type\":\"WebSite\",\"@id\":\"https:\/\/www.creative.travel\/es\/#website\",\"url\":\"https:\/\/www.creative.travel\/es\/\",\"name\":\"Creative Travel I A family story since 1977\",\"description\":\"\",\"potentialAction\":[{\"@type\":\"SearchAction\",\"target\":{\"@type\":\"EntryPoint\",\"urlTemplate\":\"https:\/\/www.creative.travel\/es\/?s={search_term_string}\"},\"query-input\":{\"@type\":\"PropertyValueSpecification\",\"valueRequired\":true,\"valueName\":\"search_term_string\"}}],\"inLanguage\":\"pt-PT\"}]}<\/script>\n<!-- \/ Yoast SEO plugin. -->","yoast_head_json":{"title":"\u00cdNDIA - Creative Travel I A family story since 1977","robots":{"index":"index","follow":"follow","max-snippet":"max-snippet:-1","max-image-preview":"max-image-preview:large","max-video-preview":"max-video-preview:-1"},"canonical":"https:\/\/www.creative.travel\/pt-pt\/our-world\/india\/","og_locale":"pt_PT","og_type":"article","og_title":"\u00cdNDIA - Creative Travel I A family story since 1977","og_description":"Como muitos antes de mim, eu ca\u00ed no amor com as cores e o caos da \u00cdndia. Repleta de mist\u00e9rio e mitologia, varrida pelo tempo e conquistada e enfeitada com pompa e ritual, n\u00e3o h\u00e1 lugar como a \u00cdndia. Mas o que eu descobri, acima de tudo, \u00e9 que a \u00cdndia \u00e9 uma experi\u00eancia, mais &hellip; Continuar a ler\u00cdNDIA &rarr;","og_url":"https:\/\/www.creative.travel\/pt-pt\/our-world\/india\/","og_site_name":"Creative Travel I A family story since 1977","article_modified_time":"2018-02-15T06:44:56+00:00","twitter_card":"summary_large_image","twitter_misc":{"Tempo estimado de leitura":"1 minuto"},"schema":{"@context":"https:\/\/schema.org","@graph":[{"@type":"WebPage","@id":"https:\/\/www.creative.travel\/pt-pt\/our-world\/india\/","url":"https:\/\/www.creative.travel\/pt-pt\/our-world\/india\/","name":"\u00cdNDIA - Creative Travel I A family story since 1977","isPartOf":{"@id":"https:\/\/www.creative.travel\/es\/#website"},"datePublished":"2017-06-07T10:18:05+00:00","dateModified":"2018-02-15T06:44:56+00:00","breadcrumb":{"@id":"https:\/\/www.creative.travel\/pt-pt\/our-world\/india\/#breadcrumb"},"inLanguage":"pt-PT","potentialAction":[{"@type":"ReadAction","target":["https:\/\/www.creative.travel\/pt-pt\/our-world\/india\/"]}]},{"@type":"BreadcrumbList","@id":"https:\/\/www.creative.travel\/pt-pt\/our-world\/india\/#breadcrumb","itemListElement":[{"@type":"ListItem","position":1,"name":"Home","item":"https:\/\/www.creative.travel\/pt-pt\/"},{"@type":"ListItem","position":2,"name":"NOSSO MUNDO","item":"https:\/\/www.creative.travel\/pt-pt\/our-world\/"},{"@type":"ListItem","position":3,"name":"\u00cdNDIA"}]},{"@type":"WebSite","@id":"https:\/\/www.creative.travel\/es\/#website","url":"https:\/\/www.creative.travel\/es\/","name":"Creative Travel I A family story since 1977","description":"","potentialAction":[{"@type":"SearchAction","target":{"@type":"EntryPoint","urlTemplate":"https:\/\/www.creative.travel\/es\/?s={search_term_string}"},"query-input":{"@type":"PropertyValueSpecification","valueRequired":true,"valueName":"search_term_string"}}],"inLanguage":"pt-PT"}]}},"_links":{"self":[{"href":"https:\/\/www.creative.travel\/pt-pt\/wp-json\/wp\/v2\/pages\/1162","targetHints":{"allow":["GET"]}}],"collection":[{"href":"https:\/\/www.creative.travel\/pt-pt\/wp-json\/wp\/v2\/pages"}],"about":[{"href":"https:\/\/www.creative.travel\/pt-pt\/wp-json\/wp\/v2\/types\/page"}],"author":[{"embeddable":true,"href":"https:\/\/www.creative.travel\/pt-pt\/wp-json\/wp\/v2\/users\/3"}],"replies":[{"embeddable":true,"href":"https:\/\/www.creative.travel\/pt-pt\/wp-json\/wp\/v2\/comments?post=1162"}],"version-history":[{"count":4,"href":"https:\/\/www.creative.travel\/pt-pt\/wp-json\/wp\/v2\/pages\/1162\/revisions"}],"predecessor-version":[{"id":1900,"href":"https:\/\/www.creative.travel\/pt-pt\/wp-json\/wp\/v2\/pages\/1162\/revisions\/1900"}],"up":[{"embeddable":true,"href":"https:\/\/www.creative.travel\/pt-pt\/wp-json\/wp\/v2\/pages\/1253"}],"wp:attachment":[{"href":"https:\/\/www.creative.travel\/pt-pt\/wp-json\/wp\/v2\/media?parent=1162"}],"curies":[{"name":"wp","href":"https:\/\/api.w.org\/{rel}","templated":true}]}}