{"id":1140,"date":"2017-05-30T12:51:08","date_gmt":"2017-05-30T12:51:08","guid":{"rendered":"http:\/\/www.creative.travel\/?page_id=1140"},"modified":"2018-02-07T07:46:11","modified_gmt":"2018-02-07T07:46:11","slug":"home","status":"publish","type":"page","link":"https:\/\/www.creative.travel\/pt-pt\/","title":{"rendered":"Home"},"content":{"rendered":"<img loading=\"lazy\" decoding=\"async\" class=\"alignnone size-full wp-image-354\" src=\"http:\/\/www.creative.travel\/wp-content\/uploads\/2017\/06\/CT-40-year-logo.png\" alt=\"\" width=\"110\" height=\"107\" \/>\n<h3>BEM-VINDO A UM<\/h3>\n<h2>MUNDO CRIATIVO<\/h2>\n<p>H\u00e1 muitos anos atr\u00e1s, enquanto n\u00f3s cresc\u00edamos como empresa, n\u00f3s chegamos \u00e0 descoberta de que nosso amor n\u00e3o estava em reservas de hot\u00e9is ou passeios, mas ao apresentar experi\u00eancias \u00fanicas e envolventes atrav\u00e9s dos pa\u00edses que cobrimos. Percebemos que nossas terras t\u00eam muitos recantos escondidos, muitos momentos um-de-cadatipo, muitos mist\u00e9rios e muitas hist\u00f3rias<\/p>\n","protected":false},"excerpt":{"rendered":"<p>BEM-VINDO A UM MUNDO CRIATIVO H\u00e1 muitos anos atr\u00e1s, enquanto n\u00f3s cresc\u00edamos como empresa, n\u00f3s chegamos \u00e0 descoberta de que nosso amor n\u00e3o estava em reservas de hot\u00e9is ou passeios, mas ao apresentar experi\u00eancias \u00fanicas e envolventes atrav\u00e9s dos pa\u00edses que cobrimos. Percebemos que nossas terras t\u00eam muitos recantos escondidos, muitos momentos um-de-cadatipo, muitos mist\u00e9rios &hellip; <a href=\"https:\/\/www.creative.travel\/pt-pt\/\" class=\"more-link\">Continuar a ler<span class=\"screen-reader-text\">Home<\/span> <span class=\"meta-nav\">&rarr;<\/span><\/a><\/p>\n","protected":false},"author":3,"featured_media":0,"parent":0,"menu_order":85,"comment_status":"closed","ping_status":"closed","template":"","meta":{"_acf_changed":false,"footnotes":""},"class_list":["post-1140","page","type-page","status-publish","hentry"],"acf":[],"yoast_head":"<!-- This site is optimized with the Yoast SEO plugin v25.5 - https:\/\/yoast.com\/wordpress\/plugins\/seo\/ -->\n<title>Home - Creative Travel I A family story since 1977<\/title>\n<meta name=\"robots\" content=\"index, follow, max-snippet:-1, max-image-preview:large, max-video-preview:-1\" \/>\n<link rel=\"canonical\" href=\"https:\/\/www.creative.travel\/pt-pt\/\" \/>\n<meta property=\"og:locale\" content=\"pt_PT\" \/>\n<meta property=\"og:type\" content=\"article\" \/>\n<meta property=\"og:title\" content=\"Home - Creative Travel I A family story since 1977\" \/>\n<meta property=\"og:description\" content=\"BEM-VINDO A UM MUNDO CRIATIVO H\u00e1 muitos anos atr\u00e1s, enquanto n\u00f3s cresc\u00edamos como empresa, n\u00f3s chegamos \u00e0 descoberta de que nosso amor n\u00e3o estava em reservas de hot\u00e9is ou passeios, mas ao apresentar experi\u00eancias \u00fanicas e envolventes atrav\u00e9s dos pa\u00edses que cobrimos. Percebemos que nossas terras t\u00eam muitos recantos escondidos, muitos momentos um-de-cadatipo, muitos mist\u00e9rios &hellip; Continuar a lerHome &rarr;\" \/>\n<meta property=\"og:url\" content=\"https:\/\/www.creative.travel\/pt-pt\/\" \/>\n<meta property=\"og:site_name\" content=\"Creative Travel I A family story since 1977\" \/>\n<meta property=\"article:modified_time\" content=\"2018-02-07T07:46:11+00:00\" \/>\n<meta property=\"og:image\" content=\"http:\/\/www.creative.travel\/wp-content\/uploads\/2017\/06\/CT-40-year-logo.png\" \/>\n<meta name=\"twitter:card\" content=\"summary_large_image\" \/>\n<script type=\"application\/ld+json\" class=\"yoast-schema-graph\">{\"@context\":\"https:\/\/schema.org\",\"@graph\":[{\"@type\":\"WebPage\",\"@id\":\"https:\/\/www.creative.travel\/pt-pt\/\",\"url\":\"https:\/\/www.creative.travel\/pt-pt\/\",\"name\":\"Home - Creative Travel I A family story since 1977\",\"isPartOf\":{\"@id\":\"https:\/\/www.creative.travel\/es\/#website\"},\"primaryImageOfPage\":{\"@id\":\"https:\/\/www.creative.travel\/pt-pt\/#primaryimage\"},\"image\":{\"@id\":\"https:\/\/www.creative.travel\/pt-pt\/#primaryimage\"},\"thumbnailUrl\":\"http:\/\/www.creative.travel\/wp-content\/uploads\/2017\/06\/CT-40-year-logo.png\",\"datePublished\":\"2017-05-30T12:51:08+00:00\",\"dateModified\":\"2018-02-07T07:46:11+00:00\",\"breadcrumb\":{\"@id\":\"https:\/\/www.creative.travel\/pt-pt\/#breadcrumb\"},\"inLanguage\":\"pt-PT\",\"potentialAction\":[{\"@type\":\"ReadAction\",\"target\":[\"https:\/\/www.creative.travel\/pt-pt\/\"]}]},{\"@type\":\"ImageObject\",\"inLanguage\":\"pt-PT\",\"@id\":\"https:\/\/www.creative.travel\/pt-pt\/#primaryimage\",\"url\":\"http:\/\/www.creative.travel\/wp-content\/uploads\/2017\/06\/CT-40-year-logo.png\",\"contentUrl\":\"http:\/\/www.creative.travel\/wp-content\/uploads\/2017\/06\/CT-40-year-logo.png\"},{\"@type\":\"BreadcrumbList\",\"@id\":\"https:\/\/www.creative.travel\/pt-pt\/#breadcrumb\",\"itemListElement\":[{\"@type\":\"ListItem\",\"position\":1,\"name\":\"Home\",\"item\":\"https:\/\/www.creative.travel\/pt-pt\/\"},{\"@type\":\"ListItem\",\"position\":2,\"name\":\"Home\"}]},{\"@type\":\"WebSite\",\"@id\":\"https:\/\/www.creative.travel\/es\/#website\",\"url\":\"https:\/\/www.creative.travel\/es\/\",\"name\":\"Creative Travel I A family story since 1977\",\"description\":\"\",\"potentialAction\":[{\"@type\":\"SearchAction\",\"target\":{\"@type\":\"EntryPoint\",\"urlTemplate\":\"https:\/\/www.creative.travel\/es\/?s={search_term_string}\"},\"query-input\":{\"@type\":\"PropertyValueSpecification\",\"valueRequired\":true,\"valueName\":\"search_term_string\"}}],\"inLanguage\":\"pt-PT\"}]}<\/script>\n<!-- \/ Yoast SEO plugin. -->","yoast_head_json":{"title":"Home - Creative Travel I A family story since 1977","robots":{"index":"index","follow":"follow","max-snippet":"max-snippet:-1","max-image-preview":"max-image-preview:large","max-video-preview":"max-video-preview:-1"},"canonical":"https:\/\/www.creative.travel\/pt-pt\/","og_locale":"pt_PT","og_type":"article","og_title":"Home - Creative Travel I A family story since 1977","og_description":"BEM-VINDO A UM MUNDO CRIATIVO H\u00e1 muitos anos atr\u00e1s, enquanto n\u00f3s cresc\u00edamos como empresa, n\u00f3s chegamos \u00e0 descoberta de que nosso amor n\u00e3o estava em reservas de hot\u00e9is ou passeios, mas ao apresentar experi\u00eancias \u00fanicas e envolventes atrav\u00e9s dos pa\u00edses que cobrimos. Percebemos que nossas terras t\u00eam muitos recantos escondidos, muitos momentos um-de-cadatipo, muitos mist\u00e9rios &hellip; Continuar a lerHome &rarr;","og_url":"https:\/\/www.creative.travel\/pt-pt\/","og_site_name":"Creative Travel I A family story since 1977","article_modified_time":"2018-02-07T07:46:11+00:00","og_image":[{"url":"http:\/\/www.creative.travel\/wp-content\/uploads\/2017\/06\/CT-40-year-logo.png","type":"","width":"","height":""}],"twitter_card":"summary_large_image","schema":{"@context":"https:\/\/schema.org","@graph":[{"@type":"WebPage","@id":"https:\/\/www.creative.travel\/pt-pt\/","url":"https:\/\/www.creative.travel\/pt-pt\/","name":"Home - Creative Travel I A family story since 1977","isPartOf":{"@id":"https:\/\/www.creative.travel\/es\/#website"},"primaryImageOfPage":{"@id":"https:\/\/www.creative.travel\/pt-pt\/#primaryimage"},"image":{"@id":"https:\/\/www.creative.travel\/pt-pt\/#primaryimage"},"thumbnailUrl":"http:\/\/www.creative.travel\/wp-content\/uploads\/2017\/06\/CT-40-year-logo.png","datePublished":"2017-05-30T12:51:08+00:00","dateModified":"2018-02-07T07:46:11+00:00","breadcrumb":{"@id":"https:\/\/www.creative.travel\/pt-pt\/#breadcrumb"},"inLanguage":"pt-PT","potentialAction":[{"@type":"ReadAction","target":["https:\/\/www.creative.travel\/pt-pt\/"]}]},{"@type":"ImageObject","inLanguage":"pt-PT","@id":"https:\/\/www.creative.travel\/pt-pt\/#primaryimage","url":"http:\/\/www.creative.travel\/wp-content\/uploads\/2017\/06\/CT-40-year-logo.png","contentUrl":"http:\/\/www.creative.travel\/wp-content\/uploads\/2017\/06\/CT-40-year-logo.png"},{"@type":"BreadcrumbList","@id":"https:\/\/www.creative.travel\/pt-pt\/#breadcrumb","itemListElement":[{"@type":"ListItem","position":1,"name":"Home","item":"https:\/\/www.creative.travel\/pt-pt\/"},{"@type":"ListItem","position":2,"name":"Home"}]},{"@type":"WebSite","@id":"https:\/\/www.creative.travel\/es\/#website","url":"https:\/\/www.creative.travel\/es\/","name":"Creative Travel I A family story since 1977","description":"","potentialAction":[{"@type":"SearchAction","target":{"@type":"EntryPoint","urlTemplate":"https:\/\/www.creative.travel\/es\/?s={search_term_string}"},"query-input":{"@type":"PropertyValueSpecification","valueRequired":true,"valueName":"search_term_string"}}],"inLanguage":"pt-PT"}]}},"_links":{"self":[{"href":"https:\/\/www.creative.travel\/pt-pt\/wp-json\/wp\/v2\/pages\/1140","targetHints":{"allow":["GET"]}}],"collection":[{"href":"https:\/\/www.creative.travel\/pt-pt\/wp-json\/wp\/v2\/pages"}],"about":[{"href":"https:\/\/www.creative.travel\/pt-pt\/wp-json\/wp\/v2\/types\/page"}],"author":[{"embeddable":true,"href":"https:\/\/www.creative.travel\/pt-pt\/wp-json\/wp\/v2\/users\/3"}],"replies":[{"embeddable":true,"href":"https:\/\/www.creative.travel\/pt-pt\/wp-json\/wp\/v2\/comments?post=1140"}],"version-history":[{"count":8,"href":"https:\/\/www.creative.travel\/pt-pt\/wp-json\/wp\/v2\/pages\/1140\/revisions"}],"predecessor-version":[{"id":1152,"href":"https:\/\/www.creative.travel\/pt-pt\/wp-json\/wp\/v2\/pages\/1140\/revisions\/1152"}],"wp:attachment":[{"href":"https:\/\/www.creative.travel\/pt-pt\/wp-json\/wp\/v2\/media?parent=1140"}],"curies":[{"name":"wp","href":"https:\/\/api.w.org\/{rel}","templated":true}]}}