{"id":2375,"date":"2018-09-25T07:21:24","date_gmt":"2018-09-25T07:21:24","guid":{"rendered":"http:\/\/www.creative.travel\/?page_id=2375"},"modified":"2023-06-20T19:05:29","modified_gmt":"2023-06-20T19:05:29","slug":"creative-press","status":"publish","type":"page","link":"https:\/\/www.creative.travel\/es\/creative-press\/","title":{"rendered":"PRENSA DE CREATIVE"},"content":{"rendered":"<h3 style=\"text-align: center;\">\u201cUn brillante ejemplo de \u00e9xito internacional y una rara combinaci\u00f3n de propiedad familiar y escala, aqu\u00ed est\u00e1 todo lo que necesitas saber sobre el legado de Creative.\u201d &#8211; Rajeev Kohli, Director General Conjunto de Creative Travel.<\/h3>\n<p style=\"text-align: center;\"><strong>Lee la historia en M&amp;IT en la edici\u00f3n de junio india, p\u00e1ginas 18 y 19<\/strong><\/p>\n<a href=\"http:\/\/bit.ly\/2KHpnSX\" target=\"_blank\" rel=\"noopener\"><img loading=\"lazy\" decoding=\"async\" class=\"aligncenter size-full wp-image-1671\" src=\"http:\/\/www.creative.travel\/wp-content\/uploads\/2018\/06\/Untitled-1.jpg\" alt=\"\" width=\"500\" height=\"547\" \/><\/a>\n<h3 style=\"text-align: center;\">\u201cNuestros destinos necesitan pensar como comerciales. Adoptar un enfoque orientado al consumidor.<br \/>\nEstoy seguro de que esto marcar\u00e1 la diferencia\u201d &#8211; Rajeev Kohli, Director General Conjunto de Creative Travel.<\/h3>\n<p style=\"text-align: center;\"><strong>Esc\u00fachalo de un experto, p\u00e1g. 12 y 13<\/strong><\/p>\n<a href=\"http:\/\/bit.ly\/2KHpnSX\" target=\"_blank\" rel=\"noopener\"><img loading=\"lazy\" decoding=\"async\" class=\"aligncenter size-full wp-image-1671\" src=\"http:\/\/www.creative.travel\/wp-content\/uploads\/2018\/05\/mice-march-2018-13.jpg\" alt=\"\" width=\"500\" height=\"547\" \/><\/a>\n<h3 style=\"text-align: center;\">Nuestro Director General Conjunto, Rajeev Kohli, habla de c\u00f3mo el MICE no es<br \/>\nturismo sino eventos empresariales, y los cuatro componentes que conforman este segmento.<\/h3>\n<p style=\"text-align: center;\"><strong>Lee la columna de invitados en la edici\u00f3n de marzo de #MICEINSIDERS<\/strong><\/p>\n<img loading=\"lazy\" decoding=\"async\" class=\"aligncenter size-full wp-image-1671\" src=\"http:\/\/www.creative.travel\/wp-content\/uploads\/2018\/04\/018.jpg\" alt=\"\" width=\"500\" height=\"547\" \/>\n<h3 style=\"text-align: center;\">\u201cEs hora de hacer una pausa, respirar hondo y evaluar lo que nosotros, en la<br \/>\nindustria del turismo de la India podr\u00edamos haber estado haciendo mal. Echa un vistazo a<br \/>\nla columna de invitados de Rajeev Kohli, nuestro Director General Conjunto, en la edici\u00f3n de enero de Travel Trade Journal.<\/h3>\n<a href=\"http:\/\/www.traveltradejournal.com\/the-light-at-the-end-of-the-tunnel\/\" target=\"_blank\" rel=\"noopener\"><img loading=\"lazy\" decoding=\"async\" class=\"aligncenter size-full wp-image-1671\" src=\"http:\/\/www.creative.travel\/wp-content\/uploads\/2018\/04\/Page20.jpg\" alt=\"\" width=\"500\" height=\"547\" \/><\/a>\n<h3 style=\"text-align: center;\">Nuestro Director General Conjunto, Rajeev Kohli, ha sido incluido en la lista de las 25 personas m\u00e1s influyentes en la industria de los incentivos de 2017.<\/h3>\n<a href=\"http:\/\/www.incentivemag.com\/news\/industry\/incentive-industry-25-most-influential-people-2017\/\" target=\"_blank\" rel=\"noopener\"><img loading=\"lazy\" decoding=\"async\" class=\"aligncenter size-full wp-image-1671\" src=\"http:\/\/www.creative.travel\/wp-content\/uploads\/2018\/04\/23659533_1941611472523641_5544712923254222837_n.jpg\" alt=\"\" width=\"500\" height=\"547\" \/><\/a>\n<p><!-- Old section--><\/p>\n<h3 style=\"text-align: center;\">Entrevista exclusiva con Rajeev Kohli, Director General Conjunto de Creative Travel.<\/h3>\n<p style=\"text-align: center;\"><strong>24 de abril, 2016<\/strong><\/p>\n<a href=\"http:\/\/kongres-magazine.eu\/2016\/04\/exclusive-interview-rajeev-kohli-joint-managing-director-creative-travel\/\" target=\"_blank\" rel=\"noopener\"><img loading=\"lazy\" decoding=\"async\" class=\"aligncenter size-full wp-image-1671\" src=\"http:\/\/www.creative.travel\/wp-content\/uploads\/2018\/03\/kongress_exclusive-interview-rajeev.jpg\" alt=\"\" width=\"500\" height=\"547\" srcset=\"https:\/\/www.creative.travel\/wp-content\/uploads\/2018\/03\/kongress_exclusive-interview-rajeev.jpg 500w, https:\/\/www.creative.travel\/wp-content\/uploads\/2018\/03\/kongress_exclusive-interview-rajeev-274x300.jpg 274w\" sizes=\"auto, (max-width: 500px) 100vw, 500px\" \/><\/a>\n<h3 style=\"text-align: center;\">Los destinos emergentes miran hacia el futuro<\/h3>\n<a href=\"https:\/\/www.facebook.com\/intoursmice\/photos\/pcb.966419066740886\/966417406741052\/?type=3&amp;theater\" target=\"_blank\" rel=\"noopener\"><img loading=\"lazy\" decoding=\"async\" class=\"aligncenter size-full wp-image-1677\" src=\"http:\/\/www.creative.travel\/wp-content\/uploads\/2018\/03\/emerging_destinations_rajeev.png\" alt=\"\" width=\"388\" height=\"786\" srcset=\"https:\/\/www.creative.travel\/wp-content\/uploads\/2018\/03\/emerging_destinations_rajeev.png 388w, https:\/\/www.creative.travel\/wp-content\/uploads\/2018\/03\/emerging_destinations_rajeev-148x300.png 148w\" sizes=\"auto, (max-width: 388px) 100vw, 388px\" \/><\/a>\n<h3 style=\"text-align: center;\">Rajeev Kohli, Presidente Electo 2015 para SITE<\/h3>\n<a href=\"http:\/\/www.meetbizindia.com\/rajeev-kohli-elected-sites-2015-president-elect\/\" target=\"_blank\" rel=\"noopener\"><img loading=\"lazy\" decoding=\"async\" class=\"aligncenter size-full wp-image-1678\" src=\"http:\/\/www.creative.travel\/wp-content\/uploads\/2018\/03\/mt-rajeev-president-site.jpg\" alt=\"\" width=\"500\" height=\"547\" srcset=\"https:\/\/www.creative.travel\/wp-content\/uploads\/2018\/03\/mt-rajeev-president-site.jpg 500w, https:\/\/www.creative.travel\/wp-content\/uploads\/2018\/03\/mt-rajeev-president-site-274x300.jpg 274w\" sizes=\"auto, (max-width: 500px) 100vw, 500px\" \/><\/a>\n<h3 style=\"text-align: center;\">Un d\u00eda en la vida de Rajeev Kohli, Director General Conjunto, Creative Travel.<\/h3>\n<a href=\"http:\/\/www.travelbizmonitor.com\/A-Day-in-the-Life-of\/rajeev-kohli-joint-managing-director-creative-travel-24520\" target=\"_blank\" rel=\"noopener\"><img loading=\"lazy\" decoding=\"async\" class=\"aligncenter size-full wp-image-1679\" src=\"http:\/\/www.creative.travel\/wp-content\/uploads\/2018\/03\/travelbiz-dayinlife-rajeev.jpg\" alt=\"\" width=\"500\" height=\"1165\" srcset=\"https:\/\/www.creative.travel\/wp-content\/uploads\/2018\/03\/travelbiz-dayinlife-rajeev.jpg 500w, https:\/\/www.creative.travel\/wp-content\/uploads\/2018\/03\/travelbiz-dayinlife-rajeev-129x300.jpg 129w, https:\/\/www.creative.travel\/wp-content\/uploads\/2018\/03\/travelbiz-dayinlife-rajeev-439x1024.jpg 439w\" sizes=\"auto, (max-width: 500px) 100vw, 500px\" \/><\/a>\n<h3 style=\"text-align: center;\">Creative gana 5 prestigiosos premios mundiales en octubre de 2015!<\/h3>\n<img loading=\"lazy\" decoding=\"async\" class=\"aligncenter size-full wp-image-1680\" src=\"http:\/\/www.creative.travel\/wp-content\/uploads\/2018\/03\/oct15C6.jpg\" alt=\"\" width=\"580\" height=\"177\" srcset=\"https:\/\/www.creative.travel\/wp-content\/uploads\/2018\/03\/oct15C6.jpg 580w, https:\/\/www.creative.travel\/wp-content\/uploads\/2018\/03\/oct15C6-300x92.jpg 300w\" sizes=\"auto, (max-width: 580px) 100vw, 580px\" \/>\n<ul>\n<li>Empresa de gesti\u00f3n de destinos l\u00edder de Asia en 2015<\/li>\n<li>Empresa de gesti\u00f3n de destinos l\u00edder de la India en 2015<\/li>\n<li>Agencia de viajes de lujo l\u00edder en la India en 2015<\/li>\n<li>Mejor Agencia de Viajes en India por TTG en 2015<\/li>\n<li>SITE Crystal Award en 2015<\/li>\n<\/ul>\n<h3 style=\"text-align: center;\">World Travel Awards en 2015<\/h3>\n<p>El\u00a0<b>30 de octubre<\/b>, en una brillante presentaci\u00f3n en el\u00a0<b>Ceremonia de Gala de los World Travel Awards Asia &amp; Australasia 2015 en Hong Kong<\/b>, Creative Travel se enorgullece de haber sido galardonado como\u00a0<b>\u00abEmpresa de gesti\u00f3n de destinos l\u00edder de Asia\u00bb<\/b>(nuestra cuarta victoria),\u00a0<b>\u00abmpresa de gesti\u00f3n de destinos tur\u00edsticos l\u00edder de la India\u00bb (nuestra quinta victoria) y \u00abAgencia de viajes de lujo l\u00edder en la India\u00bb<\/b>\u00a0(nuestra segunda victoria) en la Ceremonia de los World Travel Awards en 2014. Aclamados como \u00abLos Oscar de la industria tur\u00edstica\u00bb, los World Travel Awards celebran su 22\u00ba aniversario este a\u00f1o y son reconocidos en todo el mundo como el galard\u00f3n de viajes m\u00e1s importante, y su objetivo es celebrar aquellas marcas que est\u00e1n expandiendo los l\u00edmites de la excelencia en la industria. Asistieron a la ceremonia de entrega de premios m\u00e1s de 300 l\u00edderes de la industria y dignatarios de toda Asia y el Pac\u00edfico.<\/p>\n<p><img loading=\"lazy\" decoding=\"async\" class=\"size-full wp-image-1684 aligncenter\" src=\"http:\/\/www.creative.travel\/wp-content\/uploads\/2018\/03\/oct15C1_1.jpg\" alt=\"\" width=\"700\" height=\"526\" srcset=\"https:\/\/www.creative.travel\/wp-content\/uploads\/2018\/03\/oct15C1_1.jpg 700w, https:\/\/www.creative.travel\/wp-content\/uploads\/2018\/03\/oct15C1_1-300x225.jpg 300w\" sizes=\"auto, (max-width: 700px) 100vw, 700px\" \/><br \/>\n<img loading=\"lazy\" decoding=\"async\" class=\"size-full wp-image-1685 aligncenter\" src=\"http:\/\/www.creative.travel\/wp-content\/uploads\/2018\/03\/oct15C5_1.jpg\" alt=\"\" width=\"526\" height=\"700\" srcset=\"https:\/\/www.creative.travel\/wp-content\/uploads\/2018\/03\/oct15C5_1.jpg 526w, https:\/\/www.creative.travel\/wp-content\/uploads\/2018\/03\/oct15C5_1-225x300.jpg 225w\" sizes=\"auto, (max-width: 526px) 100vw, 526px\" \/><br \/>\nEl premio fue aceptado por el jefe de operaciones de Creative, Sandeep Kapur.<\/p>\n<p><u><b><big><span style=\"font-size: small;\">Creative Travel India gana su 6\u00ba SITE Crystal Award, un prestigioso premio a la Excelencia en la Industria de Incentivos<\/span><\/big><\/b><\/u><\/p>\n<p>Quer\u00edamos compartir algunas buenas noticias. El\u00a0<b>24 de Octubre<\/b>en Nueva Delhi, Creative recibi\u00f3 el\u00a0<b>6\u00ba Premio SITE Crystal Award<\/b>\u00a0en la Conferencia Mundial de SITE (Society for Incentive Travel Excellence) de 2015. Este es realmente un gran honor para nosotros, ya que se trata del premio global m\u00e1s alto en la industria de incentivos y estamos orgullosos de haber honrado una vez m\u00e1s a la India.<\/p>\n<img loading=\"lazy\" decoding=\"async\" class=\"size-full wp-image-1686 aligncenter\" src=\"http:\/\/www.creative.travel\/wp-content\/uploads\/2018\/03\/oct15C7_1.jpg\" alt=\"\" width=\"530\" height=\"353\" srcset=\"https:\/\/www.creative.travel\/wp-content\/uploads\/2018\/03\/oct15C7_1.jpg 530w, https:\/\/www.creative.travel\/wp-content\/uploads\/2018\/03\/oct15C7_1-300x200.jpg 300w\" sizes=\"auto, (max-width: 530px) 100vw, 530px\" \/>\n<p>En 1980, Site cre\u00f3 el Programa de Reconocimiento de los Premios Crystal como una forma de honrar a los mejores profesionales que ofrecen programas que conectan experiencias motivadoras con resultados empresariales s\u00f3lidos. Hoy en d\u00eda, el Crystal Award sirve como un punto de referencia para los programas de la industria y es considerado como el honor m\u00e1s alto de la industria. El sitio fomenta la participaci\u00f3n de todos los l\u00edderes y disciplinas de la industria que participan en el desarrollo y la ejecuci\u00f3n de programas de mejora del rendimiento.<\/p>\n<img loading=\"lazy\" decoding=\"async\" class=\"size-full wp-image-1687 aligncenter\" src=\"http:\/\/www.creative.travel\/wp-content\/uploads\/2018\/03\/oct15C8_1.jpg\" alt=\"\" width=\"530\" height=\"353\" srcset=\"https:\/\/www.creative.travel\/wp-content\/uploads\/2018\/03\/oct15C8_1.jpg 530w, https:\/\/www.creative.travel\/wp-content\/uploads\/2018\/03\/oct15C8_1-300x200.jpg 300w\" sizes=\"auto, (max-width: 530px) 100vw, 530px\" \/>\n<p>Para leer m\u00e1s sobre este programa de premios,\u00a0<a href=\"http:\/\/www.siteglobal.com\/p\/cm\/ld\/fid=478\" target=\"_blank\" rel=\"noopener\">visita este enlace<\/a><\/p>\n<p>El premio fue aceptado por Afzal Saghir y Swapnil Jha de nuestro equipo de incentivos junto con nuestro socio de M\u00e9xico.<\/p>\n<p><big><u><b><span style=\"font-size: small;\">Premio TTG Travel Award Asia 2015<\/span><\/b><\/u><\/big><\/p>\n<p>En la 26\u00aa edici\u00f3n del premio anual TTG Asia Travel Award, Creative Travel fue honrado con su\u00a0<b>5\u00ba Premio a la \u201cMejor Agencia de Viajes\u201d de la India.<\/b><\/p>\n<img loading=\"lazy\" decoding=\"async\" class=\"size-full wp-image-1688 aligncenter\" src=\"http:\/\/www.creative.travel\/wp-content\/uploads\/2018\/03\/oct15C9_1.jpg\" alt=\"\" width=\"700\" height=\"394\" srcset=\"https:\/\/www.creative.travel\/wp-content\/uploads\/2018\/03\/oct15C9_1.jpg 700w, https:\/\/www.creative.travel\/wp-content\/uploads\/2018\/03\/oct15C9_1-300x169.jpg 300w\" sizes=\"auto, (max-width: 700px) 100vw, 700px\" \/>\n<p>EL\u00a0<b>1 de Octubre<\/b>, en Bangkok, ante una ilustre audiencia de l\u00edderes tur\u00edsticos de toda Asia y el Pac\u00edfico, por quinta vez fuimos elegidos por los lectores de las publicaciones TTG como\u00a0<b>\u00abLa mejor agencia de viajes de la India\u00bb<\/b>\u00a0en la 26\u00aa edici\u00f3n de los TTG Travel Awards 2015. Los TTG Travel Awards han estado reconociendo lo mejor de la industria tur\u00edstica de Asia y el Pac\u00edfico desde 1989. TTG Travel Awards no solo sirve como punto de referencia para altos est\u00e1ndares en toda la industria, sino tambi\u00e9n como una trayectoria para los avances de la industria del turismo. Los Premios de TTG a las agencias de viajes reconocen al Mejor Agente de Viajes en su respectiva categor\u00eda en t\u00e9rminos de Profesionalismo y excelencia del personal y Mejor servicio de valor a\u00f1adido al cliente. Este prestigioso evento anual honra a organizaciones e individuos estelares en 4 categor\u00edas: Proveedor de Viajes, Agencia de Viajes, Logro Sobresaliente y Sal\u00f3n de la Fama del Viaje. Este evento de Travel Trade Publishing de TTG est\u00e1 organizado con orgullo por TTG Asia, con el apoyo de TTG India, TTG China, TTGmice, TTG-BTmiceChina y TTG Asia Luxury.<\/p>\n<img loading=\"lazy\" decoding=\"async\" class=\"size-full wp-image-1689 aligncenter\" src=\"http:\/\/www.creative.travel\/wp-content\/uploads\/2018\/03\/oct15C10_1.jpg\" alt=\"\" width=\"700\" height=\"525\" srcset=\"https:\/\/www.creative.travel\/wp-content\/uploads\/2018\/03\/oct15C10_1.jpg 700w, https:\/\/www.creative.travel\/wp-content\/uploads\/2018\/03\/oct15C10_1-300x225.jpg 300w\" sizes=\"auto, (max-width: 700px) 100vw, 700px\" \/>\n<p>El premio fue aceptado por el jefe de operaciones de Creative, Sandeep Kapur.<\/p>\n<h3 style=\"text-align: center;\">World Travel Awards, Creative Travel galardonado como el principal DMC de la India<\/h3>\n<a href=\"https:\/\/www.youtube.com\/watch?v=3ZSSq1OXfTo\" target=\"_blank\" rel=\"noopener\"><img loading=\"lazy\" decoding=\"async\" class=\"aligncenter size-full wp-image-1682\" src=\"http:\/\/www.creative.travel\/wp-content\/uploads\/2018\/03\/wta_rohit.jpg\" alt=\"\" width=\"500\" height=\"440\" srcset=\"https:\/\/www.creative.travel\/wp-content\/uploads\/2018\/03\/wta_rohit.jpg 500w, https:\/\/www.creative.travel\/wp-content\/uploads\/2018\/03\/wta_rohit-300x264.jpg 300w\" sizes=\"auto, (max-width: 500px) 100vw, 500px\" \/><\/a>\n<h3 style=\"text-align: center;\">Creative Travel India gana su 6\u00ba SITE Crystal Award, un prestigioso premio a la Excelencia en la Industria de Incentivos<\/h3>\n<img loading=\"lazy\" decoding=\"async\" class=\"size-full wp-image-1696 aligncenter\" src=\"http:\/\/www.creative.travel\/wp-content\/uploads\/2018\/03\/press_travelworld.jpg\" alt=\"\" width=\"500\" height=\"547\" srcset=\"https:\/\/www.creative.travel\/wp-content\/uploads\/2018\/03\/press_travelworld.jpg 500w, https:\/\/www.creative.travel\/wp-content\/uploads\/2018\/03\/press_travelworld-274x300.jpg 274w\" sizes=\"auto, (max-width: 500px) 100vw, 500px\" \/>\n<img loading=\"lazy\" decoding=\"async\" class=\"size-full wp-image-1697 aligncenter\" src=\"http:\/\/www.creative.travel\/wp-content\/uploads\/2018\/03\/press_travelbiz.jpg\" alt=\"\" width=\"500\" height=\"804\" srcset=\"https:\/\/www.creative.travel\/wp-content\/uploads\/2018\/03\/press_travelbiz.jpg 500w, https:\/\/www.creative.travel\/wp-content\/uploads\/2018\/03\/press_travelbiz-187x300.jpg 187w\" sizes=\"auto, (max-width: 500px) 100vw, 500px\" \/>\n<h3 style=\"text-align: center;\">La revista TIME mencion\u00f3 a Creative Travel como \u00abel l\u00edder de la industria del MICE de la India\u00bb<\/h3>\n<a href=\"http:\/\/www.creative.travel\/monthly_newsletters\/july08_time_article.pdf\" target=\"_blank\" rel=\"noopener\"><img loading=\"lazy\" decoding=\"async\" class=\"size-full wp-image-1700 aligncenter\" src=\"http:\/\/www.creative.travel\/wp-content\/uploads\/2018\/03\/july08_time_article_icon.jpg\" alt=\"\" width=\"150\" height=\"118\" \/><\/a>\n","protected":false},"excerpt":{"rendered":"<p>\u201cUn brillante ejemplo de \u00e9xito internacional y una rara combinaci\u00f3n de propiedad familiar y escala, aqu\u00ed est\u00e1 todo lo que necesitas saber sobre el legado de Creative.\u201d &#8211; Rajeev Kohli, Director General Conjunto de Creative Travel. Lee la historia en M&amp;IT en la edici\u00f3n de junio india, p\u00e1ginas 18 y 19 \u201cNuestros destinos necesitan pensar &hellip; <a href=\"https:\/\/www.creative.travel\/es\/creative-press\/\" class=\"more-link\">Seguir leyendo <span class=\"screen-reader-text\">PRENSA DE CREATIVE<\/span> <span class=\"meta-nav\">&rarr;<\/span><\/a><\/p>\n","protected":false},"author":3,"featured_media":0,"parent":0,"menu_order":0,"comment_status":"closed","ping_status":"closed","template":"","meta":{"_acf_changed":false,"footnotes":""},"class_list":["post-2375","page","type-page","status-publish","hentry"],"acf":[],"yoast_head":"<!-- This site is optimized with the Yoast SEO plugin v25.5 - https:\/\/yoast.com\/wordpress\/plugins\/seo\/ -->\n<title>PRENSA DE CREATIVE - Creative Travel I A family story since 1977<\/title>\n<meta name=\"robots\" content=\"index, follow, max-snippet:-1, max-image-preview:large, max-video-preview:-1\" \/>\n<link rel=\"canonical\" href=\"https:\/\/www.creative.travel\/es\/creative-press\/\" \/>\n<meta property=\"og:locale\" content=\"es_ES\" \/>\n<meta property=\"og:type\" content=\"article\" \/>\n<meta property=\"og:title\" content=\"PRENSA DE CREATIVE - Creative Travel I A family story since 1977\" \/>\n<meta property=\"og:description\" content=\"\u201cUn brillante ejemplo de \u00e9xito internacional y una rara combinaci\u00f3n de propiedad familiar y escala, aqu\u00ed est\u00e1 todo lo que necesitas saber sobre el legado de Creative.\u201d &#8211; Rajeev Kohli, Director General Conjunto de Creative Travel. Lee la historia en M&amp;IT en la edici\u00f3n de junio india, p\u00e1ginas 18 y 19 \u201cNuestros destinos necesitan pensar &hellip; Seguir leyendo PRENSA DE CREATIVE &rarr;\" \/>\n<meta property=\"og:url\" content=\"https:\/\/www.creative.travel\/es\/creative-press\/\" \/>\n<meta property=\"og:site_name\" content=\"Creative Travel I A family story since 1977\" \/>\n<meta property=\"article:modified_time\" content=\"2023-06-20T19:05:29+00:00\" \/>\n<meta property=\"og:image\" content=\"http:\/\/www.creative.travel\/wp-content\/uploads\/2018\/06\/Untitled-1.jpg\" \/>\n<meta name=\"twitter:card\" content=\"summary_large_image\" \/>\n<meta name=\"twitter:label1\" content=\"Tiempo de lectura\" \/>\n\t<meta name=\"twitter:data1\" content=\"5 minutos\" \/>\n<script type=\"application\/ld+json\" class=\"yoast-schema-graph\">{\"@context\":\"https:\/\/schema.org\",\"@graph\":[{\"@type\":\"WebPage\",\"@id\":\"https:\/\/www.creative.travel\/es\/creative-press\/\",\"url\":\"https:\/\/www.creative.travel\/es\/creative-press\/\",\"name\":\"PRENSA DE CREATIVE - Creative Travel I A family story since 1977\",\"isPartOf\":{\"@id\":\"https:\/\/www.creative.travel\/es\/#website\"},\"primaryImageOfPage\":{\"@id\":\"https:\/\/www.creative.travel\/es\/creative-press\/#primaryimage\"},\"image\":{\"@id\":\"https:\/\/www.creative.travel\/es\/creative-press\/#primaryimage\"},\"thumbnailUrl\":\"http:\/\/www.creative.travel\/wp-content\/uploads\/2018\/06\/Untitled-1.jpg\",\"datePublished\":\"2018-09-25T07:21:24+00:00\",\"dateModified\":\"2023-06-20T19:05:29+00:00\",\"breadcrumb\":{\"@id\":\"https:\/\/www.creative.travel\/es\/creative-press\/#breadcrumb\"},\"inLanguage\":\"es\",\"potentialAction\":[{\"@type\":\"ReadAction\",\"target\":[\"https:\/\/www.creative.travel\/es\/creative-press\/\"]}]},{\"@type\":\"ImageObject\",\"inLanguage\":\"es\",\"@id\":\"https:\/\/www.creative.travel\/es\/creative-press\/#primaryimage\",\"url\":\"http:\/\/www.creative.travel\/wp-content\/uploads\/2018\/06\/Untitled-1.jpg\",\"contentUrl\":\"http:\/\/www.creative.travel\/wp-content\/uploads\/2018\/06\/Untitled-1.jpg\"},{\"@type\":\"BreadcrumbList\",\"@id\":\"https:\/\/www.creative.travel\/es\/creative-press\/#breadcrumb\",\"itemListElement\":[{\"@type\":\"ListItem\",\"position\":1,\"name\":\"Home\",\"item\":\"https:\/\/www.creative.travel\/es\/\"},{\"@type\":\"ListItem\",\"position\":2,\"name\":\"PRENSA DE CREATIVE\"}]},{\"@type\":\"WebSite\",\"@id\":\"https:\/\/www.creative.travel\/es\/#website\",\"url\":\"https:\/\/www.creative.travel\/es\/\",\"name\":\"Creative Travel I A family story since 1977\",\"description\":\"\",\"potentialAction\":[{\"@type\":\"SearchAction\",\"target\":{\"@type\":\"EntryPoint\",\"urlTemplate\":\"https:\/\/www.creative.travel\/es\/?s={search_term_string}\"},\"query-input\":{\"@type\":\"PropertyValueSpecification\",\"valueRequired\":true,\"valueName\":\"search_term_string\"}}],\"inLanguage\":\"es\"}]}<\/script>\n<!-- \/ Yoast SEO plugin. -->","yoast_head_json":{"title":"PRENSA DE CREATIVE - Creative Travel I A family story since 1977","robots":{"index":"index","follow":"follow","max-snippet":"max-snippet:-1","max-image-preview":"max-image-preview:large","max-video-preview":"max-video-preview:-1"},"canonical":"https:\/\/www.creative.travel\/es\/creative-press\/","og_locale":"es_ES","og_type":"article","og_title":"PRENSA DE CREATIVE - Creative Travel I A family story since 1977","og_description":"\u201cUn brillante ejemplo de \u00e9xito internacional y una rara combinaci\u00f3n de propiedad familiar y escala, aqu\u00ed est\u00e1 todo lo que necesitas saber sobre el legado de Creative.\u201d &#8211; Rajeev Kohli, Director General Conjunto de Creative Travel. Lee la historia en M&amp;IT en la edici\u00f3n de junio india, p\u00e1ginas 18 y 19 \u201cNuestros destinos necesitan pensar &hellip; Seguir leyendo PRENSA DE CREATIVE &rarr;","og_url":"https:\/\/www.creative.travel\/es\/creative-press\/","og_site_name":"Creative Travel I A family story since 1977","article_modified_time":"2023-06-20T19:05:29+00:00","og_image":[{"url":"http:\/\/www.creative.travel\/wp-content\/uploads\/2018\/06\/Untitled-1.jpg","type":"","width":"","height":""}],"twitter_card":"summary_large_image","twitter_misc":{"Tiempo de lectura":"5 minutos"},"schema":{"@context":"https:\/\/schema.org","@graph":[{"@type":"WebPage","@id":"https:\/\/www.creative.travel\/es\/creative-press\/","url":"https:\/\/www.creative.travel\/es\/creative-press\/","name":"PRENSA DE CREATIVE - Creative Travel I A family story since 1977","isPartOf":{"@id":"https:\/\/www.creative.travel\/es\/#website"},"primaryImageOfPage":{"@id":"https:\/\/www.creative.travel\/es\/creative-press\/#primaryimage"},"image":{"@id":"https:\/\/www.creative.travel\/es\/creative-press\/#primaryimage"},"thumbnailUrl":"http:\/\/www.creative.travel\/wp-content\/uploads\/2018\/06\/Untitled-1.jpg","datePublished":"2018-09-25T07:21:24+00:00","dateModified":"2023-06-20T19:05:29+00:00","breadcrumb":{"@id":"https:\/\/www.creative.travel\/es\/creative-press\/#breadcrumb"},"inLanguage":"es","potentialAction":[{"@type":"ReadAction","target":["https:\/\/www.creative.travel\/es\/creative-press\/"]}]},{"@type":"ImageObject","inLanguage":"es","@id":"https:\/\/www.creative.travel\/es\/creative-press\/#primaryimage","url":"http:\/\/www.creative.travel\/wp-content\/uploads\/2018\/06\/Untitled-1.jpg","contentUrl":"http:\/\/www.creative.travel\/wp-content\/uploads\/2018\/06\/Untitled-1.jpg"},{"@type":"BreadcrumbList","@id":"https:\/\/www.creative.travel\/es\/creative-press\/#breadcrumb","itemListElement":[{"@type":"ListItem","position":1,"name":"Home","item":"https:\/\/www.creative.travel\/es\/"},{"@type":"ListItem","position":2,"name":"PRENSA DE CREATIVE"}]},{"@type":"WebSite","@id":"https:\/\/www.creative.travel\/es\/#website","url":"https:\/\/www.creative.travel\/es\/","name":"Creative Travel I A family story since 1977","description":"","potentialAction":[{"@type":"SearchAction","target":{"@type":"EntryPoint","urlTemplate":"https:\/\/www.creative.travel\/es\/?s={search_term_string}"},"query-input":{"@type":"PropertyValueSpecification","valueRequired":true,"valueName":"search_term_string"}}],"inLanguage":"es"}]}},"_links":{"self":[{"href":"https:\/\/www.creative.travel\/es\/wp-json\/wp\/v2\/pages\/2375","targetHints":{"allow":["GET"]}}],"collection":[{"href":"https:\/\/www.creative.travel\/es\/wp-json\/wp\/v2\/pages"}],"about":[{"href":"https:\/\/www.creative.travel\/es\/wp-json\/wp\/v2\/types\/page"}],"author":[{"embeddable":true,"href":"https:\/\/www.creative.travel\/es\/wp-json\/wp\/v2\/users\/3"}],"replies":[{"embeddable":true,"href":"https:\/\/www.creative.travel\/es\/wp-json\/wp\/v2\/comments?post=2375"}],"version-history":[{"count":4,"href":"https:\/\/www.creative.travel\/es\/wp-json\/wp\/v2\/pages\/2375\/revisions"}],"predecessor-version":[{"id":2382,"href":"https:\/\/www.creative.travel\/es\/wp-json\/wp\/v2\/pages\/2375\/revisions\/2382"}],"wp:attachment":[{"href":"https:\/\/www.creative.travel\/es\/wp-json\/wp\/v2\/media?parent=2375"}],"curies":[{"name":"wp","href":"https:\/\/api.w.org\/{rel}","templated":true}]}}