{"id":1274,"date":"2017-05-30T12:58:42","date_gmt":"2017-05-30T12:58:42","guid":{"rendered":"http:\/\/www.creative.travel\/who-we-are\/things-that-make-us-proud\/"},"modified":"2018-02-07T11:31:50","modified_gmt":"2018-02-07T11:31:50","slug":"things-that-make-us-proud","status":"publish","type":"page","link":"https:\/\/www.creative.travel\/es\/who-we-are\/things-that-make-us-proud\/","title":{"rendered":"Cosas que nos enorgullecen"},"content":{"rendered":"<p>Nuestro equipo ha trabajado duro para crecer cosechando \u00e9xitos. Ganamos nuestro primer premio nacional en 1979 y, a d\u00eda de hoy, hemos logrado ser reconocidos por galardones del estilo al World Travel Awards 17 veces, como el Operador L\u00edder en Asia, el Operador L\u00edder en la India y, adem\u00e1s, la Agencia de Lujo L\u00edder en la India. Nuestro equipo de incentivos especializado en el manejo de incentivos ha ganado la mayor\u00eda de los premios SITE Crystal Awards en Asia. Hemos recibido los Premios Nacionales de Turismo m\u00e1s de 15 veces. Todo esto es una indicaci\u00f3n de la pasi\u00f3n que cada uno de los miembros de nuestro equipo tiene en todo lo que hacemos.<\/p>\n<p>Creative Travel es hoy el equipo de Incentivos y Reuniones m\u00e1s galardonado y reconocido de Asia del Sur. Tenemos m\u00e1s de 60 premios y reconocimientos que han sido el resultado de la pasi\u00f3n de las personas que trabajan para nosotros. Algunos de nuestros otros Honores y Felicitaciones incluyen:<\/p>\n","protected":false},"excerpt":{"rendered":"<p>Nuestro equipo ha trabajado duro para crecer cosechando \u00e9xitos. Ganamos nuestro primer premio nacional en 1979 y, a d\u00eda de hoy, hemos logrado ser reconocidos por galardones del estilo al World Travel Awards 17 veces, como el Operador L\u00edder en Asia, el Operador L\u00edder en la India y, adem\u00e1s, la Agencia de Lujo L\u00edder en &hellip; <a href=\"https:\/\/www.creative.travel\/es\/who-we-are\/things-that-make-us-proud\/\" class=\"more-link\">Seguir leyendo <span class=\"screen-reader-text\">Cosas que nos enorgullecen<\/span> <span class=\"meta-nav\">&rarr;<\/span><\/a><\/p>\n","protected":false},"author":3,"featured_media":0,"parent":1269,"menu_order":108,"comment_status":"closed","ping_status":"closed","template":"make-us-proud-template.php","meta":{"_acf_changed":false,"footnotes":""},"class_list":["post-1274","page","type-page","status-publish","hentry"],"acf":[],"yoast_head":"<!-- This site is optimized with the Yoast SEO plugin v25.5 - https:\/\/yoast.com\/wordpress\/plugins\/seo\/ -->\n<title>Cosas que nos enorgullecen - Creative Travel I A family story since 1977<\/title>\n<meta name=\"robots\" content=\"index, follow, max-snippet:-1, max-image-preview:large, max-video-preview:-1\" \/>\n<link rel=\"canonical\" href=\"https:\/\/www.creative.travel\/es\/who-we-are\/things-that-make-us-proud\/\" \/>\n<meta property=\"og:locale\" content=\"es_ES\" \/>\n<meta property=\"og:type\" content=\"article\" \/>\n<meta property=\"og:title\" content=\"Cosas que nos enorgullecen - Creative Travel I A family story since 1977\" \/>\n<meta property=\"og:description\" content=\"Nuestro equipo ha trabajado duro para crecer cosechando \u00e9xitos. Ganamos nuestro primer premio nacional en 1979 y, a d\u00eda de hoy, hemos logrado ser reconocidos por galardones del estilo al World Travel Awards 17 veces, como el Operador L\u00edder en Asia, el Operador L\u00edder en la India y, adem\u00e1s, la Agencia de Lujo L\u00edder en &hellip; Seguir leyendo Cosas que nos enorgullecen &rarr;\" \/>\n<meta property=\"og:url\" content=\"https:\/\/www.creative.travel\/es\/who-we-are\/things-that-make-us-proud\/\" \/>\n<meta property=\"og:site_name\" content=\"Creative Travel I A family story since 1977\" \/>\n<meta property=\"article:modified_time\" content=\"2018-02-07T11:31:50+00:00\" \/>\n<meta name=\"twitter:card\" content=\"summary_large_image\" \/>\n<meta name=\"twitter:label1\" content=\"Tiempo de lectura\" \/>\n\t<meta name=\"twitter:data1\" content=\"1 minuto\" \/>\n<script type=\"application\/ld+json\" class=\"yoast-schema-graph\">{\"@context\":\"https:\/\/schema.org\",\"@graph\":[{\"@type\":\"WebPage\",\"@id\":\"https:\/\/www.creative.travel\/es\/who-we-are\/things-that-make-us-proud\/\",\"url\":\"https:\/\/www.creative.travel\/es\/who-we-are\/things-that-make-us-proud\/\",\"name\":\"Cosas que nos enorgullecen - Creative Travel I A family story since 1977\",\"isPartOf\":{\"@id\":\"https:\/\/www.creative.travel\/es\/#website\"},\"datePublished\":\"2017-05-30T12:58:42+00:00\",\"dateModified\":\"2018-02-07T11:31:50+00:00\",\"breadcrumb\":{\"@id\":\"https:\/\/www.creative.travel\/es\/who-we-are\/things-that-make-us-proud\/#breadcrumb\"},\"inLanguage\":\"es\",\"potentialAction\":[{\"@type\":\"ReadAction\",\"target\":[\"https:\/\/www.creative.travel\/es\/who-we-are\/things-that-make-us-proud\/\"]}]},{\"@type\":\"BreadcrumbList\",\"@id\":\"https:\/\/www.creative.travel\/es\/who-we-are\/things-that-make-us-proud\/#breadcrumb\",\"itemListElement\":[{\"@type\":\"ListItem\",\"position\":1,\"name\":\"Home\",\"item\":\"https:\/\/www.creative.travel\/es\/\"},{\"@type\":\"ListItem\",\"position\":2,\"name\":\"QUIENES SOMOS\",\"item\":\"https:\/\/www.creative.travel\/es\/who-we-are\/\"},{\"@type\":\"ListItem\",\"position\":3,\"name\":\"Cosas que nos enorgullecen\"}]},{\"@type\":\"WebSite\",\"@id\":\"https:\/\/www.creative.travel\/es\/#website\",\"url\":\"https:\/\/www.creative.travel\/es\/\",\"name\":\"Creative Travel I A family story since 1977\",\"description\":\"\",\"potentialAction\":[{\"@type\":\"SearchAction\",\"target\":{\"@type\":\"EntryPoint\",\"urlTemplate\":\"https:\/\/www.creative.travel\/es\/?s={search_term_string}\"},\"query-input\":{\"@type\":\"PropertyValueSpecification\",\"valueRequired\":true,\"valueName\":\"search_term_string\"}}],\"inLanguage\":\"es\"}]}<\/script>\n<!-- \/ Yoast SEO plugin. -->","yoast_head_json":{"title":"Cosas que nos enorgullecen - Creative Travel I A family story since 1977","robots":{"index":"index","follow":"follow","max-snippet":"max-snippet:-1","max-image-preview":"max-image-preview:large","max-video-preview":"max-video-preview:-1"},"canonical":"https:\/\/www.creative.travel\/es\/who-we-are\/things-that-make-us-proud\/","og_locale":"es_ES","og_type":"article","og_title":"Cosas que nos enorgullecen - Creative Travel I A family story since 1977","og_description":"Nuestro equipo ha trabajado duro para crecer cosechando \u00e9xitos. Ganamos nuestro primer premio nacional en 1979 y, a d\u00eda de hoy, hemos logrado ser reconocidos por galardones del estilo al World Travel Awards 17 veces, como el Operador L\u00edder en Asia, el Operador L\u00edder en la India y, adem\u00e1s, la Agencia de Lujo L\u00edder en &hellip; Seguir leyendo Cosas que nos enorgullecen &rarr;","og_url":"https:\/\/www.creative.travel\/es\/who-we-are\/things-that-make-us-proud\/","og_site_name":"Creative Travel I A family story since 1977","article_modified_time":"2018-02-07T11:31:50+00:00","twitter_card":"summary_large_image","twitter_misc":{"Tiempo de lectura":"1 minuto"},"schema":{"@context":"https:\/\/schema.org","@graph":[{"@type":"WebPage","@id":"https:\/\/www.creative.travel\/es\/who-we-are\/things-that-make-us-proud\/","url":"https:\/\/www.creative.travel\/es\/who-we-are\/things-that-make-us-proud\/","name":"Cosas que nos enorgullecen - Creative Travel I A family story since 1977","isPartOf":{"@id":"https:\/\/www.creative.travel\/es\/#website"},"datePublished":"2017-05-30T12:58:42+00:00","dateModified":"2018-02-07T11:31:50+00:00","breadcrumb":{"@id":"https:\/\/www.creative.travel\/es\/who-we-are\/things-that-make-us-proud\/#breadcrumb"},"inLanguage":"es","potentialAction":[{"@type":"ReadAction","target":["https:\/\/www.creative.travel\/es\/who-we-are\/things-that-make-us-proud\/"]}]},{"@type":"BreadcrumbList","@id":"https:\/\/www.creative.travel\/es\/who-we-are\/things-that-make-us-proud\/#breadcrumb","itemListElement":[{"@type":"ListItem","position":1,"name":"Home","item":"https:\/\/www.creative.travel\/es\/"},{"@type":"ListItem","position":2,"name":"QUIENES SOMOS","item":"https:\/\/www.creative.travel\/es\/who-we-are\/"},{"@type":"ListItem","position":3,"name":"Cosas que nos enorgullecen"}]},{"@type":"WebSite","@id":"https:\/\/www.creative.travel\/es\/#website","url":"https:\/\/www.creative.travel\/es\/","name":"Creative Travel I A family story since 1977","description":"","potentialAction":[{"@type":"SearchAction","target":{"@type":"EntryPoint","urlTemplate":"https:\/\/www.creative.travel\/es\/?s={search_term_string}"},"query-input":{"@type":"PropertyValueSpecification","valueRequired":true,"valueName":"search_term_string"}}],"inLanguage":"es"}]}},"_links":{"self":[{"href":"https:\/\/www.creative.travel\/es\/wp-json\/wp\/v2\/pages\/1274","targetHints":{"allow":["GET"]}}],"collection":[{"href":"https:\/\/www.creative.travel\/es\/wp-json\/wp\/v2\/pages"}],"about":[{"href":"https:\/\/www.creative.travel\/es\/wp-json\/wp\/v2\/types\/page"}],"author":[{"embeddable":true,"href":"https:\/\/www.creative.travel\/es\/wp-json\/wp\/v2\/users\/3"}],"replies":[{"embeddable":true,"href":"https:\/\/www.creative.travel\/es\/wp-json\/wp\/v2\/comments?post=1274"}],"version-history":[{"count":2,"href":"https:\/\/www.creative.travel\/es\/wp-json\/wp\/v2\/pages\/1274\/revisions"}],"predecessor-version":[{"id":1340,"href":"https:\/\/www.creative.travel\/es\/wp-json\/wp\/v2\/pages\/1274\/revisions\/1340"}],"up":[{"embeddable":true,"href":"https:\/\/www.creative.travel\/es\/wp-json\/wp\/v2\/pages\/1269"}],"wp:attachment":[{"href":"https:\/\/www.creative.travel\/es\/wp-json\/wp\/v2\/media?parent=1274"}],"curies":[{"name":"wp","href":"https:\/\/api.w.org\/{rel}","templated":true}]}}