{"id":1271,"date":"2017-05-30T12:57:35","date_gmt":"2017-05-30T12:57:35","guid":{"rendered":"http:\/\/www.creative.travel\/who-we-are\/on-being-creative\/"},"modified":"2018-02-08T09:39:08","modified_gmt":"2018-02-08T09:39:08","slug":"on-being-creative","status":"publish","type":"page","link":"https:\/\/www.creative.travel\/es\/on-being-creative\/","title":{"rendered":"Sobre ser creativo"},"content":{"rendered":"<p>\u00bfQu\u00e9 hace a Creative diferente? \u00bfQu\u00e9 hace que seamos un socio preferido por algunas de las mejores marcas de viajes en el mundo?<\/p>\n<p>Tenemos profundas experiencias de primera mano en la India, Nepal, But\u00e1n, Sri Lanka, T\u00edbet y Maldivas. Tenemos habilidades multidimensionales igualadas por pocos y preferimos trabajar con profesionales y agencias de viajes. No perseguimos a los viajeros directamente.<\/p>\n<p>Nos posicionamos como consultores y asesores de viajes. Nuestro papel es combinar nuestro conocimiento con sus necesidades y crear los productos adecuados para que los venda. Nuestros comprometidos especialistas dise\u00f1an viajes personalizados con sus especificaciones en mente para garantizar experiencias de toda una vida. Somos flexibles a las necesidades de nuestros socios.<\/p>\n<p>Nuestra declaraci\u00f3n de misi\u00f3n fue escrita colectivamente por los miembros del equipo de Creative Travel y nos reafirmamos en cada palabra con orgullo: Los fundamentos de nuestras empresas se basan en ser creativos, innovadores y de confianza en todo lo que hacemos para nuestros socios en todo el mundo. Estamos orgullosos de nuestro patrimonio hist\u00f3rico, cultural y social y trabajamos para mostrarlo de la manera m\u00e1s atractiva y honesta que podamos.<\/p>\n<p>Nuestro objetivo es superar continuamente las expectativas de nuestros hu\u00e9spedes y asegurar que regresen a casa como embajadores de nuestra regi\u00f3n.<\/p>\n<p>Nuestra mayor habilidad reside en nuestro deseo de presentar Asia del Sur a trav\u00e9s de experiencias que muestran el latido de una cultura viva y vibrante. Nuestros viajes ofrecen experiencias \u00fanicas que nadie m\u00e1s ofrece, ya sea para unas vacaciones de bienestar, una estancia espiritual, una exploraci\u00f3n culinaria o una aventura de la vida salvaje. Esto es fundamental para todos los programas que dise\u00f1amos.<\/p>\n<p>Estamos comprometidos a asegurar que todo lo que ofrecemos est\u00e1 lleno del amor y orgullo que sentimos por los pa\u00edses que cubrimos. Nos enorgullecemos de nuestro diverso equipo de m\u00e1s de 150 personas, la columna vertebral de nuestro sistema. Desde nuestros miembros del equipo de operaciones a nuestros conductores y gu\u00edas, todos y cada uno de ellos est\u00e1 motivado por el deseo de hacerlo lo mejor posible. Nuestro trabajo<\/p>\n<p>es hacer que tu trabajo como profesional del turismo sea tan f\u00e1cil como sea posible. Sobresalimos en los tiempos de respuesta r\u00e1pida de las propuestas, el detalle de los contenidos, la precisi\u00f3n de los t\u00e9rminos y la competitividad de nuestros precios.<\/p>\n<p>Todos nuestros gu\u00edas pasan por un riguroso proceso de selecci\u00f3n. Cada conductor con el que trabajamos se especializa en tratar con viajeros internacionales. Todos nuestros representantes de primera l\u00ednea tienen experiencia de trabajando con viajeros. Despu\u00e9s de todo, sabemos que el elemento m\u00e1s importante en cualquier tour son las personas con que el viajero interact\u00faa en el terreno.<\/p>\n<p>Reconocemos que tenemos que ser flexibles en los precios, ya que cada viajero tiene un presupuesto diferente. Estamos comprometidos con nuestros socios a no bajar nunca un precio solo para conseguir ventas y nos aseguramos de ofrecer un equilibrio entre calidad y valor. Nuestra contribuci\u00f3n a nuestra relaci\u00f3n es ayudar a asegurar que retiene a su cliente para su pr\u00f3ximo viaje.<\/p>\n<p>Para nosotros, hacer negocios se trata de construir relaciones. Somos conocidos por nuestra integridad y lealtad. Prometemos estar del lado de nuestro socio, el suyo, y creemos que el apoyo a nuestros socios se ha de dar a cualquier costo.<\/p>\n","protected":false},"excerpt":{"rendered":"<p>\u00bfQu\u00e9 hace a Creative diferente? \u00bfQu\u00e9 hace que seamos un socio preferido por algunas de las mejores marcas de viajes en el mundo? Tenemos profundas experiencias de primera mano en la India, Nepal, But\u00e1n, Sri Lanka, T\u00edbet y Maldivas. Tenemos habilidades multidimensionales igualadas por pocos y preferimos trabajar con profesionales y agencias de viajes. No &hellip; <a href=\"https:\/\/www.creative.travel\/es\/on-being-creative\/\" class=\"more-link\">Seguir leyendo <span class=\"screen-reader-text\">Sobre ser creativo<\/span> <span class=\"meta-nav\">&rarr;<\/span><\/a><\/p>\n","protected":false},"author":3,"featured_media":217,"parent":0,"menu_order":97,"comment_status":"closed","ping_status":"closed","template":"on-being-creative-tem.php","meta":{"_acf_changed":false,"footnotes":""},"class_list":["post-1271","page","type-page","status-publish","has-post-thumbnail","hentry"],"acf":[],"yoast_head":"<!-- This site is optimized with the Yoast SEO plugin v25.5 - https:\/\/yoast.com\/wordpress\/plugins\/seo\/ -->\n<title>Sobre ser creativo - Creative Travel I A family story since 1977<\/title>\n<meta name=\"robots\" content=\"index, follow, max-snippet:-1, max-image-preview:large, max-video-preview:-1\" \/>\n<link rel=\"canonical\" href=\"https:\/\/www.creative.travel\/es\/on-being-creative\/\" \/>\n<meta property=\"og:locale\" content=\"es_ES\" \/>\n<meta property=\"og:type\" content=\"article\" \/>\n<meta property=\"og:title\" content=\"Sobre ser creativo - Creative Travel I A family story since 1977\" \/>\n<meta property=\"og:description\" content=\"\u00bfQu\u00e9 hace a Creative diferente? \u00bfQu\u00e9 hace que seamos un socio preferido por algunas de las mejores marcas de viajes en el mundo? Tenemos profundas experiencias de primera mano en la India, Nepal, But\u00e1n, Sri Lanka, T\u00edbet y Maldivas. Tenemos habilidades multidimensionales igualadas por pocos y preferimos trabajar con profesionales y agencias de viajes. No &hellip; Seguir leyendo Sobre ser creativo &rarr;\" \/>\n<meta property=\"og:url\" content=\"https:\/\/www.creative.travel\/es\/on-being-creative\/\" \/>\n<meta property=\"og:site_name\" content=\"Creative Travel I A family story since 1977\" \/>\n<meta property=\"article:modified_time\" content=\"2018-02-08T09:39:08+00:00\" \/>\n<meta property=\"og:image\" content=\"https:\/\/www.creative.travel\/wp-content\/uploads\/2017\/05\/Creative-Travel_team.jpg\" \/>\n\t<meta property=\"og:image:width\" content=\"1366\" \/>\n\t<meta property=\"og:image:height\" content=\"768\" \/>\n\t<meta property=\"og:image:type\" content=\"image\/jpeg\" \/>\n<meta name=\"twitter:card\" content=\"summary_large_image\" \/>\n<meta name=\"twitter:label1\" content=\"Tiempo de lectura\" \/>\n\t<meta name=\"twitter:data1\" content=\"3 minutos\" \/>\n<script type=\"application\/ld+json\" class=\"yoast-schema-graph\">{\"@context\":\"https:\/\/schema.org\",\"@graph\":[{\"@type\":\"WebPage\",\"@id\":\"https:\/\/www.creative.travel\/es\/on-being-creative\/\",\"url\":\"https:\/\/www.creative.travel\/es\/on-being-creative\/\",\"name\":\"Sobre ser creativo - Creative Travel I A family story since 1977\",\"isPartOf\":{\"@id\":\"https:\/\/www.creative.travel\/es\/#website\"},\"primaryImageOfPage\":{\"@id\":\"https:\/\/www.creative.travel\/es\/on-being-creative\/#primaryimage\"},\"image\":{\"@id\":\"https:\/\/www.creative.travel\/es\/on-being-creative\/#primaryimage\"},\"thumbnailUrl\":\"https:\/\/www.creative.travel\/wp-content\/uploads\/2017\/05\/Creative-Travel_team.jpg\",\"datePublished\":\"2017-05-30T12:57:35+00:00\",\"dateModified\":\"2018-02-08T09:39:08+00:00\",\"breadcrumb\":{\"@id\":\"https:\/\/www.creative.travel\/es\/on-being-creative\/#breadcrumb\"},\"inLanguage\":\"es\",\"potentialAction\":[{\"@type\":\"ReadAction\",\"target\":[\"https:\/\/www.creative.travel\/es\/on-being-creative\/\"]}]},{\"@type\":\"ImageObject\",\"inLanguage\":\"es\",\"@id\":\"https:\/\/www.creative.travel\/es\/on-being-creative\/#primaryimage\",\"url\":\"https:\/\/www.creative.travel\/wp-content\/uploads\/2017\/05\/Creative-Travel_team.jpg\",\"contentUrl\":\"https:\/\/www.creative.travel\/wp-content\/uploads\/2017\/05\/Creative-Travel_team.jpg\",\"width\":1366,\"height\":768,\"caption\":\"Creatively Yours, the team at Creative Travel\"},{\"@type\":\"BreadcrumbList\",\"@id\":\"https:\/\/www.creative.travel\/es\/on-being-creative\/#breadcrumb\",\"itemListElement\":[{\"@type\":\"ListItem\",\"position\":1,\"name\":\"Home\",\"item\":\"https:\/\/www.creative.travel\/es\/\"},{\"@type\":\"ListItem\",\"position\":2,\"name\":\"Sobre ser creativo\"}]},{\"@type\":\"WebSite\",\"@id\":\"https:\/\/www.creative.travel\/es\/#website\",\"url\":\"https:\/\/www.creative.travel\/es\/\",\"name\":\"Creative Travel I A family story since 1977\",\"description\":\"\",\"potentialAction\":[{\"@type\":\"SearchAction\",\"target\":{\"@type\":\"EntryPoint\",\"urlTemplate\":\"https:\/\/www.creative.travel\/es\/?s={search_term_string}\"},\"query-input\":{\"@type\":\"PropertyValueSpecification\",\"valueRequired\":true,\"valueName\":\"search_term_string\"}}],\"inLanguage\":\"es\"}]}<\/script>\n<!-- \/ Yoast SEO plugin. -->","yoast_head_json":{"title":"Sobre ser creativo - Creative Travel I A family story since 1977","robots":{"index":"index","follow":"follow","max-snippet":"max-snippet:-1","max-image-preview":"max-image-preview:large","max-video-preview":"max-video-preview:-1"},"canonical":"https:\/\/www.creative.travel\/es\/on-being-creative\/","og_locale":"es_ES","og_type":"article","og_title":"Sobre ser creativo - Creative Travel I A family story since 1977","og_description":"\u00bfQu\u00e9 hace a Creative diferente? \u00bfQu\u00e9 hace que seamos un socio preferido por algunas de las mejores marcas de viajes en el mundo? Tenemos profundas experiencias de primera mano en la India, Nepal, But\u00e1n, Sri Lanka, T\u00edbet y Maldivas. Tenemos habilidades multidimensionales igualadas por pocos y preferimos trabajar con profesionales y agencias de viajes. No &hellip; Seguir leyendo Sobre ser creativo &rarr;","og_url":"https:\/\/www.creative.travel\/es\/on-being-creative\/","og_site_name":"Creative Travel I A family story since 1977","article_modified_time":"2018-02-08T09:39:08+00:00","og_image":[{"width":1366,"height":768,"url":"https:\/\/www.creative.travel\/wp-content\/uploads\/2017\/05\/Creative-Travel_team.jpg","type":"image\/jpeg"}],"twitter_card":"summary_large_image","twitter_misc":{"Tiempo de lectura":"3 minutos"},"schema":{"@context":"https:\/\/schema.org","@graph":[{"@type":"WebPage","@id":"https:\/\/www.creative.travel\/es\/on-being-creative\/","url":"https:\/\/www.creative.travel\/es\/on-being-creative\/","name":"Sobre ser creativo - Creative Travel I A family story since 1977","isPartOf":{"@id":"https:\/\/www.creative.travel\/es\/#website"},"primaryImageOfPage":{"@id":"https:\/\/www.creative.travel\/es\/on-being-creative\/#primaryimage"},"image":{"@id":"https:\/\/www.creative.travel\/es\/on-being-creative\/#primaryimage"},"thumbnailUrl":"https:\/\/www.creative.travel\/wp-content\/uploads\/2017\/05\/Creative-Travel_team.jpg","datePublished":"2017-05-30T12:57:35+00:00","dateModified":"2018-02-08T09:39:08+00:00","breadcrumb":{"@id":"https:\/\/www.creative.travel\/es\/on-being-creative\/#breadcrumb"},"inLanguage":"es","potentialAction":[{"@type":"ReadAction","target":["https:\/\/www.creative.travel\/es\/on-being-creative\/"]}]},{"@type":"ImageObject","inLanguage":"es","@id":"https:\/\/www.creative.travel\/es\/on-being-creative\/#primaryimage","url":"https:\/\/www.creative.travel\/wp-content\/uploads\/2017\/05\/Creative-Travel_team.jpg","contentUrl":"https:\/\/www.creative.travel\/wp-content\/uploads\/2017\/05\/Creative-Travel_team.jpg","width":1366,"height":768,"caption":"Creatively Yours, the team at Creative Travel"},{"@type":"BreadcrumbList","@id":"https:\/\/www.creative.travel\/es\/on-being-creative\/#breadcrumb","itemListElement":[{"@type":"ListItem","position":1,"name":"Home","item":"https:\/\/www.creative.travel\/es\/"},{"@type":"ListItem","position":2,"name":"Sobre ser creativo"}]},{"@type":"WebSite","@id":"https:\/\/www.creative.travel\/es\/#website","url":"https:\/\/www.creative.travel\/es\/","name":"Creative Travel I A family story since 1977","description":"","potentialAction":[{"@type":"SearchAction","target":{"@type":"EntryPoint","urlTemplate":"https:\/\/www.creative.travel\/es\/?s={search_term_string}"},"query-input":{"@type":"PropertyValueSpecification","valueRequired":true,"valueName":"search_term_string"}}],"inLanguage":"es"}]}},"_links":{"self":[{"href":"https:\/\/www.creative.travel\/es\/wp-json\/wp\/v2\/pages\/1271","targetHints":{"allow":["GET"]}}],"collection":[{"href":"https:\/\/www.creative.travel\/es\/wp-json\/wp\/v2\/pages"}],"about":[{"href":"https:\/\/www.creative.travel\/es\/wp-json\/wp\/v2\/types\/page"}],"author":[{"embeddable":true,"href":"https:\/\/www.creative.travel\/es\/wp-json\/wp\/v2\/users\/3"}],"replies":[{"embeddable":true,"href":"https:\/\/www.creative.travel\/es\/wp-json\/wp\/v2\/comments?post=1271"}],"version-history":[{"count":2,"href":"https:\/\/www.creative.travel\/es\/wp-json\/wp\/v2\/pages\/1271\/revisions"}],"predecessor-version":[{"id":1474,"href":"https:\/\/www.creative.travel\/es\/wp-json\/wp\/v2\/pages\/1271\/revisions\/1474"}],"wp:featuredmedia":[{"embeddable":true,"href":"https:\/\/www.creative.travel\/es\/wp-json\/wp\/v2\/media\/217"}],"wp:attachment":[{"href":"https:\/\/www.creative.travel\/es\/wp-json\/wp\/v2\/media?parent=1271"}],"curies":[{"name":"wp","href":"https:\/\/api.w.org\/{rel}","templated":true}]}}