{"id":1270,"date":"2017-05-30T12:57:03","date_gmt":"2017-05-30T12:57:03","guid":{"rendered":"http:\/\/www.creative.travel\/who-we-are\/our-story\/"},"modified":"2018-02-08T09:37:05","modified_gmt":"2018-02-08T09:37:05","slug":"our-story","status":"publish","type":"page","link":"https:\/\/www.creative.travel\/es\/who-we-are\/our-story\/","title":{"rendered":"Nuestra historia"},"content":{"rendered":"<p>Cuando empezamos a escribir este cap\u00edtulo, nuestra familia regres\u00f3 a la India ese a\u00f1o. A un pa\u00eds que estaba profundamente m\u00e1s sumido en el socialismo de lo que esper\u00e1bamos. A nuestro padre no le motivaba tanto el deseo de dirigir un negocio, como la pasi\u00f3n por mostrar al mundo lo mejor que la India ten\u00eda para ofrecer. La nuestra es una historia de una visi\u00f3n, de una pasi\u00f3n que va en contra de todas las normas convencionales. La nuestra es una historia muy personal.<\/p>\n","protected":false},"excerpt":{"rendered":"<p>Cuando empezamos a escribir este cap\u00edtulo, nuestra familia regres\u00f3 a la India ese a\u00f1o. A un pa\u00eds que estaba profundamente m\u00e1s sumido en el socialismo de lo que esper\u00e1bamos. A nuestro padre no le motivaba tanto el deseo de dirigir un negocio, como la pasi\u00f3n por mostrar al mundo lo mejor que la India ten\u00eda &hellip; <a href=\"https:\/\/www.creative.travel\/es\/who-we-are\/our-story\/\" class=\"more-link\">Seguir leyendo <span class=\"screen-reader-text\">Nuestra historia<\/span> <span class=\"meta-nav\">&rarr;<\/span><\/a><\/p>\n","protected":false},"author":3,"featured_media":0,"parent":1269,"menu_order":92,"comment_status":"closed","ping_status":"closed","template":"our-story-template.php","meta":{"_acf_changed":false,"footnotes":""},"class_list":["post-1270","page","type-page","status-publish","hentry"],"acf":[],"yoast_head":"<!-- This site is optimized with the Yoast SEO plugin v25.5 - https:\/\/yoast.com\/wordpress\/plugins\/seo\/ -->\n<title>Nuestra historia - Creative Travel I A family story since 1977<\/title>\n<meta name=\"robots\" content=\"index, follow, max-snippet:-1, max-image-preview:large, max-video-preview:-1\" \/>\n<link rel=\"canonical\" href=\"https:\/\/www.creative.travel\/who-we-are\/our-story\/\" \/>\n<meta property=\"og:locale\" content=\"es_ES\" \/>\n<meta property=\"og:type\" content=\"article\" \/>\n<meta property=\"og:title\" content=\"Nuestra historia - Creative Travel I A family story since 1977\" \/>\n<meta property=\"og:description\" content=\"Cuando empezamos a escribir este cap\u00edtulo, nuestra familia regres\u00f3 a la India ese a\u00f1o. A un pa\u00eds que estaba profundamente m\u00e1s sumido en el socialismo de lo que esper\u00e1bamos. A nuestro padre no le motivaba tanto el deseo de dirigir un negocio, como la pasi\u00f3n por mostrar al mundo lo mejor que la India ten\u00eda &hellip; Seguir leyendo Nuestra historia &rarr;\" \/>\n<meta property=\"og:url\" content=\"https:\/\/www.creative.travel\/who-we-are\/our-story\/\" \/>\n<meta property=\"og:site_name\" content=\"Creative Travel I A family story since 1977\" \/>\n<meta property=\"article:modified_time\" content=\"2018-02-08T09:37:05+00:00\" \/>\n<meta name=\"twitter:card\" content=\"summary_large_image\" \/>\n<script type=\"application\/ld+json\" class=\"yoast-schema-graph\">{\"@context\":\"https:\/\/schema.org\",\"@graph\":[{\"@type\":\"WebPage\",\"@id\":\"https:\/\/www.creative.travel\/who-we-are\/our-story\/\",\"url\":\"https:\/\/www.creative.travel\/who-we-are\/our-story\/\",\"name\":\"Nuestra historia - Creative Travel I A family story since 1977\",\"isPartOf\":{\"@id\":\"https:\/\/www.creative.travel\/es\/#website\"},\"datePublished\":\"2017-05-30T12:57:03+00:00\",\"dateModified\":\"2018-02-08T09:37:05+00:00\",\"breadcrumb\":{\"@id\":\"https:\/\/www.creative.travel\/who-we-are\/our-story\/#breadcrumb\"},\"inLanguage\":\"es\",\"potentialAction\":[{\"@type\":\"ReadAction\",\"target\":[\"https:\/\/www.creative.travel\/who-we-are\/our-story\/\"]}]},{\"@type\":\"BreadcrumbList\",\"@id\":\"https:\/\/www.creative.travel\/who-we-are\/our-story\/#breadcrumb\",\"itemListElement\":[{\"@type\":\"ListItem\",\"position\":1,\"name\":\"Home\",\"item\":\"https:\/\/www.creative.travel\/es\/\"},{\"@type\":\"ListItem\",\"position\":2,\"name\":\"QUIENES SOMOS\",\"item\":\"https:\/\/www.creative.travel\/es\/who-we-are\/\"},{\"@type\":\"ListItem\",\"position\":3,\"name\":\"Nuestra historia\"}]},{\"@type\":\"WebSite\",\"@id\":\"https:\/\/www.creative.travel\/es\/#website\",\"url\":\"https:\/\/www.creative.travel\/es\/\",\"name\":\"Creative Travel I A family story since 1977\",\"description\":\"\",\"potentialAction\":[{\"@type\":\"SearchAction\",\"target\":{\"@type\":\"EntryPoint\",\"urlTemplate\":\"https:\/\/www.creative.travel\/es\/?s={search_term_string}\"},\"query-input\":{\"@type\":\"PropertyValueSpecification\",\"valueRequired\":true,\"valueName\":\"search_term_string\"}}],\"inLanguage\":\"es\"}]}<\/script>\n<!-- \/ Yoast SEO plugin. -->","yoast_head_json":{"title":"Nuestra historia - Creative Travel I A family story since 1977","robots":{"index":"index","follow":"follow","max-snippet":"max-snippet:-1","max-image-preview":"max-image-preview:large","max-video-preview":"max-video-preview:-1"},"canonical":"https:\/\/www.creative.travel\/who-we-are\/our-story\/","og_locale":"es_ES","og_type":"article","og_title":"Nuestra historia - Creative Travel I A family story since 1977","og_description":"Cuando empezamos a escribir este cap\u00edtulo, nuestra familia regres\u00f3 a la India ese a\u00f1o. A un pa\u00eds que estaba profundamente m\u00e1s sumido en el socialismo de lo que esper\u00e1bamos. A nuestro padre no le motivaba tanto el deseo de dirigir un negocio, como la pasi\u00f3n por mostrar al mundo lo mejor que la India ten\u00eda &hellip; Seguir leyendo Nuestra historia &rarr;","og_url":"https:\/\/www.creative.travel\/who-we-are\/our-story\/","og_site_name":"Creative Travel I A family story since 1977","article_modified_time":"2018-02-08T09:37:05+00:00","twitter_card":"summary_large_image","schema":{"@context":"https:\/\/schema.org","@graph":[{"@type":"WebPage","@id":"https:\/\/www.creative.travel\/who-we-are\/our-story\/","url":"https:\/\/www.creative.travel\/who-we-are\/our-story\/","name":"Nuestra historia - Creative Travel I A family story since 1977","isPartOf":{"@id":"https:\/\/www.creative.travel\/es\/#website"},"datePublished":"2017-05-30T12:57:03+00:00","dateModified":"2018-02-08T09:37:05+00:00","breadcrumb":{"@id":"https:\/\/www.creative.travel\/who-we-are\/our-story\/#breadcrumb"},"inLanguage":"es","potentialAction":[{"@type":"ReadAction","target":["https:\/\/www.creative.travel\/who-we-are\/our-story\/"]}]},{"@type":"BreadcrumbList","@id":"https:\/\/www.creative.travel\/who-we-are\/our-story\/#breadcrumb","itemListElement":[{"@type":"ListItem","position":1,"name":"Home","item":"https:\/\/www.creative.travel\/es\/"},{"@type":"ListItem","position":2,"name":"QUIENES SOMOS","item":"https:\/\/www.creative.travel\/es\/who-we-are\/"},{"@type":"ListItem","position":3,"name":"Nuestra historia"}]},{"@type":"WebSite","@id":"https:\/\/www.creative.travel\/es\/#website","url":"https:\/\/www.creative.travel\/es\/","name":"Creative Travel I A family story since 1977","description":"","potentialAction":[{"@type":"SearchAction","target":{"@type":"EntryPoint","urlTemplate":"https:\/\/www.creative.travel\/es\/?s={search_term_string}"},"query-input":{"@type":"PropertyValueSpecification","valueRequired":true,"valueName":"search_term_string"}}],"inLanguage":"es"}]}},"_links":{"self":[{"href":"https:\/\/www.creative.travel\/es\/wp-json\/wp\/v2\/pages\/1270","targetHints":{"allow":["GET"]}}],"collection":[{"href":"https:\/\/www.creative.travel\/es\/wp-json\/wp\/v2\/pages"}],"about":[{"href":"https:\/\/www.creative.travel\/es\/wp-json\/wp\/v2\/types\/page"}],"author":[{"embeddable":true,"href":"https:\/\/www.creative.travel\/es\/wp-json\/wp\/v2\/users\/3"}],"replies":[{"embeddable":true,"href":"https:\/\/www.creative.travel\/es\/wp-json\/wp\/v2\/comments?post=1270"}],"version-history":[{"count":3,"href":"https:\/\/www.creative.travel\/es\/wp-json\/wp\/v2\/pages\/1270\/revisions"}],"predecessor-version":[{"id":1473,"href":"https:\/\/www.creative.travel\/es\/wp-json\/wp\/v2\/pages\/1270\/revisions\/1473"}],"up":[{"embeddable":true,"href":"https:\/\/www.creative.travel\/es\/wp-json\/wp\/v2\/pages\/1269"}],"wp:attachment":[{"href":"https:\/\/www.creative.travel\/es\/wp-json\/wp\/v2\/media?parent=1270"}],"curies":[{"name":"wp","href":"https:\/\/api.w.org\/{rel}","templated":true}]}}