{"id":1269,"date":"2017-05-30T12:56:36","date_gmt":"2017-05-30T12:56:36","guid":{"rendered":"http:\/\/www.creative.travel\/who-we-are\/"},"modified":"2018-02-08T09:37:39","modified_gmt":"2018-02-08T09:37:39","slug":"who-we-are","status":"publish","type":"page","link":"https:\/\/www.creative.travel\/es\/who-we-are\/","title":{"rendered":"QUIENES SOMOS"},"content":{"rendered":"<img loading=\"lazy\" decoding=\"async\" class=\"alignnone size-full wp-image-354\" src=\"http:\/\/www.creative.travel\/wp-content\/uploads\/2017\/06\/CT-40-year-logo.png\" alt=\"\" width=\"110\" height=\"107\" \/>\n<h3>BIENVENIDOS A UN<\/h3>\n<h2>MUNDO CREATIVO<\/h2>\n<p>Hace muchos a\u00f1os, mientras crec\u00edamos como empresa, nos dimos cuenta que nos encantaba mostrar experiencias atractivas y \u00fanicas en los pa\u00edses que cubrimos, mas all\u00e1 de las reservas de hoteles y tours. Notamos que nuestras tierras tienen muchos rincones ocultos, muchos momentos \u00fanicos, muchos misterios y muchas historias.<\/p>\n<p>Somos una empresa familiar gestionada profesionalmente. Tenemos sistemas corporativos que se gu\u00edan por nuestros valores familiares fundamentales. Notamos que no quer\u00edamos ser la empresa m\u00e1s grande de la India. Nunca pretendimos ser los m\u00e1s ricos ni los m\u00e1s poderosos. Solo queremos ser los mejores en lo que hacemos.<\/p>\n","protected":false},"excerpt":{"rendered":"<p>BIENVENIDOS A UN MUNDO CREATIVO Hace muchos a\u00f1os, mientras crec\u00edamos como empresa, nos dimos cuenta que nos encantaba mostrar experiencias atractivas y \u00fanicas en los pa\u00edses que cubrimos, mas all\u00e1 de las reservas de hoteles y tours. Notamos que nuestras tierras tienen muchos rincones ocultos, muchos momentos \u00fanicos, muchos misterios y muchas historias. Somos una &hellip; <a href=\"https:\/\/www.creative.travel\/es\/who-we-are\/\" class=\"more-link\">Seguir leyendo <span class=\"screen-reader-text\">QUIENES SOMOS<\/span> <span class=\"meta-nav\">&rarr;<\/span><\/a><\/p>\n","protected":false},"author":3,"featured_media":589,"parent":0,"menu_order":81,"comment_status":"closed","ping_status":"closed","template":"who-we-are-template.php","meta":{"_acf_changed":false,"footnotes":""},"class_list":["post-1269","page","type-page","status-publish","has-post-thumbnail","hentry"],"acf":[],"yoast_head":"<!-- This site is optimized with the Yoast SEO plugin v25.5 - https:\/\/yoast.com\/wordpress\/plugins\/seo\/ -->\n<title>QUIENES SOMOS - Creative Travel I A family story since 1977<\/title>\n<meta name=\"robots\" content=\"index, follow, max-snippet:-1, max-image-preview:large, max-video-preview:-1\" \/>\n<link rel=\"canonical\" href=\"https:\/\/www.creative.travel\/es\/who-we-are\/\" \/>\n<meta property=\"og:locale\" content=\"es_ES\" \/>\n<meta property=\"og:type\" content=\"article\" \/>\n<meta property=\"og:title\" content=\"QUIENES SOMOS - Creative Travel I A family story since 1977\" \/>\n<meta property=\"og:description\" content=\"BIENVENIDOS A UN MUNDO CREATIVO Hace muchos a\u00f1os, mientras crec\u00edamos como empresa, nos dimos cuenta que nos encantaba mostrar experiencias atractivas y \u00fanicas en los pa\u00edses que cubrimos, mas all\u00e1 de las reservas de hoteles y tours. Notamos que nuestras tierras tienen muchos rincones ocultos, muchos momentos \u00fanicos, muchos misterios y muchas historias. Somos una &hellip; Seguir leyendo QUIENES SOMOS &rarr;\" \/>\n<meta property=\"og:url\" content=\"https:\/\/www.creative.travel\/es\/who-we-are\/\" \/>\n<meta property=\"og:site_name\" content=\"Creative Travel I A family story since 1977\" \/>\n<meta property=\"article:modified_time\" content=\"2018-02-08T09:37:39+00:00\" \/>\n<meta property=\"og:image\" content=\"https:\/\/www.creative.travel\/wp-content\/uploads\/2017\/05\/Creative-travel-family.png\" \/>\n\t<meta property=\"og:image:width\" content=\"400\" \/>\n\t<meta property=\"og:image:height\" content=\"500\" \/>\n\t<meta property=\"og:image:type\" content=\"image\/png\" \/>\n<meta name=\"twitter:card\" content=\"summary_large_image\" \/>\n<meta name=\"twitter:label1\" content=\"Tiempo de lectura\" \/>\n\t<meta name=\"twitter:data1\" content=\"1 minuto\" \/>\n<script type=\"application\/ld+json\" class=\"yoast-schema-graph\">{\"@context\":\"https:\/\/schema.org\",\"@graph\":[{\"@type\":\"WebPage\",\"@id\":\"https:\/\/www.creative.travel\/es\/who-we-are\/\",\"url\":\"https:\/\/www.creative.travel\/es\/who-we-are\/\",\"name\":\"QUIENES SOMOS - Creative Travel I A family story since 1977\",\"isPartOf\":{\"@id\":\"https:\/\/www.creative.travel\/es\/#website\"},\"primaryImageOfPage\":{\"@id\":\"https:\/\/www.creative.travel\/es\/who-we-are\/#primaryimage\"},\"image\":{\"@id\":\"https:\/\/www.creative.travel\/es\/who-we-are\/#primaryimage\"},\"thumbnailUrl\":\"https:\/\/www.creative.travel\/wp-content\/uploads\/2017\/05\/Creative-travel-family.png\",\"datePublished\":\"2017-05-30T12:56:36+00:00\",\"dateModified\":\"2018-02-08T09:37:39+00:00\",\"breadcrumb\":{\"@id\":\"https:\/\/www.creative.travel\/es\/who-we-are\/#breadcrumb\"},\"inLanguage\":\"es\",\"potentialAction\":[{\"@type\":\"ReadAction\",\"target\":[\"https:\/\/www.creative.travel\/es\/who-we-are\/\"]}]},{\"@type\":\"ImageObject\",\"inLanguage\":\"es\",\"@id\":\"https:\/\/www.creative.travel\/es\/who-we-are\/#primaryimage\",\"url\":\"https:\/\/www.creative.travel\/wp-content\/uploads\/2017\/05\/Creative-travel-family.png\",\"contentUrl\":\"https:\/\/www.creative.travel\/wp-content\/uploads\/2017\/05\/Creative-travel-family.png\",\"width\":400,\"height\":500},{\"@type\":\"BreadcrumbList\",\"@id\":\"https:\/\/www.creative.travel\/es\/who-we-are\/#breadcrumb\",\"itemListElement\":[{\"@type\":\"ListItem\",\"position\":1,\"name\":\"Home\",\"item\":\"https:\/\/www.creative.travel\/es\/\"},{\"@type\":\"ListItem\",\"position\":2,\"name\":\"QUIENES SOMOS\"}]},{\"@type\":\"WebSite\",\"@id\":\"https:\/\/www.creative.travel\/es\/#website\",\"url\":\"https:\/\/www.creative.travel\/es\/\",\"name\":\"Creative Travel I A family story since 1977\",\"description\":\"\",\"potentialAction\":[{\"@type\":\"SearchAction\",\"target\":{\"@type\":\"EntryPoint\",\"urlTemplate\":\"https:\/\/www.creative.travel\/es\/?s={search_term_string}\"},\"query-input\":{\"@type\":\"PropertyValueSpecification\",\"valueRequired\":true,\"valueName\":\"search_term_string\"}}],\"inLanguage\":\"es\"}]}<\/script>\n<!-- \/ Yoast SEO plugin. -->","yoast_head_json":{"title":"QUIENES SOMOS - Creative Travel I A family story since 1977","robots":{"index":"index","follow":"follow","max-snippet":"max-snippet:-1","max-image-preview":"max-image-preview:large","max-video-preview":"max-video-preview:-1"},"canonical":"https:\/\/www.creative.travel\/es\/who-we-are\/","og_locale":"es_ES","og_type":"article","og_title":"QUIENES SOMOS - Creative Travel I A family story since 1977","og_description":"BIENVENIDOS A UN MUNDO CREATIVO Hace muchos a\u00f1os, mientras crec\u00edamos como empresa, nos dimos cuenta que nos encantaba mostrar experiencias atractivas y \u00fanicas en los pa\u00edses que cubrimos, mas all\u00e1 de las reservas de hoteles y tours. Notamos que nuestras tierras tienen muchos rincones ocultos, muchos momentos \u00fanicos, muchos misterios y muchas historias. Somos una &hellip; Seguir leyendo QUIENES SOMOS &rarr;","og_url":"https:\/\/www.creative.travel\/es\/who-we-are\/","og_site_name":"Creative Travel I A family story since 1977","article_modified_time":"2018-02-08T09:37:39+00:00","og_image":[{"width":400,"height":500,"url":"https:\/\/www.creative.travel\/wp-content\/uploads\/2017\/05\/Creative-travel-family.png","type":"image\/png"}],"twitter_card":"summary_large_image","twitter_misc":{"Tiempo de lectura":"1 minuto"},"schema":{"@context":"https:\/\/schema.org","@graph":[{"@type":"WebPage","@id":"https:\/\/www.creative.travel\/es\/who-we-are\/","url":"https:\/\/www.creative.travel\/es\/who-we-are\/","name":"QUIENES SOMOS - Creative Travel I A family story since 1977","isPartOf":{"@id":"https:\/\/www.creative.travel\/es\/#website"},"primaryImageOfPage":{"@id":"https:\/\/www.creative.travel\/es\/who-we-are\/#primaryimage"},"image":{"@id":"https:\/\/www.creative.travel\/es\/who-we-are\/#primaryimage"},"thumbnailUrl":"https:\/\/www.creative.travel\/wp-content\/uploads\/2017\/05\/Creative-travel-family.png","datePublished":"2017-05-30T12:56:36+00:00","dateModified":"2018-02-08T09:37:39+00:00","breadcrumb":{"@id":"https:\/\/www.creative.travel\/es\/who-we-are\/#breadcrumb"},"inLanguage":"es","potentialAction":[{"@type":"ReadAction","target":["https:\/\/www.creative.travel\/es\/who-we-are\/"]}]},{"@type":"ImageObject","inLanguage":"es","@id":"https:\/\/www.creative.travel\/es\/who-we-are\/#primaryimage","url":"https:\/\/www.creative.travel\/wp-content\/uploads\/2017\/05\/Creative-travel-family.png","contentUrl":"https:\/\/www.creative.travel\/wp-content\/uploads\/2017\/05\/Creative-travel-family.png","width":400,"height":500},{"@type":"BreadcrumbList","@id":"https:\/\/www.creative.travel\/es\/who-we-are\/#breadcrumb","itemListElement":[{"@type":"ListItem","position":1,"name":"Home","item":"https:\/\/www.creative.travel\/es\/"},{"@type":"ListItem","position":2,"name":"QUIENES SOMOS"}]},{"@type":"WebSite","@id":"https:\/\/www.creative.travel\/es\/#website","url":"https:\/\/www.creative.travel\/es\/","name":"Creative Travel I A family story since 1977","description":"","potentialAction":[{"@type":"SearchAction","target":{"@type":"EntryPoint","urlTemplate":"https:\/\/www.creative.travel\/es\/?s={search_term_string}"},"query-input":{"@type":"PropertyValueSpecification","valueRequired":true,"valueName":"search_term_string"}}],"inLanguage":"es"}]}},"_links":{"self":[{"href":"https:\/\/www.creative.travel\/es\/wp-json\/wp\/v2\/pages\/1269","targetHints":{"allow":["GET"]}}],"collection":[{"href":"https:\/\/www.creative.travel\/es\/wp-json\/wp\/v2\/pages"}],"about":[{"href":"https:\/\/www.creative.travel\/es\/wp-json\/wp\/v2\/types\/page"}],"author":[{"embeddable":true,"href":"https:\/\/www.creative.travel\/es\/wp-json\/wp\/v2\/users\/3"}],"replies":[{"embeddable":true,"href":"https:\/\/www.creative.travel\/es\/wp-json\/wp\/v2\/comments?post=1269"}],"version-history":[{"count":4,"href":"https:\/\/www.creative.travel\/es\/wp-json\/wp\/v2\/pages\/1269\/revisions"}],"predecessor-version":[{"id":1470,"href":"https:\/\/www.creative.travel\/es\/wp-json\/wp\/v2\/pages\/1269\/revisions\/1470"}],"wp:featuredmedia":[{"embeddable":true,"href":"https:\/\/www.creative.travel\/es\/wp-json\/wp\/v2\/media\/589"}],"wp:attachment":[{"href":"https:\/\/www.creative.travel\/es\/wp-json\/wp\/v2\/media?parent=1269"}],"curies":[{"name":"wp","href":"https:\/\/api.w.org\/{rel}","templated":true}]}}