{"id":1258,"date":"2017-06-07T10:19:04","date_gmt":"2017-06-07T10:19:04","guid":{"rendered":"http:\/\/www.creative.travel\/our-world\/sri-lanka\/"},"modified":"2018-02-15T06:48:59","modified_gmt":"2018-02-15T06:48:59","slug":"sri-lanka","status":"publish","type":"page","link":"https:\/\/www.creative.travel\/es\/our-world\/sri-lanka\/","title":{"rendered":"SRI LANKA"},"content":{"rendered":"<p>El viaje en Sri Lanka es una ola suave, tropical. Desde el momento en que aterric\u00e9, me sent\u00ed envuelto por la c\u00e1lida hospitalidad, la brisa sensual del oc\u00e9ano y la comida de ricos sabores.<\/p>\n<p>Aunque el pa\u00eds tiene muchas conexiones hist\u00f3ricas y mitol\u00f3gicas compartidas con la India, es m\u00e1s peque\u00f1o y tranquilo y completamente \u00fanico. Me encant\u00f3 la exuberancia del pa\u00eds, las hermosas playas y la cultura vital. Aunque es peque\u00f1o, encontr\u00e9 un sinf\u00edn de cosas atractivas que hacer, desde visitar lugares sagrados y antiguos monasterios pasando por disfrutar de una buena comida en el elegante Galle, hasta explorar la diversa flora y fauna de sus parques nacionales. Sri Lanka se llamaba anteriormente Ceil\u00e1n, pero antes era conocida como Serendip. Y realmente encontr\u00e9 momentos maravillosos de serendipia all\u00ed, como encontrar por casualidad una manada de elefantes salvajes mientras estaba en el jeep del safari y encontrar a un grupo de monjes budistas en lo alto de Sigirya, en la Puerta del Le\u00f3n.<\/p>\n","protected":false},"excerpt":{"rendered":"<p>El viaje en Sri Lanka es una ola suave, tropical. Desde el momento en que aterric\u00e9, me sent\u00ed envuelto por la c\u00e1lida hospitalidad, la brisa sensual del oc\u00e9ano y la comida de ricos sabores. Aunque el pa\u00eds tiene muchas conexiones hist\u00f3ricas y mitol\u00f3gicas compartidas con la India, es m\u00e1s peque\u00f1o y tranquilo y completamente \u00fanico. &hellip; <a href=\"https:\/\/www.creative.travel\/es\/our-world\/sri-lanka\/\" class=\"more-link\">Seguir leyendo <span class=\"screen-reader-text\">SRI LANKA<\/span> <span class=\"meta-nav\">&rarr;<\/span><\/a><\/p>\n","protected":false},"author":3,"featured_media":0,"parent":1254,"menu_order":68,"comment_status":"closed","ping_status":"closed","template":"our-world-page-tem.php","meta":{"_acf_changed":false,"footnotes":""},"class_list":["post-1258","page","type-page","status-publish","hentry"],"acf":[],"yoast_head":"<!-- This site is optimized with the Yoast SEO plugin v25.5 - https:\/\/yoast.com\/wordpress\/plugins\/seo\/ -->\n<title>SRI LANKA - Creative Travel I A family story since 1977<\/title>\n<meta name=\"robots\" content=\"index, follow, max-snippet:-1, max-image-preview:large, max-video-preview:-1\" \/>\n<link rel=\"canonical\" href=\"https:\/\/www.creative.travel\/our-world\/sri-lanka\/\" \/>\n<meta property=\"og:locale\" content=\"es_ES\" \/>\n<meta property=\"og:type\" content=\"article\" \/>\n<meta property=\"og:title\" content=\"SRI LANKA - Creative Travel I A family story since 1977\" \/>\n<meta property=\"og:description\" content=\"El viaje en Sri Lanka es una ola suave, tropical. Desde el momento en que aterric\u00e9, me sent\u00ed envuelto por la c\u00e1lida hospitalidad, la brisa sensual del oc\u00e9ano y la comida de ricos sabores. Aunque el pa\u00eds tiene muchas conexiones hist\u00f3ricas y mitol\u00f3gicas compartidas con la India, es m\u00e1s peque\u00f1o y tranquilo y completamente \u00fanico. &hellip; Seguir leyendo SRI LANKA &rarr;\" \/>\n<meta property=\"og:url\" content=\"https:\/\/www.creative.travel\/our-world\/sri-lanka\/\" \/>\n<meta property=\"og:site_name\" content=\"Creative Travel I A family story since 1977\" \/>\n<meta property=\"article:modified_time\" content=\"2018-02-15T06:48:59+00:00\" \/>\n<meta name=\"twitter:card\" content=\"summary_large_image\" \/>\n<meta name=\"twitter:label1\" content=\"Tiempo de lectura\" \/>\n\t<meta name=\"twitter:data1\" content=\"1 minuto\" \/>\n<script type=\"application\/ld+json\" class=\"yoast-schema-graph\">{\"@context\":\"https:\/\/schema.org\",\"@graph\":[{\"@type\":\"WebPage\",\"@id\":\"https:\/\/www.creative.travel\/our-world\/sri-lanka\/\",\"url\":\"https:\/\/www.creative.travel\/our-world\/sri-lanka\/\",\"name\":\"SRI LANKA - Creative Travel I A family story since 1977\",\"isPartOf\":{\"@id\":\"https:\/\/www.creative.travel\/es\/#website\"},\"datePublished\":\"2017-06-07T10:19:04+00:00\",\"dateModified\":\"2018-02-15T06:48:59+00:00\",\"breadcrumb\":{\"@id\":\"https:\/\/www.creative.travel\/our-world\/sri-lanka\/#breadcrumb\"},\"inLanguage\":\"es\",\"potentialAction\":[{\"@type\":\"ReadAction\",\"target\":[\"https:\/\/www.creative.travel\/our-world\/sri-lanka\/\"]}]},{\"@type\":\"BreadcrumbList\",\"@id\":\"https:\/\/www.creative.travel\/our-world\/sri-lanka\/#breadcrumb\",\"itemListElement\":[{\"@type\":\"ListItem\",\"position\":1,\"name\":\"Home\",\"item\":\"https:\/\/www.creative.travel\/es\/\"},{\"@type\":\"ListItem\",\"position\":2,\"name\":\"NUESTRO MUNDO\",\"item\":\"https:\/\/www.creative.travel\/our-world\/\"},{\"@type\":\"ListItem\",\"position\":3,\"name\":\"SRI LANKA\"}]},{\"@type\":\"WebSite\",\"@id\":\"https:\/\/www.creative.travel\/es\/#website\",\"url\":\"https:\/\/www.creative.travel\/es\/\",\"name\":\"Creative Travel I A family story since 1977\",\"description\":\"\",\"potentialAction\":[{\"@type\":\"SearchAction\",\"target\":{\"@type\":\"EntryPoint\",\"urlTemplate\":\"https:\/\/www.creative.travel\/es\/?s={search_term_string}\"},\"query-input\":{\"@type\":\"PropertyValueSpecification\",\"valueRequired\":true,\"valueName\":\"search_term_string\"}}],\"inLanguage\":\"es\"}]}<\/script>\n<!-- \/ Yoast SEO plugin. -->","yoast_head_json":{"title":"SRI LANKA - Creative Travel I A family story since 1977","robots":{"index":"index","follow":"follow","max-snippet":"max-snippet:-1","max-image-preview":"max-image-preview:large","max-video-preview":"max-video-preview:-1"},"canonical":"https:\/\/www.creative.travel\/our-world\/sri-lanka\/","og_locale":"es_ES","og_type":"article","og_title":"SRI LANKA - Creative Travel I A family story since 1977","og_description":"El viaje en Sri Lanka es una ola suave, tropical. Desde el momento en que aterric\u00e9, me sent\u00ed envuelto por la c\u00e1lida hospitalidad, la brisa sensual del oc\u00e9ano y la comida de ricos sabores. Aunque el pa\u00eds tiene muchas conexiones hist\u00f3ricas y mitol\u00f3gicas compartidas con la India, es m\u00e1s peque\u00f1o y tranquilo y completamente \u00fanico. &hellip; Seguir leyendo SRI LANKA &rarr;","og_url":"https:\/\/www.creative.travel\/our-world\/sri-lanka\/","og_site_name":"Creative Travel I A family story since 1977","article_modified_time":"2018-02-15T06:48:59+00:00","twitter_card":"summary_large_image","twitter_misc":{"Tiempo de lectura":"1 minuto"},"schema":{"@context":"https:\/\/schema.org","@graph":[{"@type":"WebPage","@id":"https:\/\/www.creative.travel\/our-world\/sri-lanka\/","url":"https:\/\/www.creative.travel\/our-world\/sri-lanka\/","name":"SRI LANKA - Creative Travel I A family story since 1977","isPartOf":{"@id":"https:\/\/www.creative.travel\/es\/#website"},"datePublished":"2017-06-07T10:19:04+00:00","dateModified":"2018-02-15T06:48:59+00:00","breadcrumb":{"@id":"https:\/\/www.creative.travel\/our-world\/sri-lanka\/#breadcrumb"},"inLanguage":"es","potentialAction":[{"@type":"ReadAction","target":["https:\/\/www.creative.travel\/our-world\/sri-lanka\/"]}]},{"@type":"BreadcrumbList","@id":"https:\/\/www.creative.travel\/our-world\/sri-lanka\/#breadcrumb","itemListElement":[{"@type":"ListItem","position":1,"name":"Home","item":"https:\/\/www.creative.travel\/es\/"},{"@type":"ListItem","position":2,"name":"NUESTRO MUNDO","item":"https:\/\/www.creative.travel\/our-world\/"},{"@type":"ListItem","position":3,"name":"SRI LANKA"}]},{"@type":"WebSite","@id":"https:\/\/www.creative.travel\/es\/#website","url":"https:\/\/www.creative.travel\/es\/","name":"Creative Travel I A family story since 1977","description":"","potentialAction":[{"@type":"SearchAction","target":{"@type":"EntryPoint","urlTemplate":"https:\/\/www.creative.travel\/es\/?s={search_term_string}"},"query-input":{"@type":"PropertyValueSpecification","valueRequired":true,"valueName":"search_term_string"}}],"inLanguage":"es"}]}},"_links":{"self":[{"href":"https:\/\/www.creative.travel\/es\/wp-json\/wp\/v2\/pages\/1258","targetHints":{"allow":["GET"]}}],"collection":[{"href":"https:\/\/www.creative.travel\/es\/wp-json\/wp\/v2\/pages"}],"about":[{"href":"https:\/\/www.creative.travel\/es\/wp-json\/wp\/v2\/types\/page"}],"author":[{"embeddable":true,"href":"https:\/\/www.creative.travel\/es\/wp-json\/wp\/v2\/users\/3"}],"replies":[{"embeddable":true,"href":"https:\/\/www.creative.travel\/es\/wp-json\/wp\/v2\/comments?post=1258"}],"version-history":[{"count":1,"href":"https:\/\/www.creative.travel\/es\/wp-json\/wp\/v2\/pages\/1258\/revisions"}],"predecessor-version":[{"id":1284,"href":"https:\/\/www.creative.travel\/es\/wp-json\/wp\/v2\/pages\/1258\/revisions\/1284"}],"up":[{"embeddable":true,"href":"https:\/\/www.creative.travel\/es\/wp-json\/wp\/v2\/pages\/1254"}],"wp:attachment":[{"href":"https:\/\/www.creative.travel\/es\/wp-json\/wp\/v2\/media?parent=1258"}],"curies":[{"name":"wp","href":"https:\/\/api.w.org\/{rel}","templated":true}]}}