{"id":1257,"date":"2017-06-07T10:18:40","date_gmt":"2017-06-07T10:18:40","guid":{"rendered":"http:\/\/www.creative.travel\/our-world\/nepal\/"},"modified":"2018-02-15T06:57:33","modified_gmt":"2018-02-15T06:57:33","slug":"nepal","status":"publish","type":"page","link":"https:\/\/www.creative.travel\/es\/our-world\/nepal\/","title":{"rendered":"NEPAL"},"content":{"rendered":"<p>Llegu\u00e9 a Katmand\u00fa durante el monz\u00f3n. El primer atisbo de Nepal que tuve fue desde las colinas del valle de Katmand\u00fa de color verde brillante y exuberante. No sab\u00eda qu\u00e9 esperar de este pa\u00eds tan conocido por algunas de las mejores rutas de trekking y monta\u00f1ismo del mundo. Un tercio de la cordillera del Himalaya se eleva para alcanzar el cielo en esta naci\u00f3n sin litoral que incluye 10 de los picos m\u00e1s grandes del mundo. Pero yo no estaba all\u00ed para hacer trekking ni monta\u00f1ismo. Quer\u00eda pasear por los mercados y conocer la cultura. Resulta que fui al lugar correcto. Nepal ofrece f\u00e1cilmente a los viajeros experiencias culturales aut\u00e9nticas. Es el lugar de nacimiento del Buda y, en su momento, el \u00fanico reino hind\u00fa del mundo. La gente es relajada y c\u00e1lida, los bazares son tan coloridos como yo esperaba, y los templos igual de hermosos. Para mi deleite, descubr\u00ed que Nepal es el tipo de lugar que no quieres abandonar.<\/p>\n","protected":false},"excerpt":{"rendered":"<p>Llegu\u00e9 a Katmand\u00fa durante el monz\u00f3n. El primer atisbo de Nepal que tuve fue desde las colinas del valle de Katmand\u00fa de color verde brillante y exuberante. No sab\u00eda qu\u00e9 esperar de este pa\u00eds tan conocido por algunas de las mejores rutas de trekking y monta\u00f1ismo del mundo. Un tercio de la cordillera del Himalaya &hellip; <a href=\"https:\/\/www.creative.travel\/es\/our-world\/nepal\/\" class=\"more-link\">Seguir leyendo <span class=\"screen-reader-text\">NEPAL<\/span> <span class=\"meta-nav\">&rarr;<\/span><\/a><\/p>\n","protected":false},"author":3,"featured_media":0,"parent":1254,"menu_order":71,"comment_status":"closed","ping_status":"closed","template":"our-world-page-tem.php","meta":{"_acf_changed":false,"footnotes":""},"class_list":["post-1257","page","type-page","status-publish","hentry"],"acf":[],"yoast_head":"<!-- This site is optimized with the Yoast SEO plugin v25.5 - https:\/\/yoast.com\/wordpress\/plugins\/seo\/ -->\n<title>NEPAL - Creative Travel I A family story since 1977<\/title>\n<meta name=\"robots\" content=\"index, follow, max-snippet:-1, max-image-preview:large, max-video-preview:-1\" \/>\n<link rel=\"canonical\" href=\"https:\/\/www.creative.travel\/our-world\/nepal\/\" \/>\n<meta property=\"og:locale\" content=\"es_ES\" \/>\n<meta property=\"og:type\" content=\"article\" \/>\n<meta property=\"og:title\" content=\"NEPAL - Creative Travel I A family story since 1977\" \/>\n<meta property=\"og:description\" content=\"Llegu\u00e9 a Katmand\u00fa durante el monz\u00f3n. El primer atisbo de Nepal que tuve fue desde las colinas del valle de Katmand\u00fa de color verde brillante y exuberante. No sab\u00eda qu\u00e9 esperar de este pa\u00eds tan conocido por algunas de las mejores rutas de trekking y monta\u00f1ismo del mundo. Un tercio de la cordillera del Himalaya &hellip; Seguir leyendo NEPAL &rarr;\" \/>\n<meta property=\"og:url\" content=\"https:\/\/www.creative.travel\/our-world\/nepal\/\" \/>\n<meta property=\"og:site_name\" content=\"Creative Travel I A family story since 1977\" \/>\n<meta property=\"article:modified_time\" content=\"2018-02-15T06:57:33+00:00\" \/>\n<meta name=\"twitter:card\" content=\"summary_large_image\" \/>\n<meta name=\"twitter:label1\" content=\"Tiempo de lectura\" \/>\n\t<meta name=\"twitter:data1\" content=\"1 minuto\" \/>\n<script type=\"application\/ld+json\" class=\"yoast-schema-graph\">{\"@context\":\"https:\/\/schema.org\",\"@graph\":[{\"@type\":\"WebPage\",\"@id\":\"https:\/\/www.creative.travel\/our-world\/nepal\/\",\"url\":\"https:\/\/www.creative.travel\/our-world\/nepal\/\",\"name\":\"NEPAL - Creative Travel I A family story since 1977\",\"isPartOf\":{\"@id\":\"https:\/\/www.creative.travel\/es\/#website\"},\"datePublished\":\"2017-06-07T10:18:40+00:00\",\"dateModified\":\"2018-02-15T06:57:33+00:00\",\"breadcrumb\":{\"@id\":\"https:\/\/www.creative.travel\/our-world\/nepal\/#breadcrumb\"},\"inLanguage\":\"es\",\"potentialAction\":[{\"@type\":\"ReadAction\",\"target\":[\"https:\/\/www.creative.travel\/our-world\/nepal\/\"]}]},{\"@type\":\"BreadcrumbList\",\"@id\":\"https:\/\/www.creative.travel\/our-world\/nepal\/#breadcrumb\",\"itemListElement\":[{\"@type\":\"ListItem\",\"position\":1,\"name\":\"Home\",\"item\":\"https:\/\/www.creative.travel\/es\/\"},{\"@type\":\"ListItem\",\"position\":2,\"name\":\"NUESTRO MUNDO\",\"item\":\"https:\/\/www.creative.travel\/our-world\/\"},{\"@type\":\"ListItem\",\"position\":3,\"name\":\"NEPAL\"}]},{\"@type\":\"WebSite\",\"@id\":\"https:\/\/www.creative.travel\/es\/#website\",\"url\":\"https:\/\/www.creative.travel\/es\/\",\"name\":\"Creative Travel I A family story since 1977\",\"description\":\"\",\"potentialAction\":[{\"@type\":\"SearchAction\",\"target\":{\"@type\":\"EntryPoint\",\"urlTemplate\":\"https:\/\/www.creative.travel\/es\/?s={search_term_string}\"},\"query-input\":{\"@type\":\"PropertyValueSpecification\",\"valueRequired\":true,\"valueName\":\"search_term_string\"}}],\"inLanguage\":\"es\"}]}<\/script>\n<!-- \/ Yoast SEO plugin. -->","yoast_head_json":{"title":"NEPAL - Creative Travel I A family story since 1977","robots":{"index":"index","follow":"follow","max-snippet":"max-snippet:-1","max-image-preview":"max-image-preview:large","max-video-preview":"max-video-preview:-1"},"canonical":"https:\/\/www.creative.travel\/our-world\/nepal\/","og_locale":"es_ES","og_type":"article","og_title":"NEPAL - Creative Travel I A family story since 1977","og_description":"Llegu\u00e9 a Katmand\u00fa durante el monz\u00f3n. El primer atisbo de Nepal que tuve fue desde las colinas del valle de Katmand\u00fa de color verde brillante y exuberante. No sab\u00eda qu\u00e9 esperar de este pa\u00eds tan conocido por algunas de las mejores rutas de trekking y monta\u00f1ismo del mundo. Un tercio de la cordillera del Himalaya &hellip; Seguir leyendo NEPAL &rarr;","og_url":"https:\/\/www.creative.travel\/our-world\/nepal\/","og_site_name":"Creative Travel I A family story since 1977","article_modified_time":"2018-02-15T06:57:33+00:00","twitter_card":"summary_large_image","twitter_misc":{"Tiempo de lectura":"1 minuto"},"schema":{"@context":"https:\/\/schema.org","@graph":[{"@type":"WebPage","@id":"https:\/\/www.creative.travel\/our-world\/nepal\/","url":"https:\/\/www.creative.travel\/our-world\/nepal\/","name":"NEPAL - Creative Travel I A family story since 1977","isPartOf":{"@id":"https:\/\/www.creative.travel\/es\/#website"},"datePublished":"2017-06-07T10:18:40+00:00","dateModified":"2018-02-15T06:57:33+00:00","breadcrumb":{"@id":"https:\/\/www.creative.travel\/our-world\/nepal\/#breadcrumb"},"inLanguage":"es","potentialAction":[{"@type":"ReadAction","target":["https:\/\/www.creative.travel\/our-world\/nepal\/"]}]},{"@type":"BreadcrumbList","@id":"https:\/\/www.creative.travel\/our-world\/nepal\/#breadcrumb","itemListElement":[{"@type":"ListItem","position":1,"name":"Home","item":"https:\/\/www.creative.travel\/es\/"},{"@type":"ListItem","position":2,"name":"NUESTRO MUNDO","item":"https:\/\/www.creative.travel\/our-world\/"},{"@type":"ListItem","position":3,"name":"NEPAL"}]},{"@type":"WebSite","@id":"https:\/\/www.creative.travel\/es\/#website","url":"https:\/\/www.creative.travel\/es\/","name":"Creative Travel I A family story since 1977","description":"","potentialAction":[{"@type":"SearchAction","target":{"@type":"EntryPoint","urlTemplate":"https:\/\/www.creative.travel\/es\/?s={search_term_string}"},"query-input":{"@type":"PropertyValueSpecification","valueRequired":true,"valueName":"search_term_string"}}],"inLanguage":"es"}]}},"_links":{"self":[{"href":"https:\/\/www.creative.travel\/es\/wp-json\/wp\/v2\/pages\/1257","targetHints":{"allow":["GET"]}}],"collection":[{"href":"https:\/\/www.creative.travel\/es\/wp-json\/wp\/v2\/pages"}],"about":[{"href":"https:\/\/www.creative.travel\/es\/wp-json\/wp\/v2\/types\/page"}],"author":[{"embeddable":true,"href":"https:\/\/www.creative.travel\/es\/wp-json\/wp\/v2\/users\/3"}],"replies":[{"embeddable":true,"href":"https:\/\/www.creative.travel\/es\/wp-json\/wp\/v2\/comments?post=1257"}],"version-history":[{"count":2,"href":"https:\/\/www.creative.travel\/es\/wp-json\/wp\/v2\/pages\/1257\/revisions"}],"predecessor-version":[{"id":1567,"href":"https:\/\/www.creative.travel\/es\/wp-json\/wp\/v2\/pages\/1257\/revisions\/1567"}],"up":[{"embeddable":true,"href":"https:\/\/www.creative.travel\/es\/wp-json\/wp\/v2\/pages\/1254"}],"wp:attachment":[{"href":"https:\/\/www.creative.travel\/es\/wp-json\/wp\/v2\/media?parent=1257"}],"curies":[{"name":"wp","href":"https:\/\/api.w.org\/{rel}","templated":true}]}}