{"id":1256,"date":"2017-06-07T10:21:10","date_gmt":"2017-06-07T10:21:10","guid":{"rendered":"http:\/\/www.creative.travel\/our-world\/maldives\/"},"modified":"2018-02-15T07:08:52","modified_gmt":"2018-02-15T07:08:52","slug":"maldives","status":"publish","type":"page","link":"https:\/\/www.creative.travel\/es\/our-world\/maldives\/","title":{"rendered":"MALDIVES"},"content":{"rendered":"<p>Imag\u00ednate un mar azul tranquilo ba\u00f1ando una playa de arena blanca bajo un c\u00e1lido cielo tropical. Buscas algo que ver en el horizonte, algo para atraiga tu atenci\u00f3n, pero no hay nada. As\u00ed que, te acomodas de nuevo y haces lo que las Maldivas te invita a hacer&#8230; relajarte. Las Maldivas es una cadena de islas al nivel del mar, frente a la costa sur de la India, conocida por sus cielos soleados, aguas tranquilas y complejos de lujo. Claro, podr\u00edas levantarte y hacer vela, nataci\u00f3n, buceo de superficie o submarinismo. Las aguas son ricas en vida marina, con rayas manta, tortugas, tiburones e incluso el pez m\u00e1s grande del mundo, el tibur\u00f3n ballena. Podr\u00edas deslumbrarte por el color y la variedad. O bien, simplemente podr\u00edas seguir relaj\u00e1ndote&#8230;<\/p>\n","protected":false},"excerpt":{"rendered":"<p>Imag\u00ednate un mar azul tranquilo ba\u00f1ando una playa de arena blanca bajo un c\u00e1lido cielo tropical. Buscas algo que ver en el horizonte, algo para atraiga tu atenci\u00f3n, pero no hay nada. As\u00ed que, te acomodas de nuevo y haces lo que las Maldivas te invita a hacer&#8230; relajarte. Las Maldivas es una cadena de &hellip; <a href=\"https:\/\/www.creative.travel\/es\/our-world\/maldives\/\" class=\"more-link\">Seguir leyendo <span class=\"screen-reader-text\">MALDIVES<\/span> <span class=\"meta-nav\">&rarr;<\/span><\/a><\/p>\n","protected":false},"author":3,"featured_media":0,"parent":1254,"menu_order":59,"comment_status":"closed","ping_status":"closed","template":"our-world-page-tem.php","meta":{"_acf_changed":false,"footnotes":""},"class_list":["post-1256","page","type-page","status-publish","hentry"],"acf":[],"yoast_head":"<!-- This site is optimized with the Yoast SEO plugin v25.5 - https:\/\/yoast.com\/wordpress\/plugins\/seo\/ -->\n<title>MALDIVES - Creative Travel I A family story since 1977<\/title>\n<meta name=\"robots\" content=\"index, follow, max-snippet:-1, max-image-preview:large, max-video-preview:-1\" \/>\n<link rel=\"canonical\" href=\"https:\/\/www.creative.travel\/our-world\/maldives\/\" \/>\n<meta property=\"og:locale\" content=\"es_ES\" \/>\n<meta property=\"og:type\" content=\"article\" \/>\n<meta property=\"og:title\" content=\"MALDIVES - Creative Travel I A family story since 1977\" \/>\n<meta property=\"og:description\" content=\"Imag\u00ednate un mar azul tranquilo ba\u00f1ando una playa de arena blanca bajo un c\u00e1lido cielo tropical. Buscas algo que ver en el horizonte, algo para atraiga tu atenci\u00f3n, pero no hay nada. As\u00ed que, te acomodas de nuevo y haces lo que las Maldivas te invita a hacer&#8230; relajarte. Las Maldivas es una cadena de &hellip; Seguir leyendo MALDIVES &rarr;\" \/>\n<meta property=\"og:url\" content=\"https:\/\/www.creative.travel\/our-world\/maldives\/\" \/>\n<meta property=\"og:site_name\" content=\"Creative Travel I A family story since 1977\" \/>\n<meta property=\"article:modified_time\" content=\"2018-02-15T07:08:52+00:00\" \/>\n<meta name=\"twitter:card\" content=\"summary_large_image\" \/>\n<meta name=\"twitter:label1\" content=\"Tiempo de lectura\" \/>\n\t<meta name=\"twitter:data1\" content=\"1 minuto\" \/>\n<script type=\"application\/ld+json\" class=\"yoast-schema-graph\">{\"@context\":\"https:\/\/schema.org\",\"@graph\":[{\"@type\":\"WebPage\",\"@id\":\"https:\/\/www.creative.travel\/our-world\/maldives\/\",\"url\":\"https:\/\/www.creative.travel\/our-world\/maldives\/\",\"name\":\"MALDIVES - Creative Travel I A family story since 1977\",\"isPartOf\":{\"@id\":\"https:\/\/www.creative.travel\/es\/#website\"},\"datePublished\":\"2017-06-07T10:21:10+00:00\",\"dateModified\":\"2018-02-15T07:08:52+00:00\",\"breadcrumb\":{\"@id\":\"https:\/\/www.creative.travel\/our-world\/maldives\/#breadcrumb\"},\"inLanguage\":\"es\",\"potentialAction\":[{\"@type\":\"ReadAction\",\"target\":[\"https:\/\/www.creative.travel\/our-world\/maldives\/\"]}]},{\"@type\":\"BreadcrumbList\",\"@id\":\"https:\/\/www.creative.travel\/our-world\/maldives\/#breadcrumb\",\"itemListElement\":[{\"@type\":\"ListItem\",\"position\":1,\"name\":\"Home\",\"item\":\"https:\/\/www.creative.travel\/es\/\"},{\"@type\":\"ListItem\",\"position\":2,\"name\":\"NUESTRO MUNDO\",\"item\":\"https:\/\/www.creative.travel\/our-world\/\"},{\"@type\":\"ListItem\",\"position\":3,\"name\":\"MALDIVES\"}]},{\"@type\":\"WebSite\",\"@id\":\"https:\/\/www.creative.travel\/es\/#website\",\"url\":\"https:\/\/www.creative.travel\/es\/\",\"name\":\"Creative Travel I A family story since 1977\",\"description\":\"\",\"potentialAction\":[{\"@type\":\"SearchAction\",\"target\":{\"@type\":\"EntryPoint\",\"urlTemplate\":\"https:\/\/www.creative.travel\/es\/?s={search_term_string}\"},\"query-input\":{\"@type\":\"PropertyValueSpecification\",\"valueRequired\":true,\"valueName\":\"search_term_string\"}}],\"inLanguage\":\"es\"}]}<\/script>\n<!-- \/ Yoast SEO plugin. -->","yoast_head_json":{"title":"MALDIVES - Creative Travel I A family story since 1977","robots":{"index":"index","follow":"follow","max-snippet":"max-snippet:-1","max-image-preview":"max-image-preview:large","max-video-preview":"max-video-preview:-1"},"canonical":"https:\/\/www.creative.travel\/our-world\/maldives\/","og_locale":"es_ES","og_type":"article","og_title":"MALDIVES - Creative Travel I A family story since 1977","og_description":"Imag\u00ednate un mar azul tranquilo ba\u00f1ando una playa de arena blanca bajo un c\u00e1lido cielo tropical. Buscas algo que ver en el horizonte, algo para atraiga tu atenci\u00f3n, pero no hay nada. As\u00ed que, te acomodas de nuevo y haces lo que las Maldivas te invita a hacer&#8230; relajarte. Las Maldivas es una cadena de &hellip; Seguir leyendo MALDIVES &rarr;","og_url":"https:\/\/www.creative.travel\/our-world\/maldives\/","og_site_name":"Creative Travel I A family story since 1977","article_modified_time":"2018-02-15T07:08:52+00:00","twitter_card":"summary_large_image","twitter_misc":{"Tiempo de lectura":"1 minuto"},"schema":{"@context":"https:\/\/schema.org","@graph":[{"@type":"WebPage","@id":"https:\/\/www.creative.travel\/our-world\/maldives\/","url":"https:\/\/www.creative.travel\/our-world\/maldives\/","name":"MALDIVES - Creative Travel I A family story since 1977","isPartOf":{"@id":"https:\/\/www.creative.travel\/es\/#website"},"datePublished":"2017-06-07T10:21:10+00:00","dateModified":"2018-02-15T07:08:52+00:00","breadcrumb":{"@id":"https:\/\/www.creative.travel\/our-world\/maldives\/#breadcrumb"},"inLanguage":"es","potentialAction":[{"@type":"ReadAction","target":["https:\/\/www.creative.travel\/our-world\/maldives\/"]}]},{"@type":"BreadcrumbList","@id":"https:\/\/www.creative.travel\/our-world\/maldives\/#breadcrumb","itemListElement":[{"@type":"ListItem","position":1,"name":"Home","item":"https:\/\/www.creative.travel\/es\/"},{"@type":"ListItem","position":2,"name":"NUESTRO MUNDO","item":"https:\/\/www.creative.travel\/our-world\/"},{"@type":"ListItem","position":3,"name":"MALDIVES"}]},{"@type":"WebSite","@id":"https:\/\/www.creative.travel\/es\/#website","url":"https:\/\/www.creative.travel\/es\/","name":"Creative Travel I A family story since 1977","description":"","potentialAction":[{"@type":"SearchAction","target":{"@type":"EntryPoint","urlTemplate":"https:\/\/www.creative.travel\/es\/?s={search_term_string}"},"query-input":{"@type":"PropertyValueSpecification","valueRequired":true,"valueName":"search_term_string"}}],"inLanguage":"es"}]}},"_links":{"self":[{"href":"https:\/\/www.creative.travel\/es\/wp-json\/wp\/v2\/pages\/1256","targetHints":{"allow":["GET"]}}],"collection":[{"href":"https:\/\/www.creative.travel\/es\/wp-json\/wp\/v2\/pages"}],"about":[{"href":"https:\/\/www.creative.travel\/es\/wp-json\/wp\/v2\/types\/page"}],"author":[{"embeddable":true,"href":"https:\/\/www.creative.travel\/es\/wp-json\/wp\/v2\/users\/3"}],"replies":[{"embeddable":true,"href":"https:\/\/www.creative.travel\/es\/wp-json\/wp\/v2\/comments?post=1256"}],"version-history":[{"count":2,"href":"https:\/\/www.creative.travel\/es\/wp-json\/wp\/v2\/pages\/1256\/revisions"}],"predecessor-version":[{"id":1573,"href":"https:\/\/www.creative.travel\/es\/wp-json\/wp\/v2\/pages\/1256\/revisions\/1573"}],"up":[{"embeddable":true,"href":"https:\/\/www.creative.travel\/es\/wp-json\/wp\/v2\/pages\/1254"}],"wp:attachment":[{"href":"https:\/\/www.creative.travel\/es\/wp-json\/wp\/v2\/media?parent=1256"}],"curies":[{"name":"wp","href":"https:\/\/api.w.org\/{rel}","templated":true}]}}