{"id":1255,"date":"2017-06-07T10:18:05","date_gmt":"2017-06-07T10:18:05","guid":{"rendered":"http:\/\/www.creative.travel\/our-world\/india\/"},"modified":"2018-05-16T18:55:47","modified_gmt":"2018-05-16T18:55:47","slug":"india","status":"publish","type":"page","link":"https:\/\/www.creative.travel\/es\/our-world\/india\/","title":{"rendered":"INDIA"},"content":{"rendered":"<p>Como muchos antes de m\u00ed, me enamor\u00e9 de los colores y del caos de la India. Sumida en el misterio y la mitolog\u00eda, barrida por el tiempo y la conquista y adornada con pompa y ritual, no hay ning\u00fan lugar como la India. Pero lo que m\u00e1s interesante encontr\u00e9 es que la India, m\u00e1s que un destino, es una experiencia. Y aunque puede ser abrumadora a veces, no tiene sentido tratar de resolver, entender o arreglarla. Es un pa\u00eds de m\u00e1s de mil millones de personas y tiene un impulso completamente propio. El momento en que piensas que entiendes la India es precisamente el momento en el que pierdes la perspectiva.<\/p>\n<p>Me entregu\u00e9 a la magia de la India y encontr\u00e9 la verdad en estas palabras del autor Rumer Godden: \u00abUna vez que hayas sentido el polvo indio, nunca estar\u00e1s libre de \u00e9l\u00bb. Ni las palabras ni las im\u00e1genes pueden evocar la complejidad de la cultura, la diversidad del terreno o la intensidad de las tradiciones. Para sentir su magia, ser tocado por su espiritualidad o participar en sus celebraciones, te puedo decir por experiencia que simplemente tienes que estar en la India.<\/p>\n","protected":false},"excerpt":{"rendered":"<p>Como muchos antes de m\u00ed, me enamor\u00e9 de los colores y del caos de la India. Sumida en el misterio y la mitolog\u00eda, barrida por el tiempo y la conquista y adornada con pompa y ritual, no hay ning\u00fan lugar como la India. Pero lo que m\u00e1s interesante encontr\u00e9 es que la India, m\u00e1s que &hellip; <a href=\"https:\/\/www.creative.travel\/es\/our-world\/india\/\" class=\"more-link\">Seguir leyendo <span class=\"screen-reader-text\">INDIA<\/span> <span class=\"meta-nav\">&rarr;<\/span><\/a><\/p>\n","protected":false},"author":3,"featured_media":0,"parent":1254,"menu_order":74,"comment_status":"closed","ping_status":"closed","template":"our-world-page-tem.php","meta":{"_acf_changed":false,"footnotes":""},"class_list":["post-1255","page","type-page","status-publish","hentry"],"acf":[],"yoast_head":"<!-- This site is optimized with the Yoast SEO plugin v25.5 - https:\/\/yoast.com\/wordpress\/plugins\/seo\/ -->\n<title>INDIA - Creative Travel I A family story since 1977<\/title>\n<meta name=\"robots\" content=\"index, follow, max-snippet:-1, max-image-preview:large, max-video-preview:-1\" \/>\n<link rel=\"canonical\" href=\"https:\/\/www.creative.travel\/our-world\/india\/\" \/>\n<meta property=\"og:locale\" content=\"es_ES\" \/>\n<meta property=\"og:type\" content=\"article\" \/>\n<meta property=\"og:title\" content=\"INDIA - Creative Travel I A family story since 1977\" \/>\n<meta property=\"og:description\" content=\"Como muchos antes de m\u00ed, me enamor\u00e9 de los colores y del caos de la India. Sumida en el misterio y la mitolog\u00eda, barrida por el tiempo y la conquista y adornada con pompa y ritual, no hay ning\u00fan lugar como la India. Pero lo que m\u00e1s interesante encontr\u00e9 es que la India, m\u00e1s que &hellip; Seguir leyendo INDIA &rarr;\" \/>\n<meta property=\"og:url\" content=\"https:\/\/www.creative.travel\/our-world\/india\/\" \/>\n<meta property=\"og:site_name\" content=\"Creative Travel I A family story since 1977\" \/>\n<meta property=\"article:modified_time\" content=\"2018-05-16T18:55:47+00:00\" \/>\n<meta name=\"twitter:card\" content=\"summary_large_image\" \/>\n<meta name=\"twitter:label1\" content=\"Tiempo de lectura\" \/>\n\t<meta name=\"twitter:data1\" content=\"1 minuto\" \/>\n<script type=\"application\/ld+json\" class=\"yoast-schema-graph\">{\"@context\":\"https:\/\/schema.org\",\"@graph\":[{\"@type\":\"WebPage\",\"@id\":\"https:\/\/www.creative.travel\/our-world\/india\/\",\"url\":\"https:\/\/www.creative.travel\/our-world\/india\/\",\"name\":\"INDIA - Creative Travel I A family story since 1977\",\"isPartOf\":{\"@id\":\"https:\/\/www.creative.travel\/es\/#website\"},\"datePublished\":\"2017-06-07T10:18:05+00:00\",\"dateModified\":\"2018-05-16T18:55:47+00:00\",\"breadcrumb\":{\"@id\":\"https:\/\/www.creative.travel\/our-world\/india\/#breadcrumb\"},\"inLanguage\":\"es\",\"potentialAction\":[{\"@type\":\"ReadAction\",\"target\":[\"https:\/\/www.creative.travel\/our-world\/india\/\"]}]},{\"@type\":\"BreadcrumbList\",\"@id\":\"https:\/\/www.creative.travel\/our-world\/india\/#breadcrumb\",\"itemListElement\":[{\"@type\":\"ListItem\",\"position\":1,\"name\":\"Home\",\"item\":\"https:\/\/www.creative.travel\/es\/\"},{\"@type\":\"ListItem\",\"position\":2,\"name\":\"NUESTRO MUNDO\",\"item\":\"https:\/\/www.creative.travel\/our-world\/\"},{\"@type\":\"ListItem\",\"position\":3,\"name\":\"INDIA\"}]},{\"@type\":\"WebSite\",\"@id\":\"https:\/\/www.creative.travel\/es\/#website\",\"url\":\"https:\/\/www.creative.travel\/es\/\",\"name\":\"Creative Travel I A family story since 1977\",\"description\":\"\",\"potentialAction\":[{\"@type\":\"SearchAction\",\"target\":{\"@type\":\"EntryPoint\",\"urlTemplate\":\"https:\/\/www.creative.travel\/es\/?s={search_term_string}\"},\"query-input\":{\"@type\":\"PropertyValueSpecification\",\"valueRequired\":true,\"valueName\":\"search_term_string\"}}],\"inLanguage\":\"es\"}]}<\/script>\n<!-- \/ Yoast SEO plugin. -->","yoast_head_json":{"title":"INDIA - Creative Travel I A family story since 1977","robots":{"index":"index","follow":"follow","max-snippet":"max-snippet:-1","max-image-preview":"max-image-preview:large","max-video-preview":"max-video-preview:-1"},"canonical":"https:\/\/www.creative.travel\/our-world\/india\/","og_locale":"es_ES","og_type":"article","og_title":"INDIA - Creative Travel I A family story since 1977","og_description":"Como muchos antes de m\u00ed, me enamor\u00e9 de los colores y del caos de la India. Sumida en el misterio y la mitolog\u00eda, barrida por el tiempo y la conquista y adornada con pompa y ritual, no hay ning\u00fan lugar como la India. Pero lo que m\u00e1s interesante encontr\u00e9 es que la India, m\u00e1s que &hellip; Seguir leyendo INDIA &rarr;","og_url":"https:\/\/www.creative.travel\/our-world\/india\/","og_site_name":"Creative Travel I A family story since 1977","article_modified_time":"2018-05-16T18:55:47+00:00","twitter_card":"summary_large_image","twitter_misc":{"Tiempo de lectura":"1 minuto"},"schema":{"@context":"https:\/\/schema.org","@graph":[{"@type":"WebPage","@id":"https:\/\/www.creative.travel\/our-world\/india\/","url":"https:\/\/www.creative.travel\/our-world\/india\/","name":"INDIA - Creative Travel I A family story since 1977","isPartOf":{"@id":"https:\/\/www.creative.travel\/es\/#website"},"datePublished":"2017-06-07T10:18:05+00:00","dateModified":"2018-05-16T18:55:47+00:00","breadcrumb":{"@id":"https:\/\/www.creative.travel\/our-world\/india\/#breadcrumb"},"inLanguage":"es","potentialAction":[{"@type":"ReadAction","target":["https:\/\/www.creative.travel\/our-world\/india\/"]}]},{"@type":"BreadcrumbList","@id":"https:\/\/www.creative.travel\/our-world\/india\/#breadcrumb","itemListElement":[{"@type":"ListItem","position":1,"name":"Home","item":"https:\/\/www.creative.travel\/es\/"},{"@type":"ListItem","position":2,"name":"NUESTRO MUNDO","item":"https:\/\/www.creative.travel\/our-world\/"},{"@type":"ListItem","position":3,"name":"INDIA"}]},{"@type":"WebSite","@id":"https:\/\/www.creative.travel\/es\/#website","url":"https:\/\/www.creative.travel\/es\/","name":"Creative Travel I A family story since 1977","description":"","potentialAction":[{"@type":"SearchAction","target":{"@type":"EntryPoint","urlTemplate":"https:\/\/www.creative.travel\/es\/?s={search_term_string}"},"query-input":{"@type":"PropertyValueSpecification","valueRequired":true,"valueName":"search_term_string"}}],"inLanguage":"es"}]}},"_links":{"self":[{"href":"https:\/\/www.creative.travel\/es\/wp-json\/wp\/v2\/pages\/1255","targetHints":{"allow":["GET"]}}],"collection":[{"href":"https:\/\/www.creative.travel\/es\/wp-json\/wp\/v2\/pages"}],"about":[{"href":"https:\/\/www.creative.travel\/es\/wp-json\/wp\/v2\/types\/page"}],"author":[{"embeddable":true,"href":"https:\/\/www.creative.travel\/es\/wp-json\/wp\/v2\/users\/3"}],"replies":[{"embeddable":true,"href":"https:\/\/www.creative.travel\/es\/wp-json\/wp\/v2\/comments?post=1255"}],"version-history":[{"count":5,"href":"https:\/\/www.creative.travel\/es\/wp-json\/wp\/v2\/pages\/1255\/revisions"}],"predecessor-version":[{"id":1835,"href":"https:\/\/www.creative.travel\/es\/wp-json\/wp\/v2\/pages\/1255\/revisions\/1835"}],"up":[{"embeddable":true,"href":"https:\/\/www.creative.travel\/es\/wp-json\/wp\/v2\/pages\/1254"}],"wp:attachment":[{"href":"https:\/\/www.creative.travel\/es\/wp-json\/wp\/v2\/media?parent=1255"}],"curies":[{"name":"wp","href":"https:\/\/api.w.org\/{rel}","templated":true}]}}