{"id":1238,"date":"2017-05-30T12:51:08","date_gmt":"2017-05-30T12:51:08","guid":{"rendered":"http:\/\/www.creative.travel\/home\/"},"modified":"2018-05-17T16:49:36","modified_gmt":"2018-05-17T16:49:36","slug":"home","status":"publish","type":"page","link":"https:\/\/www.creative.travel\/es\/","title":{"rendered":"Home"},"content":{"rendered":"<img loading=\"lazy\" decoding=\"async\" class=\"alignnone size-full wp-image-354\" src=\"http:\/\/www.creative.travel\/wp-content\/uploads\/2017\/06\/CT-40-year-logo.png\" alt=\"\" width=\"110\" height=\"107\" \/>\n<h3>BIENVENIDOS A UN<\/h3>\n<h2>MUNDO CREATIVO<\/h2>\n<p>Hace muchos a\u00f1os, mientras crec\u00edamos como empresa, nos dimos cuenta que nos encantaba mostrar experiencias atractivas y \u00fanicas en los pa\u00edses que cubrimos, mas all\u00e1 de las reservas de hoteles y tours. Notamos que nuestras tierras tienen muchos rincones ocultos, muchos momentos \u00fanicos, muchos misterios y muchas historias.<\/p>\n","protected":false},"excerpt":{"rendered":"<p>BIENVENIDOS A UN MUNDO CREATIVO Hace muchos a\u00f1os, mientras crec\u00edamos como empresa, nos dimos cuenta que nos encantaba mostrar experiencias atractivas y \u00fanicas en los pa\u00edses que cubrimos, mas all\u00e1 de las reservas de hoteles y tours. Notamos que nuestras tierras tienen muchos rincones ocultos, muchos momentos \u00fanicos, muchos misterios y muchas historias.<\/p>\n","protected":false},"author":3,"featured_media":0,"parent":0,"menu_order":86,"comment_status":"closed","ping_status":"closed","template":"","meta":{"_acf_changed":false,"footnotes":""},"class_list":["post-1238","page","type-page","status-publish","hentry"],"acf":[],"yoast_head":"<!-- This site is optimized with the Yoast SEO plugin v25.5 - https:\/\/yoast.com\/wordpress\/plugins\/seo\/ -->\n<title>Home - Creative Travel I A family story since 1977<\/title>\n<meta name=\"robots\" content=\"index, follow, max-snippet:-1, max-image-preview:large, max-video-preview:-1\" \/>\n<link rel=\"canonical\" href=\"https:\/\/www.creative.travel\/es\/\" \/>\n<meta property=\"og:locale\" content=\"es_ES\" \/>\n<meta property=\"og:type\" content=\"article\" \/>\n<meta property=\"og:title\" content=\"Home - Creative Travel I A family story since 1977\" \/>\n<meta property=\"og:description\" content=\"BIENVENIDOS A UN MUNDO CREATIVO Hace muchos a\u00f1os, mientras crec\u00edamos como empresa, nos dimos cuenta que nos encantaba mostrar experiencias atractivas y \u00fanicas en los pa\u00edses que cubrimos, mas all\u00e1 de las reservas de hoteles y tours. Notamos que nuestras tierras tienen muchos rincones ocultos, muchos momentos \u00fanicos, muchos misterios y muchas historias.\" \/>\n<meta property=\"og:url\" content=\"https:\/\/www.creative.travel\/es\/\" \/>\n<meta property=\"og:site_name\" content=\"Creative Travel I A family story since 1977\" \/>\n<meta property=\"article:modified_time\" content=\"2018-05-17T16:49:36+00:00\" \/>\n<meta property=\"og:image\" content=\"http:\/\/www.creative.travel\/wp-content\/uploads\/2017\/06\/CT-40-year-logo.png\" \/>\n<meta name=\"twitter:card\" content=\"summary_large_image\" \/>\n<script type=\"application\/ld+json\" class=\"yoast-schema-graph\">{\"@context\":\"https:\/\/schema.org\",\"@graph\":[{\"@type\":\"WebPage\",\"@id\":\"https:\/\/www.creative.travel\/es\/\",\"url\":\"https:\/\/www.creative.travel\/es\/\",\"name\":\"Home - Creative Travel I A family story since 1977\",\"isPartOf\":{\"@id\":\"https:\/\/www.creative.travel\/es\/#website\"},\"primaryImageOfPage\":{\"@id\":\"https:\/\/www.creative.travel\/es\/#primaryimage\"},\"image\":{\"@id\":\"https:\/\/www.creative.travel\/es\/#primaryimage\"},\"thumbnailUrl\":\"http:\/\/www.creative.travel\/wp-content\/uploads\/2017\/06\/CT-40-year-logo.png\",\"datePublished\":\"2017-05-30T12:51:08+00:00\",\"dateModified\":\"2018-05-17T16:49:36+00:00\",\"breadcrumb\":{\"@id\":\"https:\/\/www.creative.travel\/es\/#breadcrumb\"},\"inLanguage\":\"es\",\"potentialAction\":[{\"@type\":\"ReadAction\",\"target\":[\"https:\/\/www.creative.travel\/es\/\"]}]},{\"@type\":\"ImageObject\",\"inLanguage\":\"es\",\"@id\":\"https:\/\/www.creative.travel\/es\/#primaryimage\",\"url\":\"http:\/\/www.creative.travel\/wp-content\/uploads\/2017\/06\/CT-40-year-logo.png\",\"contentUrl\":\"http:\/\/www.creative.travel\/wp-content\/uploads\/2017\/06\/CT-40-year-logo.png\"},{\"@type\":\"BreadcrumbList\",\"@id\":\"https:\/\/www.creative.travel\/es\/#breadcrumb\",\"itemListElement\":[{\"@type\":\"ListItem\",\"position\":1,\"name\":\"Home\",\"item\":\"https:\/\/www.creative.travel\/es\/\"},{\"@type\":\"ListItem\",\"position\":2,\"name\":\"Home\"}]},{\"@type\":\"WebSite\",\"@id\":\"https:\/\/www.creative.travel\/es\/#website\",\"url\":\"https:\/\/www.creative.travel\/es\/\",\"name\":\"Creative Travel I A family story since 1977\",\"description\":\"\",\"potentialAction\":[{\"@type\":\"SearchAction\",\"target\":{\"@type\":\"EntryPoint\",\"urlTemplate\":\"https:\/\/www.creative.travel\/es\/?s={search_term_string}\"},\"query-input\":{\"@type\":\"PropertyValueSpecification\",\"valueRequired\":true,\"valueName\":\"search_term_string\"}}],\"inLanguage\":\"es\"}]}<\/script>\n<!-- \/ Yoast SEO plugin. -->","yoast_head_json":{"title":"Home - Creative Travel I A family story since 1977","robots":{"index":"index","follow":"follow","max-snippet":"max-snippet:-1","max-image-preview":"max-image-preview:large","max-video-preview":"max-video-preview:-1"},"canonical":"https:\/\/www.creative.travel\/es\/","og_locale":"es_ES","og_type":"article","og_title":"Home - Creative Travel I A family story since 1977","og_description":"BIENVENIDOS A UN MUNDO CREATIVO Hace muchos a\u00f1os, mientras crec\u00edamos como empresa, nos dimos cuenta que nos encantaba mostrar experiencias atractivas y \u00fanicas en los pa\u00edses que cubrimos, mas all\u00e1 de las reservas de hoteles y tours. Notamos que nuestras tierras tienen muchos rincones ocultos, muchos momentos \u00fanicos, muchos misterios y muchas historias.","og_url":"https:\/\/www.creative.travel\/es\/","og_site_name":"Creative Travel I A family story since 1977","article_modified_time":"2018-05-17T16:49:36+00:00","og_image":[{"url":"http:\/\/www.creative.travel\/wp-content\/uploads\/2017\/06\/CT-40-year-logo.png","type":"","width":"","height":""}],"twitter_card":"summary_large_image","schema":{"@context":"https:\/\/schema.org","@graph":[{"@type":"WebPage","@id":"https:\/\/www.creative.travel\/es\/","url":"https:\/\/www.creative.travel\/es\/","name":"Home - Creative Travel I A family story since 1977","isPartOf":{"@id":"https:\/\/www.creative.travel\/es\/#website"},"primaryImageOfPage":{"@id":"https:\/\/www.creative.travel\/es\/#primaryimage"},"image":{"@id":"https:\/\/www.creative.travel\/es\/#primaryimage"},"thumbnailUrl":"http:\/\/www.creative.travel\/wp-content\/uploads\/2017\/06\/CT-40-year-logo.png","datePublished":"2017-05-30T12:51:08+00:00","dateModified":"2018-05-17T16:49:36+00:00","breadcrumb":{"@id":"https:\/\/www.creative.travel\/es\/#breadcrumb"},"inLanguage":"es","potentialAction":[{"@type":"ReadAction","target":["https:\/\/www.creative.travel\/es\/"]}]},{"@type":"ImageObject","inLanguage":"es","@id":"https:\/\/www.creative.travel\/es\/#primaryimage","url":"http:\/\/www.creative.travel\/wp-content\/uploads\/2017\/06\/CT-40-year-logo.png","contentUrl":"http:\/\/www.creative.travel\/wp-content\/uploads\/2017\/06\/CT-40-year-logo.png"},{"@type":"BreadcrumbList","@id":"https:\/\/www.creative.travel\/es\/#breadcrumb","itemListElement":[{"@type":"ListItem","position":1,"name":"Home","item":"https:\/\/www.creative.travel\/es\/"},{"@type":"ListItem","position":2,"name":"Home"}]},{"@type":"WebSite","@id":"https:\/\/www.creative.travel\/es\/#website","url":"https:\/\/www.creative.travel\/es\/","name":"Creative Travel I A family story since 1977","description":"","potentialAction":[{"@type":"SearchAction","target":{"@type":"EntryPoint","urlTemplate":"https:\/\/www.creative.travel\/es\/?s={search_term_string}"},"query-input":{"@type":"PropertyValueSpecification","valueRequired":true,"valueName":"search_term_string"}}],"inLanguage":"es"}]}},"_links":{"self":[{"href":"https:\/\/www.creative.travel\/es\/wp-json\/wp\/v2\/pages\/1238","targetHints":{"allow":["GET"]}}],"collection":[{"href":"https:\/\/www.creative.travel\/es\/wp-json\/wp\/v2\/pages"}],"about":[{"href":"https:\/\/www.creative.travel\/es\/wp-json\/wp\/v2\/types\/page"}],"author":[{"embeddable":true,"href":"https:\/\/www.creative.travel\/es\/wp-json\/wp\/v2\/users\/3"}],"replies":[{"embeddable":true,"href":"https:\/\/www.creative.travel\/es\/wp-json\/wp\/v2\/comments?post=1238"}],"version-history":[{"count":5,"href":"https:\/\/www.creative.travel\/es\/wp-json\/wp\/v2\/pages\/1238\/revisions"}],"predecessor-version":[{"id":1838,"href":"https:\/\/www.creative.travel\/es\/wp-json\/wp\/v2\/pages\/1238\/revisions\/1838"}],"wp:attachment":[{"href":"https:\/\/www.creative.travel\/es\/wp-json\/wp\/v2\/media?parent=1238"}],"curies":[{"name":"wp","href":"https:\/\/api.w.org\/{rel}","templated":true}]}}