{"id":1237,"date":"2017-06-07T10:19:59","date_gmt":"2017-06-07T10:19:59","guid":{"rendered":"http:\/\/www.creative.travel\/bhutan\/"},"modified":"2018-05-16T14:05:55","modified_gmt":"2018-05-16T14:05:55","slug":"bhutan","status":"publish","type":"page","link":"https:\/\/www.creative.travel\/es\/our-world\/bhutan\/","title":{"rendered":"BHUTAN"},"content":{"rendered":"<p>En el viaje de Katmand\u00fa a But\u00e1n, volamos sobre varias de las monta\u00f1as m\u00e1s altas del mundo, incluyendo el Everest, que vi por la ventana del avi\u00f3n. Fue un momento emocionante, y me hizo sentir que estaba viajando a Shangri-la, la m\u00edtica utop\u00eda del Himalaya. Ese sentimiento nunca me abandon\u00f3. El Reino de But\u00e1n est\u00e1 escondido en el coraz\u00f3n del Himalaya entre la India y el T\u00edbet, rodeado de picos nevados y atravesado por valles exuberantes. Estando all\u00ed, tuve la sensaci\u00f3n de estar un mundo diferente del ajetreo de la vida moderna. But\u00e1n ofrece a los viajeros una rara oportunidad para descubrir la riqueza de la naturaleza y la sencillez de la vida entre gente c\u00e1lida y amable. Y no es por accidente, sino por dise\u00f1o. But\u00e1n trabaja duro para preservar la ecolog\u00eda pr\u00edstina del pa\u00eds, la riqueza incre\u00edble de la vida silvestre y la cultura \u00fanica. Es el \u00faltimo estado budista Mahayana que queda, y un sentimiento de reverencia llena el aire.<\/p>\n","protected":false},"excerpt":{"rendered":"<p>En el viaje de Katmand\u00fa a But\u00e1n, volamos sobre varias de las monta\u00f1as m\u00e1s altas del mundo, incluyendo el Everest, que vi por la ventana del avi\u00f3n. Fue un momento emocionante, y me hizo sentir que estaba viajando a Shangri-la, la m\u00edtica utop\u00eda del Himalaya. Ese sentimiento nunca me abandon\u00f3. El Reino de But\u00e1n est\u00e1 &hellip; <a href=\"https:\/\/www.creative.travel\/es\/our-world\/bhutan\/\" class=\"more-link\">Seguir leyendo <span class=\"screen-reader-text\">BHUTAN<\/span> <span class=\"meta-nav\">&rarr;<\/span><\/a><\/p>\n","protected":false},"author":3,"featured_media":0,"parent":1254,"menu_order":65,"comment_status":"closed","ping_status":"closed","template":"our-world-page-tem.php","meta":{"_acf_changed":false,"footnotes":""},"class_list":["post-1237","page","type-page","status-publish","hentry"],"acf":[],"yoast_head":"<!-- This site is optimized with the Yoast SEO plugin v25.5 - https:\/\/yoast.com\/wordpress\/plugins\/seo\/ -->\n<title>BHUTAN - Creative Travel I A family story since 1977<\/title>\n<meta name=\"robots\" content=\"index, follow, max-snippet:-1, max-image-preview:large, max-video-preview:-1\" \/>\n<link rel=\"canonical\" href=\"https:\/\/www.creative.travel\/our-world\/bhutan\/\" \/>\n<meta property=\"og:locale\" content=\"es_ES\" \/>\n<meta property=\"og:type\" content=\"article\" \/>\n<meta property=\"og:title\" content=\"BHUTAN - Creative Travel I A family story since 1977\" \/>\n<meta property=\"og:description\" content=\"En el viaje de Katmand\u00fa a But\u00e1n, volamos sobre varias de las monta\u00f1as m\u00e1s altas del mundo, incluyendo el Everest, que vi por la ventana del avi\u00f3n. Fue un momento emocionante, y me hizo sentir que estaba viajando a Shangri-la, la m\u00edtica utop\u00eda del Himalaya. Ese sentimiento nunca me abandon\u00f3. El Reino de But\u00e1n est\u00e1 &hellip; Seguir leyendo BHUTAN &rarr;\" \/>\n<meta property=\"og:url\" content=\"https:\/\/www.creative.travel\/our-world\/bhutan\/\" \/>\n<meta property=\"og:site_name\" content=\"Creative Travel I A family story since 1977\" \/>\n<meta property=\"article:modified_time\" content=\"2018-05-16T14:05:55+00:00\" \/>\n<meta name=\"twitter:card\" content=\"summary_large_image\" \/>\n<meta name=\"twitter:label1\" content=\"Tiempo de lectura\" \/>\n\t<meta name=\"twitter:data1\" content=\"1 minuto\" \/>\n<script type=\"application\/ld+json\" class=\"yoast-schema-graph\">{\"@context\":\"https:\/\/schema.org\",\"@graph\":[{\"@type\":\"WebPage\",\"@id\":\"https:\/\/www.creative.travel\/our-world\/bhutan\/\",\"url\":\"https:\/\/www.creative.travel\/our-world\/bhutan\/\",\"name\":\"BHUTAN - Creative Travel I A family story since 1977\",\"isPartOf\":{\"@id\":\"https:\/\/www.creative.travel\/es\/#website\"},\"datePublished\":\"2017-06-07T10:19:59+00:00\",\"dateModified\":\"2018-05-16T14:05:55+00:00\",\"breadcrumb\":{\"@id\":\"https:\/\/www.creative.travel\/our-world\/bhutan\/#breadcrumb\"},\"inLanguage\":\"es\",\"potentialAction\":[{\"@type\":\"ReadAction\",\"target\":[\"https:\/\/www.creative.travel\/our-world\/bhutan\/\"]}]},{\"@type\":\"BreadcrumbList\",\"@id\":\"https:\/\/www.creative.travel\/our-world\/bhutan\/#breadcrumb\",\"itemListElement\":[{\"@type\":\"ListItem\",\"position\":1,\"name\":\"Home\",\"item\":\"https:\/\/www.creative.travel\/es\/\"},{\"@type\":\"ListItem\",\"position\":2,\"name\":\"NUESTRO MUNDO\",\"item\":\"https:\/\/www.creative.travel\/our-world\/\"},{\"@type\":\"ListItem\",\"position\":3,\"name\":\"BHUTAN\"}]},{\"@type\":\"WebSite\",\"@id\":\"https:\/\/www.creative.travel\/es\/#website\",\"url\":\"https:\/\/www.creative.travel\/es\/\",\"name\":\"Creative Travel I A family story since 1977\",\"description\":\"\",\"potentialAction\":[{\"@type\":\"SearchAction\",\"target\":{\"@type\":\"EntryPoint\",\"urlTemplate\":\"https:\/\/www.creative.travel\/es\/?s={search_term_string}\"},\"query-input\":{\"@type\":\"PropertyValueSpecification\",\"valueRequired\":true,\"valueName\":\"search_term_string\"}}],\"inLanguage\":\"es\"}]}<\/script>\n<!-- \/ Yoast SEO plugin. -->","yoast_head_json":{"title":"BHUTAN - Creative Travel I A family story since 1977","robots":{"index":"index","follow":"follow","max-snippet":"max-snippet:-1","max-image-preview":"max-image-preview:large","max-video-preview":"max-video-preview:-1"},"canonical":"https:\/\/www.creative.travel\/our-world\/bhutan\/","og_locale":"es_ES","og_type":"article","og_title":"BHUTAN - Creative Travel I A family story since 1977","og_description":"En el viaje de Katmand\u00fa a But\u00e1n, volamos sobre varias de las monta\u00f1as m\u00e1s altas del mundo, incluyendo el Everest, que vi por la ventana del avi\u00f3n. Fue un momento emocionante, y me hizo sentir que estaba viajando a Shangri-la, la m\u00edtica utop\u00eda del Himalaya. Ese sentimiento nunca me abandon\u00f3. El Reino de But\u00e1n est\u00e1 &hellip; Seguir leyendo BHUTAN &rarr;","og_url":"https:\/\/www.creative.travel\/our-world\/bhutan\/","og_site_name":"Creative Travel I A family story since 1977","article_modified_time":"2018-05-16T14:05:55+00:00","twitter_card":"summary_large_image","twitter_misc":{"Tiempo de lectura":"1 minuto"},"schema":{"@context":"https:\/\/schema.org","@graph":[{"@type":"WebPage","@id":"https:\/\/www.creative.travel\/our-world\/bhutan\/","url":"https:\/\/www.creative.travel\/our-world\/bhutan\/","name":"BHUTAN - Creative Travel I A family story since 1977","isPartOf":{"@id":"https:\/\/www.creative.travel\/es\/#website"},"datePublished":"2017-06-07T10:19:59+00:00","dateModified":"2018-05-16T14:05:55+00:00","breadcrumb":{"@id":"https:\/\/www.creative.travel\/our-world\/bhutan\/#breadcrumb"},"inLanguage":"es","potentialAction":[{"@type":"ReadAction","target":["https:\/\/www.creative.travel\/our-world\/bhutan\/"]}]},{"@type":"BreadcrumbList","@id":"https:\/\/www.creative.travel\/our-world\/bhutan\/#breadcrumb","itemListElement":[{"@type":"ListItem","position":1,"name":"Home","item":"https:\/\/www.creative.travel\/es\/"},{"@type":"ListItem","position":2,"name":"NUESTRO MUNDO","item":"https:\/\/www.creative.travel\/our-world\/"},{"@type":"ListItem","position":3,"name":"BHUTAN"}]},{"@type":"WebSite","@id":"https:\/\/www.creative.travel\/es\/#website","url":"https:\/\/www.creative.travel\/es\/","name":"Creative Travel I A family story since 1977","description":"","potentialAction":[{"@type":"SearchAction","target":{"@type":"EntryPoint","urlTemplate":"https:\/\/www.creative.travel\/es\/?s={search_term_string}"},"query-input":{"@type":"PropertyValueSpecification","valueRequired":true,"valueName":"search_term_string"}}],"inLanguage":"es"}]}},"_links":{"self":[{"href":"https:\/\/www.creative.travel\/es\/wp-json\/wp\/v2\/pages\/1237","targetHints":{"allow":["GET"]}}],"collection":[{"href":"https:\/\/www.creative.travel\/es\/wp-json\/wp\/v2\/pages"}],"about":[{"href":"https:\/\/www.creative.travel\/es\/wp-json\/wp\/v2\/types\/page"}],"author":[{"embeddable":true,"href":"https:\/\/www.creative.travel\/es\/wp-json\/wp\/v2\/users\/3"}],"replies":[{"embeddable":true,"href":"https:\/\/www.creative.travel\/es\/wp-json\/wp\/v2\/comments?post=1237"}],"version-history":[{"count":2,"href":"https:\/\/www.creative.travel\/es\/wp-json\/wp\/v2\/pages\/1237\/revisions"}],"predecessor-version":[{"id":1286,"href":"https:\/\/www.creative.travel\/es\/wp-json\/wp\/v2\/pages\/1237\/revisions\/1286"}],"up":[{"embeddable":true,"href":"https:\/\/www.creative.travel\/es\/wp-json\/wp\/v2\/pages\/1254"}],"wp:attachment":[{"href":"https:\/\/www.creative.travel\/es\/wp-json\/wp\/v2\/media?parent=1237"}],"curies":[{"name":"wp","href":"https:\/\/api.w.org\/{rel}","templated":true}]}}